{"id":1023,"date":"2026-02-03T09:13:41","date_gmt":"2026-02-03T08:13:41","guid":{"rendered":"https:\/\/wwsu.de\/?page_id=1023"},"modified":"2026-02-03T09:59:21","modified_gmt":"2026-02-03T08:59:21","slug":"mitgliedsbeitraege","status":"publish","type":"page","link":"https:\/\/warendorfer-su.de\/index.php\/verein\/mitgliedsbeitraege\/","title":{"rendered":"Mitgliedsbeitr\u00e4ge"},"content":{"rendered":"\n<p><strong><strong>Die Beitragsordnung k\u00f6nnen Sie hier einsehen:<\/strong><\/strong><\/p>\n\n\n\n<p><a href=\"https:\/\/wwsu.de\/wp-content\/uploads\/2026\/02\/WSU-BEITRAGSORDNUNG-ab-01.10.2023.pdf\">Beitragsordnung<\/a><\/p>\n\n\n\n<figure class=\"wp-block-table\"><table class=\"has-fixed-layout\"><tbody><tr><td class=\"has-text-align-left\" data-align=\"left\"><strong>Beitr\u00e4ge f\u00fcr Erwachsene<\/strong><\/td><td class=\"has-text-align-right\" data-align=\"right\">&nbsp;<\/td><\/tr><tr><td class=\"has-text-align-left\" data-align=\"left\">Erwachsene 18 &#8211; 64 Jahre<\/td><td class=\"has-text-align-right\" data-align=\"right\">16,00 Euro \/ Monat<\/td><\/tr><tr><td class=\"has-text-align-left\" data-align=\"left\"><br><strong>Beitr\u00e4ge f\u00fcr Kinder und Familien<\/strong><\/td><td class=\"has-text-align-right\" data-align=\"right\">&nbsp;<\/td><\/tr><tr><td class=\"has-text-align-left\" data-align=\"left\">Kinder, Sch\u00fcler, Jugendliche bis 18 Jahre<\/td><td class=\"has-text-align-right\" data-align=\"right\">11,00 Euro \/ Monat<\/td><\/tr><tr><td class=\"has-text-align-left\" data-align=\"left\">Familien<\/td><td class=\"has-text-align-right\" data-align=\"right\">36,00 Euro \/ Monat<\/td><\/tr><tr><td class=\"has-text-align-left\" data-align=\"left\"><br><strong>Beitr\u00e4ge f\u00fcr Senioren<\/strong><\/td><td class=\"has-text-align-right\" data-align=\"right\">&nbsp;<\/td><\/tr><tr><td class=\"has-text-align-left\" data-align=\"left\">Senioren 65-69 Jahre<\/td><td class=\"has-text-align-right\" data-align=\"right\">11,00 Euro \/ Monat<\/td><\/tr><tr><td class=\"has-text-align-left\" data-align=\"left\">Senioren 70-79 Jahre<\/td><td class=\"has-text-align-right\" data-align=\"right\">11,00 Euro \/ Monat<\/td><\/tr><tr><td class=\"has-text-align-left\" data-align=\"left\">Senioren ab 80 Jahre<\/td><td class=\"has-text-align-right\" data-align=\"right\">5,00 Euro \/ Monat<\/td><\/tr><\/tbody><\/table><\/figure>\n","protected":false},"excerpt":{"rendered":"<p>Die Beitragsordnung k\u00f6nnen Sie hier einsehen: Beitragsordnung Beitr\u00e4ge f\u00fcr Erwachsene &nbsp; Erwachsene 18 &#8211; 64 Jahre 16,00 Euro \/ Monat Beitr\u00e4ge f\u00fcr Kinder und Familien &nbsp; Kinder, Sch\u00fcler, Jugendliche bis 18 Jahre 11,00 Euro \/ Monat Familien 36,00 Euro \/ &hellip; <a href=\"https:\/\/warendorfer-su.de\/index.php\/verein\/mitgliedsbeitraege\/\">Weiterlesen <span class=\"meta-nav\">&rarr;<\/span><\/a><\/p>\n","protected":false},"author":4,"featured_media":0,"parent":273,"menu_order":3,"comment_status":"closed","ping_status":"closed","template":"","meta":{"ngg_post_thumbnail":0,"footnotes":""},"class_list":["post-1023","page","type-page","status-publish","hentry"],"_links":{"self":[{"href":"https:\/\/warendorfer-su.de\/index.php\/wp-json\/wp\/v2\/pages\/1023","targetHints":{"allow":["GET"]}}],"collection":[{"href":"https:\/\/warendorfer-su.de\/index.php\/wp-json\/wp\/v2\/pages"}],"about":[{"href":"https:\/\/warendorfer-su.de\/index.php\/wp-json\/wp\/v2\/types\/page"}],"author":[{"embeddable":true,"href":"https:\/\/warendorfer-su.de\/index.php\/wp-json\/wp\/v2\/users\/4"}],"replies":[{"embeddable":true,"href":"https:\/\/warendorfer-su.de\/index.php\/wp-json\/wp\/v2\/comments?post=1023"}],"version-history":[{"count":6,"href":"https:\/\/warendorfer-su.de\/index.php\/wp-json\/wp\/v2\/pages\/1023\/revisions"}],"predecessor-version":[{"id":1048,"href":"https:\/\/warendorfer-su.de\/index.php\/wp-json\/wp\/v2\/pages\/1023\/revisions\/1048"}],"up":[{"embeddable":true,"href":"https:\/\/warendorfer-su.de\/index.php\/wp-json\/wp\/v2\/pages\/273"}],"wp:attachment":[{"href":"https:\/\/warendorfer-su.de\/index.php\/wp-json\/wp\/v2\/media?parent=1023"}],"curies":[{"name":"wp","href":"https:\/\/api.w.org\/{rel}","templated":true}]}}