{"id":1037,"date":"2026-02-03T09:48:10","date_gmt":"2026-02-03T08:48:10","guid":{"rendered":"https:\/\/wwsu.de\/?page_id=1037"},"modified":"2026-02-23T14:39:05","modified_gmt":"2026-02-23T13:39:05","slug":"sportlerheim","status":"publish","type":"page","link":"https:\/\/warendorfer-su.de\/index.php\/verein\/sportlerheim\/","title":{"rendered":"Sportlerheim"},"content":{"rendered":"\n<p>Von-Ketteler-Str. 30 (Sportzentrum gegen\u00fcber vom Hallenbad)<\/p>\n\n\n\n<p>Das Sportlerheim kann f\u00fcr Veranstaltungen gemietet werden.<br><strong>Vereinsinterne Veranstaltungen haben dabei Vorrang vor privaten Veranstaltungen.<\/strong><\/p>\n\n\n\n<p>Achtung:&nbsp;Geburtstagsfeiern sind grunds\u00e4tzlich erst ab dem 25. Geburtstag m\u00f6glich (sowohl vereinsintern als auch privat)!<\/p>\n\n\n\n<p><strong>Gr\u00f6\u00dfe\/Personenanzahl:<\/strong><br>Feiern mit bis zu 40 Personen sind m\u00f6glich. Dar\u00fcber hinaus gibt es die M\u00f6glichkeit, auf der Terrasse ein Zelt anzubauen. Dann kann auch eine Feier f\u00fcr bis zu 70 Personen ausgerichtet werden. Die Anmietung des Zeltes liegt in der Verantwortung des Mieters.<br><br><strong>Hinweis WC-Anlage:<br><\/strong>Es handelt sich um eine \u00f6ffentliche WC-Anlage, bei der am Wochenende keine Reinigung stattfindet und die tags\u00fcber durch Externe genutzt wird.Eine Garantie f\u00fcr die Sauberkeit kann daher nicht \u00fcbernommen werden.<\/p>\n\n\n\n<p><strong>Mietkosten:<\/strong><br>F\u00fcr Abteilungszwecke\u00a0<strong>kostenlos<\/strong>.<\/p>\n\n\n\n<p>F\u00fcr&nbsp;<strong>Vereinsmitglieder<\/strong>&nbsp;zur privaten Nutzung&nbsp;<strong>245 Euro<\/strong>&nbsp;pro Veranstaltung (inkl. Reinigung, das Sportlerheim muss jedoch &#8222;besenrein&#8220; hinterlassen werden).<br><br>Zur&nbsp;<strong>privaten Nutzung<\/strong>&nbsp;(ohne Vereinsmitgliedschaft)&nbsp;<strong>350 Euro<\/strong>&nbsp;pro Veranstaltung (inkl. Reinigung, das Sportlerheim muss jedoch &#8222;besenrein&#8220; hinterlassen werden).<br><br>Die Mietkosten sind im Voraus zu entrichten.<br><strong>Bei privater Nutzung muss bei Schl\u00fcsselabholung zus\u00e4tzlich eine Kaution von 100 Euro in bar hinterlegt werden.<\/strong><\/p>\n\n\n\n<p>Weitere Informationen entnehmen Sie bitte unserer&nbsp;<a href=\"https:\/\/web.archive.org\/web\/20250418073245\/https:\/\/www.warendorfer-su.de\/images\/Hausordnung_ab_2025_BLANKO_HOMEPAGE.pdf\">Hausordnung<\/a>&nbsp;f\u00fcr das Sportlerheim.<\/p>\n\n\n\n<p>Zur Terminabsprache nehmen Sie bitte Kontakt zur WSU Gesch\u00e4fststelle auf, unter<br><strong>Telefon : 02581-61977<\/strong>&nbsp;oder schreiben Sie eine Email an&nbsp;<strong><a href=\"mailto:info@warendorfer-su.de\">info@warendorfer-su.de<\/a><\/strong>.<br><br><strong>Wir reservieren Ihnen gerne Ihren angefragten Termin unverbindlich 14 Tage lang.<br>Ohne g\u00fcltigen Mietvertrag erlischt die Reservierung automatisch nach 14 Tagen.<\/strong><\/p>\n\n\n\n<p><strong>Impressionen aus dem Sportlerheim:<\/strong><\/p>\n\n\n\n<figure class=\"wp-block-image size-large\"><img loading=\"lazy\" decoding=\"async\" width=\"1024\" height=\"768\" src=\"https:\/\/wwsu.de\/wp-content\/uploads\/2026\/02\/grafik-1024x768.png\" alt=\"\" class=\"wp-image-1039\" srcset=\"https:\/\/warendorfer-su.de\/wp-content\/uploads\/2026\/02\/grafik-1024x768.png 1024w, https:\/\/warendorfer-su.de\/wp-content\/uploads\/2026\/02\/grafik-300x225.png 300w, https:\/\/warendorfer-su.de\/wp-content\/uploads\/2026\/02\/grafik-768x576.png 768w, https:\/\/warendorfer-su.de\/wp-content\/uploads\/2026\/02\/grafik-1536x1153.png 1536w, https:\/\/warendorfer-su.de\/wp-content\/uploads\/2026\/02\/grafik-400x300.png 400w, https:\/\/warendorfer-su.de\/wp-content\/uploads\/2026\/02\/grafik.png 1599w\" sizes=\"auto, (max-width: 1024px) 100vw, 1024px\" \/><\/figure>\n\n\n\n<figure class=\"wp-block-image size-large\"><img loading=\"lazy\" decoding=\"async\" width=\"768\" height=\"1024\" src=\"https:\/\/wwsu.de\/wp-content\/uploads\/2026\/02\/grafik-1-768x1024.png\" alt=\"\" class=\"wp-image-1040\" srcset=\"https:\/\/warendorfer-su.de\/wp-content\/uploads\/2026\/02\/grafik-1-768x1023.png 768w, https:\/\/warendorfer-su.de\/wp-content\/uploads\/2026\/02\/grafik-1-225x300.png 225w, https:\/\/warendorfer-su.de\/wp-content\/uploads\/2026\/02\/grafik-1-1153x1536.png 1153w, https:\/\/warendorfer-su.de\/wp-content\/uploads\/2026\/02\/grafik-1.png 1200w\" sizes=\"auto, (max-width: 768px) 100vw, 768px\" \/><\/figure>\n\n\n\n<p><\/p>\n","protected":false},"excerpt":{"rendered":"<p>Von-Ketteler-Str. 30 (Sportzentrum gegen\u00fcber vom Hallenbad) Das Sportlerheim kann f\u00fcr Veranstaltungen gemietet werden.Vereinsinterne Veranstaltungen haben dabei Vorrang vor privaten Veranstaltungen. Achtung:&nbsp;Geburtstagsfeiern sind grunds\u00e4tzlich erst ab dem 25. Geburtstag m\u00f6glich (sowohl vereinsintern als auch privat)! Gr\u00f6\u00dfe\/Personenanzahl:Feiern mit bis zu 40 Personen &hellip; <a href=\"https:\/\/warendorfer-su.de\/index.php\/verein\/sportlerheim\/\">Weiterlesen <span class=\"meta-nav\">&rarr;<\/span><\/a><\/p>\n","protected":false},"author":4,"featured_media":0,"parent":273,"menu_order":6,"comment_status":"closed","ping_status":"closed","template":"","meta":{"ngg_post_thumbnail":0,"footnotes":""},"class_list":["post-1037","page","type-page","status-publish","hentry"],"_links":{"self":[{"href":"https:\/\/warendorfer-su.de\/index.php\/wp-json\/wp\/v2\/pages\/1037","targetHints":{"allow":["GET"]}}],"collection":[{"href":"https:\/\/warendorfer-su.de\/index.php\/wp-json\/wp\/v2\/pages"}],"about":[{"href":"https:\/\/warendorfer-su.de\/index.php\/wp-json\/wp\/v2\/types\/page"}],"author":[{"embeddable":true,"href":"https:\/\/warendorfer-su.de\/index.php\/wp-json\/wp\/v2\/users\/4"}],"replies":[{"embeddable":true,"href":"https:\/\/warendorfer-su.de\/index.php\/wp-json\/wp\/v2\/comments?post=1037"}],"version-history":[{"count":5,"href":"https:\/\/warendorfer-su.de\/index.php\/wp-json\/wp\/v2\/pages\/1037\/revisions"}],"predecessor-version":[{"id":1152,"href":"https:\/\/warendorfer-su.de\/index.php\/wp-json\/wp\/v2\/pages\/1037\/revisions\/1152"}],"up":[{"embeddable":true,"href":"https:\/\/warendorfer-su.de\/index.php\/wp-json\/wp\/v2\/pages\/273"}],"wp:attachment":[{"href":"https:\/\/warendorfer-su.de\/index.php\/wp-json\/wp\/v2\/media?parent=1037"}],"curies":[{"name":"wp","href":"https:\/\/api.w.org\/{rel}","templated":true}]}}