{"id":1051,"date":"2026-02-03T10:21:14","date_gmt":"2026-02-03T09:21:14","guid":{"rendered":"https:\/\/wwsu.de\/?page_id=1051"},"modified":"2026-02-03T10:22:48","modified_gmt":"2026-02-03T09:22:48","slug":"bungee-run-vermietung","status":"publish","type":"page","link":"https:\/\/warendorfer-su.de\/index.php\/verein\/bungee-run-vermietung\/","title":{"rendered":"Bungee-Run Vermietung"},"content":{"rendered":"\n<p>Vereine und Menschen mit Spa\u00df an Bewegung aufgepasst: Ab sofort k\u00f6nnt ihr unser Bungee-Run ausleihen..<\/p>\n\n\n\n<h4 class=\"wp-block-heading\">Bungee was?<\/h4>\n\n\n\n<p>Bungee Run ist ein Spielger\u00e4t, bei dem die Teilnehmer mit einem H\u00fcftgurt an Gummiseilen befestigt werden und mit dieser Befestigung versuchen, weiter zu laufen als der Mitspieler. Dieses spa\u00df-, aber auch schwei\u00dftreibende Spielger\u00e4t wird wie bei H\u00fcpfburgen mit einem Dauer-Luftgebl\u00e4se betrieben.&nbsp;<\/p>\n\n\n\n<p>Ihr wollt das WSU-Bungee Run f\u00fcr Euer Sport-Fest oder Eure private Veranstaltung ausleihen? Anbei findet Ihr weitere Informationen zu unseren Miet-Modalit\u00e4ten (Preise, Miet-Laufzeiten, Verantwortungsbereiche u. v. m.).<\/p>\n\n\n\n<p><a href=\"https:\/\/wwsu.de\/wp-content\/uploads\/2026\/02\/WSU-Vertrag-zur-Ueberlassung-des-Bungee-RUN-MUSTER.pdf\" data-type=\"attachment\" data-id=\"1056\">Weitere Infos<\/a><\/p>\n\n\n\n<figure class=\"wp-block-image size-large\"><img loading=\"lazy\" decoding=\"async\" width=\"1024\" height=\"768\" src=\"https:\/\/wwsu.de\/wp-content\/uploads\/2026\/02\/IMG-20200308-WA0007-1024x768.jpg\" alt=\"\" class=\"wp-image-1058\" srcset=\"https:\/\/warendorfer-su.de\/wp-content\/uploads\/2026\/02\/IMG-20200308-WA0007-1024x768.jpg 1024w, https:\/\/warendorfer-su.de\/wp-content\/uploads\/2026\/02\/IMG-20200308-WA0007-300x225.jpg 300w, https:\/\/warendorfer-su.de\/wp-content\/uploads\/2026\/02\/IMG-20200308-WA0007-768x576.jpg 768w, https:\/\/warendorfer-su.de\/wp-content\/uploads\/2026\/02\/IMG-20200308-WA0007-1536x1152.jpg 1536w, https:\/\/warendorfer-su.de\/wp-content\/uploads\/2026\/02\/IMG-20200308-WA0007-400x300.jpg 400w, https:\/\/warendorfer-su.de\/wp-content\/uploads\/2026\/02\/IMG-20200308-WA0007.jpg 1600w\" sizes=\"auto, (max-width: 1024px) 100vw, 1024px\" \/><\/figure>\n\n\n\n<figure class=\"wp-block-image size-large\"><img loading=\"lazy\" decoding=\"async\" width=\"1024\" height=\"768\" src=\"https:\/\/wwsu.de\/wp-content\/uploads\/2026\/02\/IMG-20200308-WA0009-1024x768.jpg\" alt=\"\" class=\"wp-image-1059\" srcset=\"https:\/\/warendorfer-su.de\/wp-content\/uploads\/2026\/02\/IMG-20200308-WA0009-1024x768.jpg 1024w, https:\/\/warendorfer-su.de\/wp-content\/uploads\/2026\/02\/IMG-20200308-WA0009-300x225.jpg 300w, https:\/\/warendorfer-su.de\/wp-content\/uploads\/2026\/02\/IMG-20200308-WA0009-768x576.jpg 768w, https:\/\/warendorfer-su.de\/wp-content\/uploads\/2026\/02\/IMG-20200308-WA0009-1536x1153.jpg 1536w, https:\/\/warendorfer-su.de\/wp-content\/uploads\/2026\/02\/IMG-20200308-WA0009-400x300.jpg 400w, https:\/\/warendorfer-su.de\/wp-content\/uploads\/2026\/02\/IMG-20200308-WA0009.jpg 1599w\" sizes=\"auto, (max-width: 1024px) 100vw, 1024px\" \/><\/figure>\n\n\n\n<figure class=\"wp-block-image size-large\"><img loading=\"lazy\" decoding=\"async\" width=\"1024\" height=\"768\" src=\"https:\/\/wwsu.de\/wp-content\/uploads\/2026\/02\/IMG-20200308-WA0005-1024x768.jpg\" alt=\"\" class=\"wp-image-1060\" srcset=\"https:\/\/warendorfer-su.de\/wp-content\/uploads\/2026\/02\/IMG-20200308-WA0005-1024x768.jpg 1024w, https:\/\/warendorfer-su.de\/wp-content\/uploads\/2026\/02\/IMG-20200308-WA0005-300x225.jpg 300w, https:\/\/warendorfer-su.de\/wp-content\/uploads\/2026\/02\/IMG-20200308-WA0005-768x576.jpg 768w, https:\/\/warendorfer-su.de\/wp-content\/uploads\/2026\/02\/IMG-20200308-WA0005-1536x1152.jpg 1536w, https:\/\/warendorfer-su.de\/wp-content\/uploads\/2026\/02\/IMG-20200308-WA0005-400x300.jpg 400w, https:\/\/warendorfer-su.de\/wp-content\/uploads\/2026\/02\/IMG-20200308-WA0005.jpg 1600w\" sizes=\"auto, (max-width: 1024px) 100vw, 1024px\" \/><\/figure>\n","protected":false},"excerpt":{"rendered":"<p>Vereine und Menschen mit Spa\u00df an Bewegung aufgepasst: Ab sofort k\u00f6nnt ihr unser Bungee-Run ausleihen.. Bungee was? Bungee Run ist ein Spielger\u00e4t, bei dem die Teilnehmer mit einem H\u00fcftgurt an Gummiseilen befestigt werden und mit dieser Befestigung versuchen, weiter zu &hellip; <a href=\"https:\/\/warendorfer-su.de\/index.php\/verein\/bungee-run-vermietung\/\">Weiterlesen <span class=\"meta-nav\">&rarr;<\/span><\/a><\/p>\n","protected":false},"author":4,"featured_media":0,"parent":273,"menu_order":6,"comment_status":"closed","ping_status":"closed","template":"","meta":{"ngg_post_thumbnail":0,"footnotes":""},"class_list":["post-1051","page","type-page","status-publish","hentry"],"_links":{"self":[{"href":"https:\/\/warendorfer-su.de\/index.php\/wp-json\/wp\/v2\/pages\/1051","targetHints":{"allow":["GET"]}}],"collection":[{"href":"https:\/\/warendorfer-su.de\/index.php\/wp-json\/wp\/v2\/pages"}],"about":[{"href":"https:\/\/warendorfer-su.de\/index.php\/wp-json\/wp\/v2\/types\/page"}],"author":[{"embeddable":true,"href":"https:\/\/warendorfer-su.de\/index.php\/wp-json\/wp\/v2\/users\/4"}],"replies":[{"embeddable":true,"href":"https:\/\/warendorfer-su.de\/index.php\/wp-json\/wp\/v2\/comments?post=1051"}],"version-history":[{"count":6,"href":"https:\/\/warendorfer-su.de\/index.php\/wp-json\/wp\/v2\/pages\/1051\/revisions"}],"predecessor-version":[{"id":1061,"href":"https:\/\/warendorfer-su.de\/index.php\/wp-json\/wp\/v2\/pages\/1051\/revisions\/1061"}],"up":[{"embeddable":true,"href":"https:\/\/warendorfer-su.de\/index.php\/wp-json\/wp\/v2\/pages\/273"}],"wp:attachment":[{"href":"https:\/\/warendorfer-su.de\/index.php\/wp-json\/wp\/v2\/media?parent=1051"}],"curies":[{"name":"wp","href":"https:\/\/api.w.org\/{rel}","templated":true}]}}