{"id":1066,"date":"2026-02-03T11:11:28","date_gmt":"2026-02-03T10:11:28","guid":{"rendered":"https:\/\/wwsu.de\/?page_id=1066"},"modified":"2026-02-03T11:17:45","modified_gmt":"2026-02-03T10:17:45","slug":"vereinsjugend","status":"publish","type":"page","link":"https:\/\/warendorfer-su.de\/index.php\/verein\/vereinsjugend\/","title":{"rendered":"Vereinsjugend"},"content":{"rendered":"\n<h4 class=\"wp-block-heading\">Wer sind wir?<\/h4>\n\n\n\n<p>Wir sind ein Team von ca. 30 Mitarbeitern, bestehend aus den Jugendwarten der einzelnen Fachsportabteilungen, Beisitzern, beratenden Mitgliedern und einem F\u00fchrungsgremium. Zusammen bilden wir den WSU-Vereinsjugendausschu\u00df. Wir treffen uns mehrmals im Jahr und vertreten die Interessen der Vereinsjugend in der Warendorfer Sportunion e.V.<\/p>\n\n\n\n<h4 class=\"wp-block-heading\"><strong>Was machen wir?<\/strong><\/h4>\n\n\n\n<p>Wir sind in erster Linie zust\u00e4ndig f\u00fcr die \u00fcberfachliche Jugendarbeit und planen, organisieren und veranstalten zahlreiche Aktionen, wie z.B. :<\/p>\n\n\n\n<ul class=\"wp-block-list\">\n<li>regelm\u00e4\u00dfige Spieltreffs f\u00fcr Kinder ab 3 Jahren<\/li>\n\n\n\n<li>Bastelaktionen<\/li>\n\n\n\n<li>Fahrten und Ausfl\u00fcge<\/li>\n\n\n\n<li>Spiel- und Spa\u00dfwettk\u00e4mpfe<\/li>\n<\/ul>\n\n\n\n<p>Dar\u00fcber hinaus arbeiten wir bei zahlreichen Veranstaltungen mit, die Kinder und Jugendliche ansprechen, wie z.B. :<\/p>\n\n\n\n<ul class=\"wp-block-list\">\n<li>Ferienaktionstage der Stadt Warendorf<\/li>\n\n\n\n<li>Unterst\u00fctzung von Abteilungsveranstaltungen<\/li>\n<\/ul>\n\n\n\n<p><strong>WSU Spieltreff &#8211; in der Sporthalle Lau 2 (ehemals AWG)<br><\/strong><br>In einer abwechslungsreichen Spiellandschaft mit Sportger\u00e4ten (Luftkissen, Matten-Laufen, Fu\u00dfball spielen und vieles mehr) haben hier unsere &#8222;Kleinen&#8220; mit ihren Eltern die M\u00f6glichkeit, sich einmal richtig auszutoben. Die Spieltreffs finden jeweils an einem Sonntag in der Zeit von 10 bis 12 Uhr statt und sind kostenfrei.<br>Teilnehmen kann jeder der Lust und Zeit hat!<\/p>\n\n\n\n<p>Ank\u00fcndigung jeweils \u00fcber die Tageszeitung und das Internet.<\/p>\n\n\n\n<p><strong>aktuelle Termine:<\/strong><\/p>\n\n\n\n<p>01.03.2026 \/ 22.03.2026<\/p>\n\n\n\n<h1 class=\"wp-block-heading\"><mark style=\"background-color:rgba(0, 0, 0, 0)\" class=\"has-inline-color has-black-color\">Kontakt zur Vereinsjugend<\/mark><\/h1>\n\n\n\n<p><strong>Wollt Ihr mit uns Kontakt aufnehmen? Wir stehen Euch f\u00fcr den WSU-Vereinsjugendausschu\u00df als Ansprechpartner zur Verf\u00fcgung:<\/strong><\/p>\n\n\n\n<ul class=\"wp-block-list\">\n<li>Friederike R\u00fccker<br>Vorsitzende<br>\u00fcber die WSU-Gesch\u00e4ftsstelle 02581\/61977<br><\/li>\n<\/ul>\n\n\n\n<h4 class=\"wp-block-heading\">Schriftlich k\u00f6nnt Ihr uns wie folgt erreichen:<\/h4>\n\n\n\n<ul class=\"wp-block-list\">\n<li>Warendorfer Sportunion e.V.<br>Vereinsjugendausschu\u00df<br>Postfach 11 10 25<br>48212 Warendorf<\/li>\n<\/ul>\n","protected":false},"excerpt":{"rendered":"<p>Wer sind wir? Wir sind ein Team von ca. 30 Mitarbeitern, bestehend aus den Jugendwarten der einzelnen Fachsportabteilungen, Beisitzern, beratenden Mitgliedern und einem F\u00fchrungsgremium. Zusammen bilden wir den WSU-Vereinsjugendausschu\u00df. Wir treffen uns mehrmals im Jahr und vertreten die Interessen der &hellip; <a href=\"https:\/\/warendorfer-su.de\/index.php\/verein\/vereinsjugend\/\">Weiterlesen <span class=\"meta-nav\">&rarr;<\/span><\/a><\/p>\n","protected":false},"author":4,"featured_media":0,"parent":273,"menu_order":4,"comment_status":"closed","ping_status":"closed","template":"","meta":{"ngg_post_thumbnail":0,"footnotes":""},"class_list":["post-1066","page","type-page","status-publish","hentry"],"_links":{"self":[{"href":"https:\/\/warendorfer-su.de\/index.php\/wp-json\/wp\/v2\/pages\/1066","targetHints":{"allow":["GET"]}}],"collection":[{"href":"https:\/\/warendorfer-su.de\/index.php\/wp-json\/wp\/v2\/pages"}],"about":[{"href":"https:\/\/warendorfer-su.de\/index.php\/wp-json\/wp\/v2\/types\/page"}],"author":[{"embeddable":true,"href":"https:\/\/warendorfer-su.de\/index.php\/wp-json\/wp\/v2\/users\/4"}],"replies":[{"embeddable":true,"href":"https:\/\/warendorfer-su.de\/index.php\/wp-json\/wp\/v2\/comments?post=1066"}],"version-history":[{"count":6,"href":"https:\/\/warendorfer-su.de\/index.php\/wp-json\/wp\/v2\/pages\/1066\/revisions"}],"predecessor-version":[{"id":1072,"href":"https:\/\/warendorfer-su.de\/index.php\/wp-json\/wp\/v2\/pages\/1066\/revisions\/1072"}],"up":[{"embeddable":true,"href":"https:\/\/warendorfer-su.de\/index.php\/wp-json\/wp\/v2\/pages\/273"}],"wp:attachment":[{"href":"https:\/\/warendorfer-su.de\/index.php\/wp-json\/wp\/v2\/media?parent=1066"}],"curies":[{"name":"wp","href":"https:\/\/api.w.org\/{rel}","templated":true}]}}