{"id":117,"date":"2025-12-21T16:43:17","date_gmt":"2025-12-21T15:43:17","guid":{"rendered":"https:\/\/wwsu.de\/?page_id=117"},"modified":"2025-12-21T16:43:46","modified_gmt":"2025-12-21T15:43:46","slug":"beachvolleyball","status":"publish","type":"page","link":"https:\/\/warendorfer-su.de\/index.php\/ballsport\/volleyball\/beachvolleyball\/","title":{"rendered":"Beachvolleyball"},"content":{"rendered":"\n<p><\/p>\n\n\n\n<h1 class=\"wp-block-heading\">Unser sch\u00f6ner Beachplatz<\/h1>\n\n\n\n<p><\/p>\n\n\n\n<h3 class=\"wp-block-heading\">Informationen zum Platz<\/h3>\n\n\n\n<ul class=\"wp-block-list\">\n<li><strong>Ausstattung:<\/strong> 3 Spielfelder nach Wettkampfnorm.<\/li>\n\n\n\n<li><strong>Lage:<\/strong> Im Schulviertel hinter dem Hallenbad (zwischen Tennispl\u00e4tzen, Stadtstadion und Asche-\/Kunstrasenplatz).<\/li>\n\n\n\n<li><strong>Spielzeit:<\/strong> Mai bis Oktober (je nach Wetterlage).<\/li>\n<\/ul>\n\n\n\n<blockquote class=\"wp-block-quote is-layout-flow wp-block-quote-is-layout-flow\">\n<p><strong>Wichtiger Hinweis zum Spielbetrieb:<\/strong> Bitte beachtet den Belegungsplan. Die Vereinsmannschaften haben zu ihren regul\u00e4ren Trainingszeiten grunds\u00e4tzlich Vorrang auf den Feldern.<\/p>\n<\/blockquote>\n\n\n\n<h3 class=\"wp-block-heading\">Bitte unbedingt beachten (Platzpflege)<\/h3>\n\n\n\n<p>Wenn nach eurem Spiel niemand mehr das Feld nutzt, zieht den Sand bitte immer wieder glatt. Besonders in der Feldmitte entstehen durch das intensive Spielen Kuhlen \u2013 regelm\u00e4\u00dfiges Glattziehen sch\u00fctzt die Qualit\u00e4t des Platzes f\u00fcr alle!<\/p>\n\n\n\n<hr class=\"wp-block-separator has-alpha-channel-opacity\"\/>\n\n\n\n<h3 class=\"wp-block-heading\">Beach-Nutzung f\u00fcr G\u00e4ste<\/h3>\n\n\n\n<p><strong>Ihr seid nicht in der Volleyballabteilung, m\u00f6chtet aber trotzdem beachen?<\/strong> Auf dem fest installierten Feld kann jeder spielen. Den Schl\u00fcssel f\u00fcr das Tor erhaltet ihr hier:<\/p>\n\n\n\n<ul class=\"wp-block-list\">\n<li><strong>Kontakt:<\/strong> Werner Krieft<\/li>\n\n\n\n<li><strong>E-Mail:<\/strong> <a href=\"mailto:krieft@kjp-web.de\" target=\"_blank\" rel=\"noreferrer noopener\">krieft@kjp-web.de<\/a><\/li>\n<\/ul>\n\n\n\n<p><\/p>\n\n\n\n<p><strong>Wir w\u00fcnschen Euch viel Spa\u00df im Sand!<\/strong><\/p>\n\n\n\n<p><\/p>\n","protected":false},"excerpt":{"rendered":"<p>Unser sch\u00f6ner Beachplatz Informationen zum Platz Wichtiger Hinweis zum Spielbetrieb: Bitte beachtet den Belegungsplan. Die Vereinsmannschaften haben zu ihren regul\u00e4ren Trainingszeiten grunds\u00e4tzlich Vorrang auf den Feldern. Bitte unbedingt beachten (Platzpflege) Wenn nach eurem Spiel niemand mehr das Feld nutzt, zieht &hellip; <a href=\"https:\/\/warendorfer-su.de\/index.php\/ballsport\/volleyball\/beachvolleyball\/\">Weiterlesen <span class=\"meta-nav\">&rarr;<\/span><\/a><\/p>\n","protected":false},"author":1,"featured_media":0,"parent":108,"menu_order":0,"comment_status":"closed","ping_status":"closed","template":"","meta":{"ngg_post_thumbnail":0,"footnotes":""},"class_list":["post-117","page","type-page","status-publish","hentry"],"_links":{"self":[{"href":"https:\/\/warendorfer-su.de\/index.php\/wp-json\/wp\/v2\/pages\/117","targetHints":{"allow":["GET"]}}],"collection":[{"href":"https:\/\/warendorfer-su.de\/index.php\/wp-json\/wp\/v2\/pages"}],"about":[{"href":"https:\/\/warendorfer-su.de\/index.php\/wp-json\/wp\/v2\/types\/page"}],"author":[{"embeddable":true,"href":"https:\/\/warendorfer-su.de\/index.php\/wp-json\/wp\/v2\/users\/1"}],"replies":[{"embeddable":true,"href":"https:\/\/warendorfer-su.de\/index.php\/wp-json\/wp\/v2\/comments?post=117"}],"version-history":[{"count":2,"href":"https:\/\/warendorfer-su.de\/index.php\/wp-json\/wp\/v2\/pages\/117\/revisions"}],"predecessor-version":[{"id":119,"href":"https:\/\/warendorfer-su.de\/index.php\/wp-json\/wp\/v2\/pages\/117\/revisions\/119"}],"up":[{"embeddable":true,"href":"https:\/\/warendorfer-su.de\/index.php\/wp-json\/wp\/v2\/pages\/108"}],"wp:attachment":[{"href":"https:\/\/warendorfer-su.de\/index.php\/wp-json\/wp\/v2\/media?parent=117"}],"curies":[{"name":"wp","href":"https:\/\/api.w.org\/{rel}","templated":true}]}}