{"id":127,"date":"2025-12-21T22:05:35","date_gmt":"2025-12-21T21:05:35","guid":{"rendered":"https:\/\/wwsu.de\/?page_id=127"},"modified":"2026-01-21T22:55:40","modified_gmt":"2026-01-21T21:55:40","slug":"badminton","status":"publish","type":"page","link":"https:\/\/warendorfer-su.de\/index.php\/ballsport\/badminton\/","title":{"rendered":"Badminton"},"content":{"rendered":"\n<h1 class=\"wp-block-heading\">\u00dcber uns<\/h1>\n\n\n\n<p>Die Badminton-Abteilung der Warendorfer Sportunion wurde am <strong>31. August 1977<\/strong> gegr\u00fcndet. Damit blicken wir auf <strong>eine bald 50-j\u00e4hrige Erfolgsgeschichte<\/strong> in Warendorf zur\u00fcck.<\/p>\n\n\n\n<h3 class=\"wp-block-heading\">Unsere Gemeinschaft in Zahlen<\/h3>\n\n\n\n<ul class=\"wp-block-list\">\n<li>Wir sind <strong>einer der gr\u00f6\u00dften Badminton-Sparten<\/strong> in der Region.<\/li>\n\n\n\n<li>Innerhalb der WSU geh\u00f6ren wir zu den f\u00fcnf <strong>mitgliederst\u00e4rksten Abteilungen<\/strong> (neben Turnen, Schwimmen, Fu\u00dfball und Handball).<\/li>\n\n\n\n<li>Aktuell (Stand: Januar 2026) z\u00e4hlen wir <strong>205 aktive Mitglieder<\/strong>.<\/li>\n\n\n\n<li>Knapp die H\u00e4lfte unserer Mitglieder ist <strong>unter 18 Jahre alt <\/strong>\u2013 ein Zeichen f\u00fcr unsere starke Nachwuchsarbeit.<\/li>\n<\/ul>\n\n\n\n<figure class=\"wp-block-image size-large\"><img loading=\"lazy\" decoding=\"async\" width=\"1024\" height=\"315\" src=\"https:\/\/wwsu.de\/wp-content\/uploads\/2026\/01\/Bildschirmfoto-2026-01-21-um-08.02.50-1024x315.png\" alt=\"\" class=\"wp-image-844\" srcset=\"https:\/\/warendorfer-su.de\/wp-content\/uploads\/2026\/01\/Bildschirmfoto-2026-01-21-um-08.02.50-1024x315.png 1024w, https:\/\/warendorfer-su.de\/wp-content\/uploads\/2026\/01\/Bildschirmfoto-2026-01-21-um-08.02.50-300x92.png 300w, https:\/\/warendorfer-su.de\/wp-content\/uploads\/2026\/01\/Bildschirmfoto-2026-01-21-um-08.02.50-768x236.png 768w, https:\/\/warendorfer-su.de\/wp-content\/uploads\/2026\/01\/Bildschirmfoto-2026-01-21-um-08.02.50-1536x472.png 1536w, https:\/\/warendorfer-su.de\/wp-content\/uploads\/2026\/01\/Bildschirmfoto-2026-01-21-um-08.02.50-2048x629.png 2048w, https:\/\/warendorfer-su.de\/wp-content\/uploads\/2026\/01\/Bildschirmfoto-2026-01-21-um-08.02.50-500x154.png 500w\" sizes=\"auto, (max-width: 1024px) 100vw, 1024px\" \/><figcaption class=\"wp-element-caption\">Teilnehmende unseres <strong>traditionellen Firmenturniers<\/strong>, das jedes Jahr im November stattfindet. <\/figcaption><\/figure>\n\n\n\n<h3 class=\"wp-block-heading\">Unsere Philosophie<\/h3>\n\n\n\n<p>Wir legen gro\u00dfen Wert auf ein sportliches Miteinander, bei dem sich jeder wohlf\u00fchlt. Unsere Schwerpunkte sind:<\/p>\n\n\n\n<ul class=\"wp-block-list\">\n<li><strong>Nachwuchsf\u00f6rderung:<\/strong> Eine gut organisierte und motivierende Kinder- und Jugendarbeit, die von qualifizierten Trainerinnen und Trainern betreut wird.<\/li>\n\n\n\n<li><strong>Flexibilit\u00e4t:<\/strong> Vielf\u00e4ltige Trainings- und Spielm\u00f6glichkeiten f\u00fcr alle Altersklassen an f\u00fcnf Tagen in der Woche<\/li>\n\n\n\n<li><strong>Breiten- &amp; Leistungssport:<\/strong> Sowohl in U19 als auch in O19 ein ansprechendes Angebot f\u00fcr Hobbies sowie Wettkampfinteressierte.<\/li>\n\n\n\n<li><strong>Teamgeist:<\/strong> Eine hervorragende Atmosph\u00e4re zwischen allen Aktiven, auch abseits des Feldes.<\/li>\n<\/ul>\n\n\n\n<hr class=\"wp-block-separator has-alpha-channel-opacity\"\/>\n\n\n\n<h3 class=\"wp-block-heading\">Weitere Dokumente &amp; Downloads<\/h3>\n\n\n\n<ul class=\"wp-block-list\">\n<li>\ud83d\udcc4 <strong><a href=\"\/documents\/Abteilungsordnung_Badminton_Abteilung.pdf\" target=\"_blank\" rel=\"noreferrer noopener\">Abteilungsordnung der Badmintonabteilung (PDF)<\/a><\/strong><\/li>\n<\/ul>\n","protected":false},"excerpt":{"rendered":"<p>\u00dcber uns Die Badminton-Abteilung der Warendorfer Sportunion wurde am 31. August 1977 gegr\u00fcndet. Damit blicken wir auf eine bald 50-j\u00e4hrige Erfolgsgeschichte in Warendorf zur\u00fcck. Unsere Gemeinschaft in Zahlen Unsere Philosophie Wir legen gro\u00dfen Wert auf ein sportliches Miteinander, bei dem &hellip; <a href=\"https:\/\/warendorfer-su.de\/index.php\/ballsport\/badminton\/\">Weiterlesen <span class=\"meta-nav\">&rarr;<\/span><\/a><\/p>\n","protected":false},"author":1,"featured_media":0,"parent":2,"menu_order":0,"comment_status":"closed","ping_status":"closed","template":"","meta":{"ngg_post_thumbnail":0,"footnotes":""},"class_list":["post-127","page","type-page","status-publish","hentry"],"_links":{"self":[{"href":"https:\/\/warendorfer-su.de\/index.php\/wp-json\/wp\/v2\/pages\/127","targetHints":{"allow":["GET"]}}],"collection":[{"href":"https:\/\/warendorfer-su.de\/index.php\/wp-json\/wp\/v2\/pages"}],"about":[{"href":"https:\/\/warendorfer-su.de\/index.php\/wp-json\/wp\/v2\/types\/page"}],"author":[{"embeddable":true,"href":"https:\/\/warendorfer-su.de\/index.php\/wp-json\/wp\/v2\/users\/1"}],"replies":[{"embeddable":true,"href":"https:\/\/warendorfer-su.de\/index.php\/wp-json\/wp\/v2\/comments?post=127"}],"version-history":[{"count":13,"href":"https:\/\/warendorfer-su.de\/index.php\/wp-json\/wp\/v2\/pages\/127\/revisions"}],"predecessor-version":[{"id":913,"href":"https:\/\/warendorfer-su.de\/index.php\/wp-json\/wp\/v2\/pages\/127\/revisions\/913"}],"up":[{"embeddable":true,"href":"https:\/\/warendorfer-su.de\/index.php\/wp-json\/wp\/v2\/pages\/2"}],"wp:attachment":[{"href":"https:\/\/warendorfer-su.de\/index.php\/wp-json\/wp\/v2\/media?parent=127"}],"curies":[{"name":"wp","href":"https:\/\/api.w.org\/{rel}","templated":true}]}}