{"id":133,"date":"2025-12-21T22:14:33","date_gmt":"2025-12-21T21:14:33","guid":{"rendered":"https:\/\/wwsu.de\/?page_id=133"},"modified":"2026-04-21T06:40:48","modified_gmt":"2026-04-21T04:40:48","slug":"vorstand","status":"publish","type":"page","link":"https:\/\/warendorfer-su.de\/index.php\/ballsport\/badminton\/vorstand\/","title":{"rendered":"Vorstand"},"content":{"rendered":"\n<p>Hier finden Sie die aktuellen Ansprechpartner der Badminton-Abteilung. Stand: Saison 2026\/27<\/p>\n\n\n\n<figure class=\"wp-block-table\"><table class=\"has-fixed-layout\"><thead><tr><td><strong>Funktion<\/strong><\/td><td><strong>Name<\/strong><\/td><td><strong>E-Mail<\/strong><\/td><td><strong>Telefon<\/strong><\/td><\/tr><\/thead><tbody><tr><td><strong>Vorsitzender<\/strong><\/td><td>Dirk Oertker<\/td><td><a target=\"_blank\" rel=\"noreferrer noopener\" href=\"mailto:wsu-badminton@mail.de\">wsu-badminton@mail.de<\/a><\/td><td><a target=\"_blank\" rel=\"noreferrer noopener\" href=\"https:\/\/www.google.com\/search?q=tel:%2B4917681357198\">0176 81357198<\/a><\/td><\/tr><tr><td><strong>Stellv. Vorsitzender<\/strong><\/td><td>Simon Ortkra\u00df<\/td><td><a href=\"mailto:juergenrenne@t-online.de\" target=\"_blank\" rel=\"noreferrer noopener\"><a href=\"mailto:simon.ortkrass@web.de\">simon.ortkrass@web.de<\/a><\/a><\/td><td><\/td><\/tr><tr><td><strong>Gesch\u00e4ftsf\u00fchrerin<\/strong><\/td><td>Leonie Renne<\/td><td><a href=\"mailto:leonierenne@t-online.de\" target=\"_blank\" rel=\"noreferrer noopener\">leonierenne@t-online.de<\/a><\/td><td><\/td><\/tr><tr><td><strong>Kassenwartin<\/strong><\/td><td>Ulla Schmidt<\/td><td><a target=\"_blank\" rel=\"noreferrer noopener\" href=\"mailto:bucom.schmidt@web.de\">bucom.schmidt@web.de<\/a><\/td><td><\/td><\/tr><tr><td><strong>Pressewartin<\/strong><\/td><td>Julia Renne<\/td><td><a href=\"mailto:leonierenne@t-online.de\" target=\"_blank\" rel=\"noreferrer noopener\">juliarenne@t-online.de<\/a><\/td><td><\/td><\/tr><tr><td><strong>Sportwart<\/strong><\/td><td>Oliver Schmidt<\/td><td><a target=\"_blank\" rel=\"noreferrer noopener\" href=\"mailto:oliver.schmidt@mail.de\">oliver.schmidt@mail.de<\/a><\/td><td><\/td><\/tr><tr><td><strong>Breitensportwart<\/strong><\/td><td>Stephan Unger<\/td><td><a href=\"mailto:hklzeppich@gmail.com\" target=\"_blank\" rel=\"noreferrer noopener\">stephan.unger85@gmail.com<\/a><\/td><td><\/td><\/tr><tr><td><strong>Jugendwart<\/strong><\/td><td>Dirk Oertker<\/td><td><a target=\"_blank\" rel=\"noreferrer noopener\" href=\"mailto:dirkoertker@gmx.de\">dirkoertker@gmx.de<\/a><\/td><td><\/td><\/tr><tr><td><strong>Stellv. Jugendwart<\/strong><\/td><td>Jochen Himler<\/td><td><a href=\"mailto:juliarenne@t-online.de\" target=\"_blank\" rel=\"noreferrer noopener\">jochenhimler@gmx.de<\/a><\/td><td><\/td><\/tr><tr><td><strong>Ger\u00e4tewart<\/strong><\/td><td>Janik Hell<\/td><td><a target=\"_blank\" rel=\"noreferrer noopener\" href=\"mailto:janik_hell@web.de\">janik_hell@web.de<\/a><\/td><\/tr><tr><td><strong>Turnierwart<\/strong><\/td><td>J\u00fcrgen Renne<\/td><td><a href=\"mailto:juergenrenne@t-online.de\" target=\"_blank\" rel=\"noreferrer noopener\">juergenrenne@t-online.de<\/a><\/td><td><\/td><\/tr><\/tbody><\/table><\/figure>\n","protected":false},"excerpt":{"rendered":"<p>Hier finden Sie die aktuellen Ansprechpartner der Badminton-Abteilung. Stand: Saison 2026\/27 Funktion Name E-Mail Telefon Vorsitzender Dirk Oertker wsu-badminton@mail.de 0176 81357198 Stellv. Vorsitzender Simon Ortkra\u00df simon.ortkrass@web.de Gesch\u00e4ftsf\u00fchrerin Leonie Renne leonierenne@t-online.de Kassenwartin Ulla Schmidt bucom.schmidt@web.de Pressewartin Julia Renne juliarenne@t-online.de Sportwart Oliver &hellip; <a href=\"https:\/\/warendorfer-su.de\/index.php\/ballsport\/badminton\/vorstand\/\">Weiterlesen <span class=\"meta-nav\">&rarr;<\/span><\/a><\/p>\n","protected":false},"author":1,"featured_media":0,"parent":127,"menu_order":0,"comment_status":"closed","ping_status":"closed","template":"","meta":{"ngg_post_thumbnail":0,"footnotes":""},"class_list":["post-133","page","type-page","status-publish","hentry"],"_links":{"self":[{"href":"https:\/\/warendorfer-su.de\/index.php\/wp-json\/wp\/v2\/pages\/133","targetHints":{"allow":["GET"]}}],"collection":[{"href":"https:\/\/warendorfer-su.de\/index.php\/wp-json\/wp\/v2\/pages"}],"about":[{"href":"https:\/\/warendorfer-su.de\/index.php\/wp-json\/wp\/v2\/types\/page"}],"author":[{"embeddable":true,"href":"https:\/\/warendorfer-su.de\/index.php\/wp-json\/wp\/v2\/users\/1"}],"replies":[{"embeddable":true,"href":"https:\/\/warendorfer-su.de\/index.php\/wp-json\/wp\/v2\/comments?post=133"}],"version-history":[{"count":8,"href":"https:\/\/warendorfer-su.de\/index.php\/wp-json\/wp\/v2\/pages\/133\/revisions"}],"predecessor-version":[{"id":1511,"href":"https:\/\/warendorfer-su.de\/index.php\/wp-json\/wp\/v2\/pages\/133\/revisions\/1511"}],"up":[{"embeddable":true,"href":"https:\/\/warendorfer-su.de\/index.php\/wp-json\/wp\/v2\/pages\/127"}],"wp:attachment":[{"href":"https:\/\/warendorfer-su.de\/index.php\/wp-json\/wp\/v2\/media?parent=133"}],"curies":[{"name":"wp","href":"https:\/\/api.w.org\/{rel}","templated":true}]}}