{"id":135,"date":"2025-12-21T22:18:38","date_gmt":"2025-12-21T21:18:38","guid":{"rendered":"https:\/\/wwsu.de\/?page_id=135"},"modified":"2026-01-20T21:37:33","modified_gmt":"2026-01-20T20:37:33","slug":"foerderverein","status":"publish","type":"page","link":"https:\/\/warendorfer-su.de\/index.php\/ballsport\/badminton\/foerderverein\/","title":{"rendered":"F\u00f6rderverein"},"content":{"rendered":"\n<p>Bereits im <strong>Fr\u00fchjahr 2014<\/strong> entstand unter engagierten Mitgliedern und F\u00f6rderern die Idee, den Badmintonsport in Warendorf durch einen externen Verein gezielt finanziell zu unterst\u00fctzen.<\/p>\n\n\n\n<p>Mit einem kleinen Beitrag von nur <strong>20 \u20ac pro Jahr<\/strong> (zzgl. einer optionalen freiwilligen Zusatzspende) helfen Sie uns dabei, wichtige Projekte im Kinder-, Jugend- und Erwachsenenbereich zu verwirklichen. Uns ist besonders wichtig, dass die F\u00f6rderung \u00fcberall ankommt: im Freizeitsport ebenso wie im Leistungssport, bei unseren J\u00fcngsten sowie bei unseren Senioren.<\/p>\n\n\n\n<h3 class=\"wp-block-heading\"><\/h3>\n\n\n\n<hr class=\"wp-block-separator has-alpha-channel-opacity\"\/>\n\n\n\n<h2 class=\"wp-block-heading\">Ihr Ansprechpartner<\/h2>\n\n\n\n<p>Haben Sie Fragen zum F\u00f6rderverein oder m\u00f6chten Sie sich \u00fcber weitere Unterst\u00fctzungsm\u00f6glichkeiten informieren? Wenden Sie sich gerne an:<\/p>\n\n\n\n<p><strong>J\u00fcrgen Renne<\/strong> \ud83d\udccdBadestr. 3a | 48231 Warendorf | \ud83d\udcde <a href=\"https:\/\/www.google.com\/search?q=tel:%2B4925813839\" target=\"_blank\" rel=\"noreferrer noopener\">02581 3839<\/a> | \u2709\ufe0f <a href=\"mailto:juergenrenne@t-online.de\" target=\"_blank\" rel=\"noreferrer noopener\">juergenrenne@t-online.de<\/a><\/p>\n","protected":false},"excerpt":{"rendered":"<p>Bereits im Fr\u00fchjahr 2014 entstand unter engagierten Mitgliedern und F\u00f6rderern die Idee, den Badmintonsport in Warendorf durch einen externen Verein gezielt finanziell zu unterst\u00fctzen. Mit einem kleinen Beitrag von nur 20 \u20ac pro Jahr (zzgl. einer optionalen freiwilligen Zusatzspende) helfen &hellip; <a href=\"https:\/\/warendorfer-su.de\/index.php\/ballsport\/badminton\/foerderverein\/\">Weiterlesen <span class=\"meta-nav\">&rarr;<\/span><\/a><\/p>\n","protected":false},"author":1,"featured_media":0,"parent":127,"menu_order":0,"comment_status":"closed","ping_status":"closed","template":"","meta":{"ngg_post_thumbnail":0,"footnotes":""},"class_list":["post-135","page","type-page","status-publish","hentry"],"_links":{"self":[{"href":"https:\/\/warendorfer-su.de\/index.php\/wp-json\/wp\/v2\/pages\/135","targetHints":{"allow":["GET"]}}],"collection":[{"href":"https:\/\/warendorfer-su.de\/index.php\/wp-json\/wp\/v2\/pages"}],"about":[{"href":"https:\/\/warendorfer-su.de\/index.php\/wp-json\/wp\/v2\/types\/page"}],"author":[{"embeddable":true,"href":"https:\/\/warendorfer-su.de\/index.php\/wp-json\/wp\/v2\/users\/1"}],"replies":[{"embeddable":true,"href":"https:\/\/warendorfer-su.de\/index.php\/wp-json\/wp\/v2\/comments?post=135"}],"version-history":[{"count":2,"href":"https:\/\/warendorfer-su.de\/index.php\/wp-json\/wp\/v2\/pages\/135\/revisions"}],"predecessor-version":[{"id":830,"href":"https:\/\/warendorfer-su.de\/index.php\/wp-json\/wp\/v2\/pages\/135\/revisions\/830"}],"up":[{"embeddable":true,"href":"https:\/\/warendorfer-su.de\/index.php\/wp-json\/wp\/v2\/pages\/127"}],"wp:attachment":[{"href":"https:\/\/warendorfer-su.de\/index.php\/wp-json\/wp\/v2\/media?parent=135"}],"curies":[{"name":"wp","href":"https:\/\/api.w.org\/{rel}","templated":true}]}}