{"id":153,"date":"2025-12-21T22:40:45","date_gmt":"2025-12-21T21:40:45","guid":{"rendered":"https:\/\/wwsu.de\/?page_id=153"},"modified":"2025-12-21T22:40:45","modified_gmt":"2025-12-21T21:40:45","slug":"trainingszeiten","status":"publish","type":"page","link":"https:\/\/warendorfer-su.de\/index.php\/ballsport\/wasserball\/trainingszeiten\/","title":{"rendered":"Trainingszeiten"},"content":{"rendered":"\n<p>Wir trainieren in den erstklassigen Schwimmhallen der <strong>Sportschule der Bundeswehr<\/strong> in Warendorf. Interessierte sind jederzeit herzlich willkommen, bei uns einzusteigen!<\/p>\n\n\n\n<h3 class=\"wp-block-heading\">Unser Trainingsplan<\/h3>\n\n\n\n<figure class=\"wp-block-table\"><table class=\"has-fixed-layout\"><thead><tr><td><strong>Bereich<\/strong><\/td><td><strong>Zeit<\/strong><\/td><td><strong>Halle<\/strong><\/td><td><strong>\u00dcbungsleiter<\/strong><\/td><\/tr><\/thead><tbody><tr><td><strong>R\u00fcckenschule, Schwimm- &amp; Wasserball<\/strong><\/td><td><strong>Montags<\/strong> 18:30 \u2013 20:30 Uhr<\/td><td>Halle B (25m)<\/td><td>R. Rauer, T. Leutner, K. Rieth<\/td><\/tr><tr><td><strong>Schwimmen &amp; Technik<\/strong><\/td><td><strong>Donnerstags<\/strong> 19:30 \u2013 20:30 Uhr<\/td><td>Halle A (50m)<\/td><td>R. Rauer, T. Leutner, K. Rieth<\/td><\/tr><tr><td><strong>Schwimmen &amp; Technik<\/strong><\/td><td><strong>Freitags<\/strong> 16:00 \u2013 18:00 Uhr<\/td><td>Halle A (50m)<\/td><td>R. Rauer, T. Leutner, K. Rieth<\/td><\/tr><\/tbody><\/table><\/figure>\n\n\n\n<hr class=\"wp-block-separator has-alpha-channel-opacity\"\/>\n\n\n\n<h3 class=\"wp-block-heading\">Wichtige Hinweise zum Trainingsort<\/h3>\n\n\n\n<p>Der Trainingsbetrieb findet auf dem Gel\u00e4nde der <strong>Sportschule der Bundeswehr<\/strong> statt. Bitte beachte die folgenden Regeln f\u00fcr den Zugang:<\/p>\n\n\n\n<ul class=\"wp-block-list\">\n<li><strong>Ausweispflicht:<\/strong> Zum Training muss zwingend der <strong>Kasernenausweis der WSU-Schwimmabteilung<\/strong> mitgebracht werden.<\/li>\n\n\n\n<li><strong>Einlass:<\/strong> Der Ausweis ist an der Kasernenwache (Eingang) unaufgefordert vorzuzeigen.<\/li>\n\n\n\n<li><strong>Nutzung:<\/strong> Die Schwimmhallen d\u00fcrfen ausschlie\u00dflich w\u00e4hrend der offiziellen WSU-Trainingszeiten genutzt werden.<\/li>\n<\/ul>\n\n\n\n<p><strong>Ausstattung der Hallen:<\/strong><\/p>\n\n\n\n<ul class=\"wp-block-list\">\n<li><strong>Halle A:<\/strong> 8 Bahnen \u00e0 50 Meter (olympisches Ma\u00df).<\/li>\n\n\n\n<li><strong>Halle B:<\/strong> 5 Bahnen \u00e0 25 Meter.<\/li>\n<\/ul>\n","protected":false},"excerpt":{"rendered":"<p>Wir trainieren in den erstklassigen Schwimmhallen der Sportschule der Bundeswehr in Warendorf. Interessierte sind jederzeit herzlich willkommen, bei uns einzusteigen! Unser Trainingsplan Bereich Zeit Halle \u00dcbungsleiter R\u00fcckenschule, Schwimm- &amp; Wasserball Montags 18:30 \u2013 20:30 Uhr Halle B (25m) R. Rauer, &hellip; <a href=\"https:\/\/warendorfer-su.de\/index.php\/ballsport\/wasserball\/trainingszeiten\/\">Weiterlesen <span class=\"meta-nav\">&rarr;<\/span><\/a><\/p>\n","protected":false},"author":1,"featured_media":0,"parent":149,"menu_order":0,"comment_status":"closed","ping_status":"closed","template":"","meta":{"ngg_post_thumbnail":0,"footnotes":""},"class_list":["post-153","page","type-page","status-publish","hentry"],"_links":{"self":[{"href":"https:\/\/warendorfer-su.de\/index.php\/wp-json\/wp\/v2\/pages\/153","targetHints":{"allow":["GET"]}}],"collection":[{"href":"https:\/\/warendorfer-su.de\/index.php\/wp-json\/wp\/v2\/pages"}],"about":[{"href":"https:\/\/warendorfer-su.de\/index.php\/wp-json\/wp\/v2\/types\/page"}],"author":[{"embeddable":true,"href":"https:\/\/warendorfer-su.de\/index.php\/wp-json\/wp\/v2\/users\/1"}],"replies":[{"embeddable":true,"href":"https:\/\/warendorfer-su.de\/index.php\/wp-json\/wp\/v2\/comments?post=153"}],"version-history":[{"count":1,"href":"https:\/\/warendorfer-su.de\/index.php\/wp-json\/wp\/v2\/pages\/153\/revisions"}],"predecessor-version":[{"id":154,"href":"https:\/\/warendorfer-su.de\/index.php\/wp-json\/wp\/v2\/pages\/153\/revisions\/154"}],"up":[{"embeddable":true,"href":"https:\/\/warendorfer-su.de\/index.php\/wp-json\/wp\/v2\/pages\/149"}],"wp:attachment":[{"href":"https:\/\/warendorfer-su.de\/index.php\/wp-json\/wp\/v2\/media?parent=153"}],"curies":[{"name":"wp","href":"https:\/\/api.w.org\/{rel}","templated":true}]}}