{"id":166,"date":"2025-12-21T22:54:39","date_gmt":"2025-12-21T21:54:39","guid":{"rendered":"https:\/\/wwsu.de\/?page_id=166"},"modified":"2025-12-21T22:58:25","modified_gmt":"2025-12-21T21:58:25","slug":"kurs-system","status":"publish","type":"page","link":"https:\/\/warendorfer-su.de\/index.php\/breitensport\/kurs-system\/","title":{"rendered":"Kurs-System"},"content":{"rendered":"\n<h1 class=\"wp-block-heading\">Das WSU-Kurssystem: Flexibel &amp; Fit<\/h1>\n\n\n\n<p>M\u00f6chtest du aktiv etwas f\u00fcr deine Fitness und Gesundheit tun? Suchst du eine pers\u00f6nliche und sportlich fundierte Alternative zum klassischen Fitnessstudio? Dann ist unser <strong>WSU-Kurssystem<\/strong> genau das Richtige f\u00fcr dich!<\/p>\n\n\n\n<p>Wir bieten dir hochwertige Sportangebote in Kursform an \u2013 ideal f\u00fcr alle, die gezielt an ihrer Form arbeiten oder neue Sportarten ausprobieren m\u00f6chten.<\/p>\n\n\n\n<hr class=\"wp-block-separator has-alpha-channel-opacity\"\/>\n\n\n\n<h3 class=\"wp-block-heading\">Warum Kurse bei der WSU?<\/h3>\n\n\n\n<ul class=\"wp-block-list\">\n<li><strong>Vielfalt:<\/strong> Angebote aus der gesamten Welt des Sports.<\/li>\n\n\n\n<li><strong>Flexibilit\u00e4t:<\/strong> Kurse haben eine feste Laufzeit \u2013 ideal zum Reinschnuppern.<\/li>\n\n\n\n<li><strong>Gemeinschaft:<\/strong> Erlebe Sport in der motivierenden Atmosph\u00e4re der gro\u00dfen WSU-Familie.<\/li>\n\n\n\n<li><strong>Kompetenz:<\/strong> Unsere Kurse werden von erfahrenen \u00dcbungsleitern betreut.<\/li>\n<\/ul>\n\n\n\n<hr class=\"wp-block-separator has-alpha-channel-opacity\"\/>\n\n\n\n<h3 class=\"wp-block-heading\">Entdecke dein Programm<\/h3>\n\n\n\n<p>Bist du bereit loszulegen? \u00dcber den folgenden Link gelangst du direkt zu unserer aktuellen \u00dcbersicht aller verf\u00fcgbaren Kurse:<\/p>\n\n\n\n<p>\ud83d\ude80 <strong><a href=\"https:\/\/wwsu.de\/index.php\/kurs-system\/kurs-angebot\/\" data-type=\"page\" data-id=\"169\" target=\"_blank\" rel=\"noreferrer noopener\">Hier geht es zum aktuellen Kursangebot<\/a><\/strong><\/p>\n\n\n\n<hr class=\"wp-block-separator has-alpha-channel-opacity\"\/>\n\n\n\n<h3 class=\"wp-block-heading\">Noch Fragen?<\/h3>\n\n\n\n<p>M\u00f6chtest du mehr \u00fcber unsere Kurse erfahren oder suchst du nach einer dauerhaften sportlichen Heimat \u00fcber das Kurssystem hinaus? Unsere Gesch\u00e4ftsstelle ber\u00e4t dich gerne umfassend \u00fcber die gesamte Angebotspalette der Warendorfer Sportunion.<\/p>\n\n\n\n<p>Wir freuen uns darauf, dich in unserer Mitte willkommen zu hei\u00dfen!<\/p>\n\n\n\n<p><strong>Dein Arbeitskreis WSU-Kurssystem<\/strong> <em>Gesch\u00e4ftsf\u00fchrender Vorstand<\/em><\/p>\n","protected":false},"excerpt":{"rendered":"<p>Das WSU-Kurssystem: Flexibel &amp; Fit M\u00f6chtest du aktiv etwas f\u00fcr deine Fitness und Gesundheit tun? Suchst du eine pers\u00f6nliche und sportlich fundierte Alternative zum klassischen Fitnessstudio? Dann ist unser WSU-Kurssystem genau das Richtige f\u00fcr dich! Wir bieten dir hochwertige Sportangebote &hellip; <a href=\"https:\/\/warendorfer-su.de\/index.php\/breitensport\/kurs-system\/\">Weiterlesen <span class=\"meta-nav\">&rarr;<\/span><\/a><\/p>\n","protected":false},"author":1,"featured_media":0,"parent":10,"menu_order":0,"comment_status":"closed","ping_status":"closed","template":"","meta":{"ngg_post_thumbnail":0,"footnotes":""},"class_list":["post-166","page","type-page","status-publish","hentry"],"_links":{"self":[{"href":"https:\/\/warendorfer-su.de\/index.php\/wp-json\/wp\/v2\/pages\/166","targetHints":{"allow":["GET"]}}],"collection":[{"href":"https:\/\/warendorfer-su.de\/index.php\/wp-json\/wp\/v2\/pages"}],"about":[{"href":"https:\/\/warendorfer-su.de\/index.php\/wp-json\/wp\/v2\/types\/page"}],"author":[{"embeddable":true,"href":"https:\/\/warendorfer-su.de\/index.php\/wp-json\/wp\/v2\/users\/1"}],"replies":[{"embeddable":true,"href":"https:\/\/warendorfer-su.de\/index.php\/wp-json\/wp\/v2\/comments?post=166"}],"version-history":[{"count":2,"href":"https:\/\/warendorfer-su.de\/index.php\/wp-json\/wp\/v2\/pages\/166\/revisions"}],"predecessor-version":[{"id":171,"href":"https:\/\/warendorfer-su.de\/index.php\/wp-json\/wp\/v2\/pages\/166\/revisions\/171"}],"up":[{"embeddable":true,"href":"https:\/\/warendorfer-su.de\/index.php\/wp-json\/wp\/v2\/pages\/10"}],"wp:attachment":[{"href":"https:\/\/warendorfer-su.de\/index.php\/wp-json\/wp\/v2\/media?parent=166"}],"curies":[{"name":"wp","href":"https:\/\/api.w.org\/{rel}","templated":true}]}}