{"id":181,"date":"2025-12-21T23:08:44","date_gmt":"2025-12-21T22:08:44","guid":{"rendered":"https:\/\/wwsu.de\/?page_id=181"},"modified":"2026-02-03T11:02:13","modified_gmt":"2026-02-03T10:02:13","slug":"spielgruppe-miniturnis","status":"publish","type":"page","link":"https:\/\/warendorfer-su.de\/index.php\/breitensport\/spielgruppe-miniturnis\/","title":{"rendered":"Spielgruppe MiniTurnis"},"content":{"rendered":"\n<p><strong>Wir sind die j\u00fcngsten Mitglieder der Warendorfer Sportunion!<\/strong> Die MiniTurnis sind Kinder im Alter von <strong>1,5 bis 3,5 Jahren<\/strong>, die sich in einer geborgenen Atmosph\u00e4re treffen, um gemeinsam zu spielen, zu singen und sich zu bewegen.<\/p>\n\n\n\n<hr class=\"wp-block-separator has-alpha-channel-opacity\"\/>\n\n\n\n<h3 class=\"wp-block-heading\">Das Konzept: Sanftes Ankommen &amp; viel Bewegung<\/h3>\n\n\n\n<p>Unser Ziel ist ein <strong>sanftes Losl\u00f6sen<\/strong> vom Elternhaus. In Kleingruppen von <strong>maximal 10 Kindern<\/strong> lernen die Kleinen, Kontakte zu kn\u00fcpfen und sich in einer Gruppe wohlzuf\u00fchlen. Dabei f\u00f6rdern wir gezielt:<\/p>\n\n\n\n<ul class=\"wp-block-list\">\n<li><strong>Soziale &amp; Emotionale Entwicklung:<\/strong> Erste Freundschaften und das Miteinander.<\/li>\n\n\n\n<li><strong>Sprache &amp; Kreativit\u00e4t:<\/strong> Gemeinsames Singen, Kreisspiele und angeleitetes Basteln.<\/li>\n\n\n\n<li><strong>Motorik:<\/strong> Viel Raum f\u00fcr freies Spiel und Bewegung.<\/li>\n<\/ul>\n\n\n\n<hr class=\"wp-block-separator has-alpha-channel-opacity\"\/>\n\n\n\n<h3 class=\"wp-block-heading\">Unsere Spielgruppe und Zeiten<\/h3>\n\n\n\n<p>Mo\/Mi\/Fr                              09:00-11:00 Uhr                             WSU B\u00fcro\/ Turnhalle<\/p>\n\n\n\n<p>Wir bieten eine Gruppe an, die jeweils von einer Erzieherin, einer Betreuerin und oft zus\u00e4tzlich von FSJlern oder BFDlern begleitet wird.<\/p>\n\n\n\n<blockquote class=\"wp-block-quote is-layout-flow wp-block-quote-is-layout-flow\">\n<p>\ud83d\udccd <strong>Montag und Mittwoch:<\/strong> Wir treffen uns in unseren kindgerechten R\u00e4umen (Spielzimmer &amp; Bewegungsraum) in der <strong>WSU-Gesch\u00e4ftsstelle<\/strong> (Von-Ketteler-Str. 30).<\/p>\n\n\n\n<p>\ud83c\udfc3\u200d\u2642\ufe0f <strong>Freitag ist Turntag:<\/strong> Die Gruppe turnt gemeinsam in der <strong>Sporthalle der Franziskus-Schule<\/strong> (Rosenstra\u00dfe).<\/p>\n<\/blockquote>\n\n\n\n<hr class=\"wp-block-separator has-alpha-channel-opacity\"\/>\n\n\n\n<h3 class=\"wp-block-heading\">Wichtige Informationen f\u00fcr Eltern<\/h3>\n\n\n\n<ul class=\"wp-block-list\">\n<li><strong>Dauer:<\/strong> In der Regel besuchen die Kinder die Gruppe ein Jahr lang bis zum Wechsel in den Kindergarten. Ein zweites Jahr ist nach Absprache m\u00f6glich.<\/li>\n\n\n\n<li><strong>Korrektur zum Stadt-Flyer:<\/strong> Entgegen anderslautender Infos im Flyer der Stadt Warendorf bestehen unsere Gruppen aus <strong>maximal 10 Kindern<\/strong> (nicht 20), um eine individuelle Betreuung zu garantieren.<\/li>\n<\/ul>\n\n\n\n<hr class=\"wp-block-separator has-alpha-channel-opacity\"\/>\n\n\n\n<h3 class=\"wp-block-heading\">Deine Ansprechpartnerin<\/h3>\n\n\n\n<p>M\u00f6chtest du mehr erfahren oder dein Kind anmelden? Wir freuen uns auf deine Kontaktaufnahme!<\/p>\n\n\n\n<p>\ud83d\udc64 <strong>Petra Kischel<\/strong> \ud83d\udcde Mobil: <a target=\"_blank\" rel=\"noreferrer noopener\" href=\"https:\/\/www.google.com\/search?q=tel:%2B491723518721\">0172 &#8211; 351 87 21<\/a><\/p>\n","protected":false},"excerpt":{"rendered":"<p>Wir sind die j\u00fcngsten Mitglieder der Warendorfer Sportunion! Die MiniTurnis sind Kinder im Alter von 1,5 bis 3,5 Jahren, die sich in einer geborgenen Atmosph\u00e4re treffen, um gemeinsam zu spielen, zu singen und sich zu bewegen. Das Konzept: Sanftes Ankommen &hellip; <a href=\"https:\/\/warendorfer-su.de\/index.php\/breitensport\/spielgruppe-miniturnis\/\">Weiterlesen <span class=\"meta-nav\">&rarr;<\/span><\/a><\/p>\n","protected":false},"author":1,"featured_media":0,"parent":10,"menu_order":0,"comment_status":"closed","ping_status":"closed","template":"","meta":{"ngg_post_thumbnail":0,"footnotes":""},"class_list":["post-181","page","type-page","status-publish","hentry"],"_links":{"self":[{"href":"https:\/\/warendorfer-su.de\/index.php\/wp-json\/wp\/v2\/pages\/181","targetHints":{"allow":["GET"]}}],"collection":[{"href":"https:\/\/warendorfer-su.de\/index.php\/wp-json\/wp\/v2\/pages"}],"about":[{"href":"https:\/\/warendorfer-su.de\/index.php\/wp-json\/wp\/v2\/types\/page"}],"author":[{"embeddable":true,"href":"https:\/\/warendorfer-su.de\/index.php\/wp-json\/wp\/v2\/users\/1"}],"replies":[{"embeddable":true,"href":"https:\/\/warendorfer-su.de\/index.php\/wp-json\/wp\/v2\/comments?post=181"}],"version-history":[{"count":3,"href":"https:\/\/warendorfer-su.de\/index.php\/wp-json\/wp\/v2\/pages\/181\/revisions"}],"predecessor-version":[{"id":1064,"href":"https:\/\/warendorfer-su.de\/index.php\/wp-json\/wp\/v2\/pages\/181\/revisions\/1064"}],"up":[{"embeddable":true,"href":"https:\/\/warendorfer-su.de\/index.php\/wp-json\/wp\/v2\/pages\/10"}],"wp:attachment":[{"href":"https:\/\/warendorfer-su.de\/index.php\/wp-json\/wp\/v2\/media?parent=181"}],"curies":[{"name":"wp","href":"https:\/\/api.w.org\/{rel}","templated":true}]}}