{"id":187,"date":"2025-12-21T23:14:48","date_gmt":"2025-12-21T22:14:48","guid":{"rendered":"https:\/\/wwsu.de\/?page_id=187"},"modified":"2026-03-26T14:14:17","modified_gmt":"2026-03-26T13:14:17","slug":"lauftreff","status":"publish","type":"page","link":"https:\/\/warendorfer-su.de\/index.php\/leichtathletik\/training\/lauftreff\/","title":{"rendered":"Lauftreff"},"content":{"rendered":"\n<p>Unsere Laufgruppe bietet f\u00fcr jeden etwas. Egal ob Neueinsteiger\/in, Wiedereinsteiger\/in oder fortgeschrittene L\u00e4uferin oder L\u00e4ufer: Hier findet fachkompetentes Training statt, das alle Teilnehmer in den Blick nimmt und, wenn man m\u00f6chte, jeden zu einer Leistungsverbesserung f\u00fchrt.<\/p>\n\n\n\n<p>Montags wird nach einer Aufw\u00e4mphase \u00fcber das so genannte Lauf-ABC die Koordination verbesser. Anschlie\u00dfend geht es dann auf unsere Laufrunde. Zum Abschluss treffen sich dann die leistungsdifferenzierten Gruppen zum Cool Down und Dehnen.<br><br>Mittwochs kannst du dich zwischen verschiedenen Trainingseinheiten entscheiden. Entweder du nimmst am Intervalltraining (findet nur im Sommerhalbjahr statt) teil, das die Laufgeschwindigkeit verbessert, oder du nimmst an der R\u00fcckenschule\/dem Stabitraining teil, das durch Kr\u00e4ftigungs\u00fcbungen deine Laufhaltung auch f\u00fcr lange L\u00e4ufe stabilisiert und Verletzungen vorbeugt. Intensiviert und ausgebaut wird dies noch durch das ebenfalls mittwochs angebotene Crosstraining.<\/p>\n\n\n\n<p>Hast du Interesse, am Lauftreff teilzunehmen? Z\u00f6gere nicht und erscheine einfach zum Training. Die ersten 5 Trainingseinheiten sind als &#8222;Schnupperteilnahme&#8220; frei. Danach wird eine Mitgliedschaft in der Abteilung Leichtathletik der WSU notwendig.<\/p>\n","protected":false},"excerpt":{"rendered":"<p>Unsere Laufgruppe bietet f\u00fcr jeden etwas. Egal ob Neueinsteiger\/in, Wiedereinsteiger\/in oder fortgeschrittene L\u00e4uferin oder L\u00e4ufer: Hier findet fachkompetentes Training statt, das alle Teilnehmer in den Blick nimmt und, wenn man m\u00f6chte, jeden zu einer Leistungsverbesserung f\u00fchrt. Montags wird nach einer &hellip; <a href=\"https:\/\/warendorfer-su.de\/index.php\/leichtathletik\/training\/lauftreff\/\">Weiterlesen <span class=\"meta-nav\">&rarr;<\/span><\/a><\/p>\n","protected":false},"author":12,"featured_media":1316,"parent":1284,"menu_order":4,"comment_status":"closed","ping_status":"closed","template":"","meta":{"ngg_post_thumbnail":0,"footnotes":""},"class_list":["post-187","page","type-page","status-publish","has-post-thumbnail","hentry"],"_links":{"self":[{"href":"https:\/\/warendorfer-su.de\/index.php\/wp-json\/wp\/v2\/pages\/187","targetHints":{"allow":["GET"]}}],"collection":[{"href":"https:\/\/warendorfer-su.de\/index.php\/wp-json\/wp\/v2\/pages"}],"about":[{"href":"https:\/\/warendorfer-su.de\/index.php\/wp-json\/wp\/v2\/types\/page"}],"author":[{"embeddable":true,"href":"https:\/\/warendorfer-su.de\/index.php\/wp-json\/wp\/v2\/users\/12"}],"replies":[{"embeddable":true,"href":"https:\/\/warendorfer-su.de\/index.php\/wp-json\/wp\/v2\/comments?post=187"}],"version-history":[{"count":3,"href":"https:\/\/warendorfer-su.de\/index.php\/wp-json\/wp\/v2\/pages\/187\/revisions"}],"predecessor-version":[{"id":1286,"href":"https:\/\/warendorfer-su.de\/index.php\/wp-json\/wp\/v2\/pages\/187\/revisions\/1286"}],"up":[{"embeddable":true,"href":"https:\/\/warendorfer-su.de\/index.php\/wp-json\/wp\/v2\/pages\/1284"}],"wp:featuredmedia":[{"embeddable":true,"href":"https:\/\/warendorfer-su.de\/index.php\/wp-json\/wp\/v2\/media\/1316"}],"wp:attachment":[{"href":"https:\/\/warendorfer-su.de\/index.php\/wp-json\/wp\/v2\/media?parent=187"}],"curies":[{"name":"wp","href":"https:\/\/api.w.org\/{rel}","templated":true}]}}