{"id":193,"date":"2025-12-21T23:20:56","date_gmt":"2025-12-21T22:20:56","guid":{"rendered":"https:\/\/wwsu.de\/?page_id=193"},"modified":"2026-03-26T14:14:26","modified_gmt":"2026-03-26T13:14:26","slug":"becker-runde","status":"publish","type":"page","link":"https:\/\/warendorfer-su.de\/index.php\/leichtathletik\/training\/becker-runde\/","title":{"rendered":"Laufrunde &#8222;Becker-Runde&#8220;"},"content":{"rendered":"\n<p>Bei der Becker-Runde handelt es sich um eine sch\u00f6ne Laufstrecke des Warendorfer Emssee-Laufs. Die Streckenl\u00e4nge betr\u00e4gt circa 5,0 km.<\/p>\n\n\n\n<p>Der Warendorfer Emssee-Lauf wird jedes Jahr im Sommer von der Abteilung Leichtathletik der Warendorfer Sportunion e. V. veranstaltet und startet und endet im Warendorfer Freibad.<\/p>\n\n\n\n<p>Benannt ist die Becker-Runde nach Hermann-Josef Becker. Er ist geb\u00fcrtiger Warendorfer, langj\u00e4hriges Mitglied der Warendorfer Sportunion und seit Jahrzehnten im Organisationsteam des Emssee-Laufs aktiv, bis vor wenigen Jahren sogar an vorderster Stelle. Unerm\u00fcdlich hat er sich, unterst\u00fctzt durch seine ganze Familie, f\u00fcr unseren Volkslauf eingesetzt. Dieses Engagement wird mit der Benennung der Runde geehrt.<\/p>\n\n\n\n<p>Nutze die Runde gerne zum Trainieren, zum Beispiel f\u00fcr den n\u00e4chsten Warendorfer Emssee-Lauf! Folge daf\u00fcr einfach den Hinweisschildern mit dem gr\u00fcnen Pfeil ab dem Freibad!<\/p>\n\n\n\n<p>Viel Spa\u00df bei deinem Training!<\/p>\n\n\n\n<figure class=\"wp-block-image size-large\"><img loading=\"lazy\" decoding=\"async\" width=\"1024\" height=\"462\" src=\"https:\/\/warendorfer-su.de\/wp-content\/uploads\/2026\/03\/WSU_LA_Becker-Runde-Strecke-1024x462.jpg\" alt=\"\" class=\"wp-image-1241\" srcset=\"https:\/\/warendorfer-su.de\/wp-content\/uploads\/2026\/03\/WSU_LA_Becker-Runde-Strecke-1024x462.jpg 1024w, https:\/\/warendorfer-su.de\/wp-content\/uploads\/2026\/03\/WSU_LA_Becker-Runde-Strecke-300x135.jpg 300w, https:\/\/warendorfer-su.de\/wp-content\/uploads\/2026\/03\/WSU_LA_Becker-Runde-Strecke-768x347.jpg 768w, https:\/\/warendorfer-su.de\/wp-content\/uploads\/2026\/03\/WSU_LA_Becker-Runde-Strecke-500x226.jpg 500w, https:\/\/warendorfer-su.de\/wp-content\/uploads\/2026\/03\/WSU_LA_Becker-Runde-Strecke.jpg 1400w\" sizes=\"auto, (max-width: 1024px) 100vw, 1024px\" \/><\/figure>\n\n\n\n<figure class=\"wp-block-image size-large\"><img loading=\"lazy\" decoding=\"async\" width=\"1024\" height=\"751\" src=\"https:\/\/warendorfer-su.de\/wp-content\/uploads\/2026\/03\/WSU_LA_Becker-Runde-1024x751.jpg\" alt=\"\" class=\"wp-image-1242\" srcset=\"https:\/\/warendorfer-su.de\/wp-content\/uploads\/2026\/03\/WSU_LA_Becker-Runde-1024x751.jpg 1024w, https:\/\/warendorfer-su.de\/wp-content\/uploads\/2026\/03\/WSU_LA_Becker-Runde-300x220.jpg 300w, https:\/\/warendorfer-su.de\/wp-content\/uploads\/2026\/03\/WSU_LA_Becker-Runde-768x563.jpg 768w, https:\/\/warendorfer-su.de\/wp-content\/uploads\/2026\/03\/WSU_LA_Becker-Runde-409x300.jpg 409w, https:\/\/warendorfer-su.de\/wp-content\/uploads\/2026\/03\/WSU_LA_Becker-Runde.jpg 1400w\" sizes=\"auto, (max-width: 1024px) 100vw, 1024px\" \/><\/figure>\n\n\n\n<p><em>Hermann-Josef Becker mit seiner Familie bei der Einweihung der Becker-Runde<\/em><\/p>\n","protected":false},"excerpt":{"rendered":"<p>Bei der Becker-Runde handelt es sich um eine sch\u00f6ne Laufstrecke des Warendorfer Emssee-Laufs. Die Streckenl\u00e4nge betr\u00e4gt circa 5,0 km. Der Warendorfer Emssee-Lauf wird jedes Jahr im Sommer von der Abteilung Leichtathletik der Warendorfer Sportunion e. V. veranstaltet und startet und &hellip; <a href=\"https:\/\/warendorfer-su.de\/index.php\/leichtathletik\/training\/becker-runde\/\">Weiterlesen <span class=\"meta-nav\">&rarr;<\/span><\/a><\/p>\n","protected":false},"author":12,"featured_media":1316,"parent":1284,"menu_order":5,"comment_status":"closed","ping_status":"closed","template":"","meta":{"ngg_post_thumbnail":0,"footnotes":""},"class_list":["post-193","page","type-page","status-publish","has-post-thumbnail","hentry"],"_links":{"self":[{"href":"https:\/\/warendorfer-su.de\/index.php\/wp-json\/wp\/v2\/pages\/193","targetHints":{"allow":["GET"]}}],"collection":[{"href":"https:\/\/warendorfer-su.de\/index.php\/wp-json\/wp\/v2\/pages"}],"about":[{"href":"https:\/\/warendorfer-su.de\/index.php\/wp-json\/wp\/v2\/types\/page"}],"author":[{"embeddable":true,"href":"https:\/\/warendorfer-su.de\/index.php\/wp-json\/wp\/v2\/users\/12"}],"replies":[{"embeddable":true,"href":"https:\/\/warendorfer-su.de\/index.php\/wp-json\/wp\/v2\/comments?post=193"}],"version-history":[{"count":6,"href":"https:\/\/warendorfer-su.de\/index.php\/wp-json\/wp\/v2\/pages\/193\/revisions"}],"predecessor-version":[{"id":1300,"href":"https:\/\/warendorfer-su.de\/index.php\/wp-json\/wp\/v2\/pages\/193\/revisions\/1300"}],"up":[{"embeddable":true,"href":"https:\/\/warendorfer-su.de\/index.php\/wp-json\/wp\/v2\/pages\/1284"}],"wp:featuredmedia":[{"embeddable":true,"href":"https:\/\/warendorfer-su.de\/index.php\/wp-json\/wp\/v2\/media\/1316"}],"wp:attachment":[{"href":"https:\/\/warendorfer-su.de\/index.php\/wp-json\/wp\/v2\/media?parent=193"}],"curies":[{"name":"wp","href":"https:\/\/api.w.org\/{rel}","templated":true}]}}