{"id":2,"date":"2025-10-30T09:51:30","date_gmt":"2025-10-30T07:51:30","guid":{"rendered":"\/?page_id=2"},"modified":"2026-01-29T13:00:05","modified_gmt":"2026-01-29T12:00:05","slug":"ballsport","status":"publish","type":"page","link":"https:\/\/warendorfer-su.de\/index.php\/ballsport\/","title":{"rendered":"Ballsport"},"content":{"rendered":"\n<p>Herzlich Willkommen bei der WSU-Ballsportabteilung<\/p>\n\n\n\n<p>Wie der Name schon sagt, bieten wir Euch hier alle Sportarten an, bei denen Ihr zur Aus\u00fcbung einen Ball verwenden m\u00fcsst.<\/p>\n\n\n\n<p>Die meisten Ballsportarten sind Teamsportarten &#8211; hier legen wir besonderen Wert auf Teamf\u00e4higkeit, soziales und tolerantes Verhalten, aber auch Lern- und Leistungsbereitschaft.<\/p>\n\n\n\n<p><strong>Wie vielf\u00e4ltig unser Ballsportangebot ist, seht Ihr an den nachstehenden Unter-Abteilungen:<\/strong><\/p>\n\n\n\n<p class=\"has-medium-font-size\"><\/p>\n\n\n\n<!-- Page-list plugin v.5.9 wordpress.org\/plugins\/page-list\/ -->\n<ul class=\"page-list \">\n<li class=\"page_item page-item-127 page_item_has_children\"><a href=\"https:\/\/warendorfer-su.de\/index.php\/ballsport\/badminton\/\">Badminton<\/a>\n<ul class='children'>\n\t<li class=\"page_item page-item-856\"><a href=\"https:\/\/warendorfer-su.de\/index.php\/ballsport\/badminton\/aktuelles\/\">Aktuelles<\/a><\/li>\n\t<li class=\"page_item page-item-163\"><a href=\"https:\/\/warendorfer-su.de\/index.php\/ballsport\/badminton\/badminton\/\">Breitensport<\/a><\/li>\n\t<li class=\"page_item page-item-135\"><a href=\"https:\/\/warendorfer-su.de\/index.php\/ballsport\/badminton\/foerderverein\/\">F\u00f6rderverein<\/a><\/li>\n\t<li class=\"page_item page-item-129\"><a href=\"https:\/\/warendorfer-su.de\/index.php\/ballsport\/badminton\/trainingszeiten\/\">Trainingszeiten<\/a><\/li>\n\t<li class=\"page_item page-item-133\"><a href=\"https:\/\/warendorfer-su.de\/index.php\/ballsport\/badminton\/vorstand\/\">Vorstand<\/a><\/li>\n\t<li class=\"page_item page-item-859\"><a href=\"https:\/\/warendorfer-su.de\/index.php\/ballsport\/badminton\/wettkampf\/\">Wettkampf<\/a><\/li>\n<\/ul>\n<\/li>\n<li class=\"page_item page-item-144 page_item_has_children\"><a href=\"https:\/\/warendorfer-su.de\/index.php\/ballsport\/basketball\/\">Basketball<\/a>\n<ul class='children'>\n\t<li class=\"page_item page-item-147\"><a href=\"https:\/\/warendorfer-su.de\/index.php\/ballsport\/basketball\/trainingszeiten\/\">Trainingszeiten<\/a><\/li>\n<\/ul>\n<\/li>\n<li class=\"page_item page-item-142\"><a href=\"https:\/\/warendorfer-su.de\/index.php\/ballsport\/faustball\/\">Faustball<\/a><\/li>\n<li class=\"page_item page-item-42 page_item_has_children\"><a href=\"https:\/\/warendorfer-su.de\/index.php\/ballsport\/fussball\/\">Fu\u00dfball<\/a>\n<ul class='children'>\n\t<li class=\"page_item page-item-46\"><a href=\"https:\/\/warendorfer-su.de\/index.php\/ballsport\/fussball\/kontakt\/\">Kontakt<\/a><\/li>\n\t<li class=\"page_item page-item-44\"><a href=\"https:\/\/warendorfer-su.de\/index.php\/ballsport\/fussball\/news\/\">News<\/a><\/li>\n\t<li class=\"page_item page-item-1409\"><a href=\"https:\/\/warendorfer-su.de\/index.php\/ballsport\/fussball\/sponsoren\/\">Sponsoren<\/a><\/li>\n\t<li class=\"page_item page-item-1153\"><a href=\"https:\/\/warendorfer-su.de\/index.php\/ballsport\/fussball\/vorstand\/\">Vorstand<\/a><\/li>\n<\/ul>\n<\/li>\n<li class=\"page_item page-item-48 page_item_has_children\"><a href=\"https:\/\/warendorfer-su.de\/index.php\/ballsport\/handball\/\">Handball<\/a>\n<ul class='children'>\n\t<li class=\"page_item page-item-538\"><a href=\"https:\/\/warendorfer-su.de\/index.php\/ballsport\/handball\/foerderverein\/\">F\u00f6rderverein<\/a><\/li>\n\t<li class=\"page_item page-item-67 page_item_has_children\"><a href=\"https:\/\/warendorfer-su.de\/index.php\/ballsport\/handball\/mannschaften\/\">Mannschaften<\/a>\n\t<ul class='children'>\n\t\t<li class=\"page_item page-item-521\"><a href=\"https:\/\/warendorfer-su.de\/index.php\/ballsport\/handball\/mannschaften\/1-damen\/\">1. Damen<\/a><\/li>\n\t\t<li class=\"page_item page-item-69\"><a href=\"https:\/\/warendorfer-su.de\/index.php\/ballsport\/handball\/mannschaften\/1-herren\/\">1. Herren<\/a><\/li>\n\t\t<li class=\"page_item page-item-524\"><a href=\"https:\/\/warendorfer-su.de\/index.php\/ballsport\/handball\/mannschaften\/2-damen\/\">2. Damen<\/a><\/li>\n\t\t<li class=\"page_item page-item-82\"><a href=\"https:\/\/warendorfer-su.de\/index.php\/ballsport\/handball\/mannschaften\/2-herren\/\">2. Herren<\/a><\/li>\n\t\t<li class=\"page_item page-item-812\"><a href=\"https:\/\/warendorfer-su.de\/index.php\/ballsport\/handball\/mannschaften\/bambinis\/\">Bambinis<\/a><\/li>\n\t\t<li class=\"page_item page-item-526\"><a href=\"https:\/\/warendorfer-su.de\/index.php\/ballsport\/handball\/mannschaften\/maennliche-a-jugend\/\">M\u00e4nnliche A Jugend<\/a><\/li>\n\t\t<li class=\"page_item page-item-529\"><a href=\"https:\/\/warendorfer-su.de\/index.php\/ballsport\/handball\/mannschaften\/maennliche-c-jugend\/\">M\u00e4nnliche C Jugend<\/a><\/li>\n\t\t<li class=\"page_item page-item-531\"><a href=\"https:\/\/warendorfer-su.de\/index.php\/ballsport\/handball\/mannschaften\/maennliche-d-jugend\/\">M\u00e4nnliche D Jugend<\/a><\/li>\n\t\t<li class=\"page_item page-item-533\"><a href=\"https:\/\/warendorfer-su.de\/index.php\/ballsport\/handball\/mannschaften\/maennliche-e-jugend\/\">M\u00e4nnliche E Jugend<\/a><\/li>\n\t\t<li class=\"page_item page-item-806\"><a href=\"https:\/\/warendorfer-su.de\/index.php\/ballsport\/handball\/mannschaften\/minis\/\">Minis<\/a><\/li>\n\t\t<li class=\"page_item page-item-810\"><a href=\"https:\/\/warendorfer-su.de\/index.php\/ballsport\/handball\/mannschaften\/piraten\/\">Piraten<\/a><\/li>\n\t<\/ul>\n<\/li>\n\t<li class=\"page_item page-item-540\"><a href=\"https:\/\/warendorfer-su.de\/index.php\/ballsport\/handball\/sponsoren\/\">Sponsoren<\/a><\/li>\n\t<li class=\"page_item page-item-536\"><a href=\"https:\/\/warendorfer-su.de\/index.php\/ballsport\/handball\/trainingszeiten\/\">Trainingszeiten<\/a><\/li>\n\t<li class=\"page_item page-item-542\"><a href=\"https:\/\/warendorfer-su.de\/index.php\/ballsport\/handball\/vorstand\/\">Vorstand<\/a><\/li>\n<\/ul>\n<\/li>\n<li class=\"page_item page-item-121 page_item_has_children\"><a href=\"https:\/\/warendorfer-su.de\/index.php\/ballsport\/tischtennis\/\">Tischtennis<\/a>\n<ul class='children'>\n\t<li class=\"page_item page-item-123\"><a href=\"https:\/\/warendorfer-su.de\/index.php\/ballsport\/tischtennis\/trainingszeiten\/\">Trainingszeiten<\/a><\/li>\n<\/ul>\n<\/li>\n<li class=\"page_item page-item-108 page_item_has_children\"><a href=\"https:\/\/warendorfer-su.de\/index.php\/ballsport\/volleyball\/\">Volleyball<\/a>\n<ul class='children'>\n\t<li class=\"page_item page-item-110\"><a href=\"https:\/\/warendorfer-su.de\/index.php\/ballsport\/volleyball\/abteilungsvorstand\/\">Abteilungsvorstand<\/a><\/li>\n\t<li class=\"page_item page-item-117\"><a href=\"https:\/\/warendorfer-su.de\/index.php\/ballsport\/volleyball\/beachvolleyball\/\">Beachvolleyball<\/a><\/li>\n\t<li class=\"page_item page-item-113\"><a href=\"https:\/\/warendorfer-su.de\/index.php\/ballsport\/volleyball\/hallenplan\/\">Hallenplan<\/a><\/li>\n<\/ul>\n<\/li>\n<li class=\"page_item page-item-149 page_item_has_children\"><a href=\"https:\/\/warendorfer-su.de\/index.php\/ballsport\/wasserball\/\">Wasserball<\/a>\n<ul class='children'>\n\t<li class=\"page_item page-item-159\"><a href=\"https:\/\/warendorfer-su.de\/index.php\/ballsport\/wasserball\/anfahrt\/\">Anfahrt<\/a><\/li>\n\t<li class=\"page_item page-item-151\"><a href=\"https:\/\/warendorfer-su.de\/index.php\/ballsport\/wasserball\/das-team\/\">Das Team<\/a><\/li>\n\t<li class=\"page_item page-item-157\"><a href=\"https:\/\/warendorfer-su.de\/index.php\/ballsport\/wasserball\/protokollfuehrung\/\">Protokollf\u00fchrung<\/a><\/li>\n\t<li class=\"page_item page-item-155\"><a href=\"https:\/\/warendorfer-su.de\/index.php\/ballsport\/wasserball\/regeln\/\">Regeln<\/a><\/li>\n\t<li class=\"page_item page-item-153\"><a href=\"https:\/\/warendorfer-su.de\/index.php\/ballsport\/wasserball\/trainingszeiten\/\">Trainingszeiten<\/a><\/li>\n<\/ul>\n<\/li>\n\n<\/ul>\n\n\n\n<p><\/p>\n","protected":false},"excerpt":{"rendered":"<p>Herzlich Willkommen bei der WSU-Ballsportabteilung Wie der Name schon sagt, bieten wir Euch hier alle Sportarten an, bei denen Ihr zur Aus\u00fcbung einen Ball verwenden m\u00fcsst. Die meisten Ballsportarten sind Teamsportarten &#8211; hier legen wir besonderen Wert auf Teamf\u00e4higkeit, soziales &hellip; <a href=\"https:\/\/warendorfer-su.de\/index.php\/ballsport\/\">Weiterlesen <span class=\"meta-nav\">&rarr;<\/span><\/a><\/p>\n","protected":false},"author":1,"featured_media":0,"parent":0,"menu_order":4,"comment_status":"closed","ping_status":"closed","template":"","meta":{"ngg_post_thumbnail":0,"footnotes":""},"class_list":["post-2","page","type-page","status-publish","hentry"],"_links":{"self":[{"href":"https:\/\/warendorfer-su.de\/index.php\/wp-json\/wp\/v2\/pages\/2","targetHints":{"allow":["GET"]}}],"collection":[{"href":"https:\/\/warendorfer-su.de\/index.php\/wp-json\/wp\/v2\/pages"}],"about":[{"href":"https:\/\/warendorfer-su.de\/index.php\/wp-json\/wp\/v2\/types\/page"}],"author":[{"embeddable":true,"href":"https:\/\/warendorfer-su.de\/index.php\/wp-json\/wp\/v2\/users\/1"}],"replies":[{"embeddable":true,"href":"https:\/\/warendorfer-su.de\/index.php\/wp-json\/wp\/v2\/comments?post=2"}],"version-history":[{"count":10,"href":"https:\/\/warendorfer-su.de\/index.php\/wp-json\/wp\/v2\/pages\/2\/revisions"}],"predecessor-version":[{"id":464,"href":"https:\/\/warendorfer-su.de\/index.php\/wp-json\/wp\/v2\/pages\/2\/revisions\/464"}],"wp:attachment":[{"href":"https:\/\/warendorfer-su.de\/index.php\/wp-json\/wp\/v2\/media?parent=2"}],"curies":[{"name":"wp","href":"https:\/\/api.w.org\/{rel}","templated":true}]}}