{"id":206,"date":"2025-12-21T23:33:34","date_gmt":"2025-12-21T22:33:34","guid":{"rendered":"https:\/\/wwsu.de\/?page_id=206"},"modified":"2026-03-03T18:12:54","modified_gmt":"2026-03-03T17:12:54","slug":"kinderturnen","status":"publish","type":"page","link":"https:\/\/warendorfer-su.de\/index.php\/turnen\/kinderturnen\/","title":{"rendered":"Kinderturnen"},"content":{"rendered":"\n<p>Spiel, Spa\u00df und Bewegung stehen bei unseren J\u00fcngsten im Mittelpunkt. Wir bieten verschiedene Gruppen vom ersten Eltern-Kind-Turnen bis zum eigenst\u00e4ndigen Turnen f\u00fcr Grundschulkinder an.<\/p>\n\n\n\n<blockquote class=\"wp-block-quote is-layout-flow wp-block-quote-is-layout-flow\">\n<h3 class=\"wp-block-heading\">\u26a0\ufe0f Wichtige Information zur Anmeldung<\/h3>\n\n\n\n<p><strong>Bitte beachten Sie:<\/strong> Viele unserer Gruppen sind aktuell <strong>vollst\u00e4ndig ausgebucht<\/strong>!<\/p>\n\n\n\n<p>Alle neuen Interessenten werden gebeten, sich <strong>schriftlich vorab zu melden <\/strong>unter: <\/p>\n\n\n\n<p>Kinderturnen_Anfragen_WSU@<a href=\"https:\/\/deref-web.de\/mail\/client\/ZLi6_80LOrA\/dereferrer\/?redirectUrl=http%3A%2F%2Fgmx.de%2F&amp;lm\" target=\"_blank\" rel=\"noreferrer noopener\">gmx.de<\/a><\/p>\n\n\n\n<p>Aktuell ist leider ein spontanes Probeturnen ohne vorherigen schriftlichen Kontakt nicht mehr m\u00f6glich. <\/p>\n\n\n\n<p><em>Vielen Dank f\u00fcr Ihr Verst\u00e4ndnis! Ihre WSU-Turnabteilung<\/em><\/p>\n<\/blockquote>\n\n\n\n<hr class=\"wp-block-separator has-alpha-channel-opacity\"\/>\n\n\n\n<h2 class=\"wp-block-heading\">Unsere Gruppen im \u00dcberblick<\/h2>\n\n\n\n<figure class=\"wp-block-table\"><table class=\"has-fixed-layout\"><thead><tr><td><strong>Gruppe \/ Alter<\/strong><\/td><td><strong>Zeit<\/strong><\/td><td><strong>Ort<\/strong><\/td><td><strong>Leitung<\/strong><\/td><td><strong>Status<\/strong><\/td><\/tr><\/thead><tbody><tr><td><strong>Eltern-Kind-Turnen<\/strong><br>(1\u00bd \u2013 4 Jahre)<\/td><td><strong>Mo.<\/strong> 16:15 \u2013 17:15 Uhr<br><em>(Aufbau ab 16:00 Uhr)<\/em><\/td><td>Laurentius Grundschule<\/td><td>Carolin Hintzy<\/td><td>\ud83d\udd34 Ausgebucht<\/td><\/tr><tr><td><strong>Eltern-Kind-Turnen<\/strong><br>(1\u00bd \u2013 4 Jahre)<\/td><td><strong>Mo.<\/strong> 17:15 \u2013 18:15 Uhr<br><em>(Abbau ab 18:00 Uhr)<\/em><\/td><td>Laurentius Grundschule<\/td><td>Carolin Hintzy<\/td><td>\ud83d\udd34 Ausgebucht<\/td><\/tr><tr><td><strong>Eltern-Kind-Turnen<\/strong><br>(1\u00bd \u2013 4 Jahre)<\/td><td><strong>Di.<\/strong> 16:15 \u2013 17:15 Uhr<\/td><td>Gesamtschule (Kapellenstr.)<\/td><td>V. Brehm<\/td><td>\ud83d\udd34 Ausgebucht<\/td><\/tr><tr><td><strong>Turnen (M\u00e4d. &amp; Jungs)<\/strong><br>(3 \u2013 6 Jahre)<\/td><td><strong>Do.<\/strong> 16:30 \u2013 17:30 Uhr<\/td><td>Gesamtschule (Kapellenstr.)<\/td><td>Stephanie Brinkmann<\/td><td>\ud83d\udd34 Ausgebucht<\/td><\/tr><tr><td><strong>Turnen (M\u00e4d. &amp; Jungs)<\/strong><br>(4 \u2013 8 Jahre)<\/td><td><strong>Mi.<\/strong> 16:15 \u2013 17:15 Uhr<\/td><td>Gesamtschule (Kapellenstr.)<\/td><td>S. H\u00fclsmann<\/td><td>\ud83d\udd34 Ausgebucht<\/td><\/tr><\/tbody><\/table><\/figure>\n\n\n\n<hr class=\"wp-block-separator has-alpha-channel-opacity\"\/>\n\n\n\n<h3 class=\"wp-block-heading\">Erl\u00e4uterungen zu den Standorten<\/h3>\n\n\n\n<ul class=\"wp-block-list\">\n<li><strong>Laurentius Grundschule:<\/strong> Dr.-Leve-Stra\u00dfe, Warendorf<\/li>\n\n\n\n<li><strong>Gesamtschule:<\/strong> Kapellenstra\u00dfe 21, Warendorf<\/li>\n<\/ul>\n","protected":false},"excerpt":{"rendered":"<p>Spiel, Spa\u00df und Bewegung stehen bei unseren J\u00fcngsten im Mittelpunkt. Wir bieten verschiedene Gruppen vom ersten Eltern-Kind-Turnen bis zum eigenst\u00e4ndigen Turnen f\u00fcr Grundschulkinder an. \u26a0\ufe0f Wichtige Information zur Anmeldung Bitte beachten Sie: Viele unserer Gruppen sind aktuell vollst\u00e4ndig ausgebucht! Alle &hellip; <a href=\"https:\/\/warendorfer-su.de\/index.php\/turnen\/kinderturnen\/\">Weiterlesen <span class=\"meta-nav\">&rarr;<\/span><\/a><\/p>\n","protected":false},"author":1,"featured_media":0,"parent":21,"menu_order":0,"comment_status":"closed","ping_status":"closed","template":"","meta":{"ngg_post_thumbnail":0,"footnotes":""},"class_list":["post-206","page","type-page","status-publish","hentry"],"_links":{"self":[{"href":"https:\/\/warendorfer-su.de\/index.php\/wp-json\/wp\/v2\/pages\/206","targetHints":{"allow":["GET"]}}],"collection":[{"href":"https:\/\/warendorfer-su.de\/index.php\/wp-json\/wp\/v2\/pages"}],"about":[{"href":"https:\/\/warendorfer-su.de\/index.php\/wp-json\/wp\/v2\/types\/page"}],"author":[{"embeddable":true,"href":"https:\/\/warendorfer-su.de\/index.php\/wp-json\/wp\/v2\/users\/1"}],"replies":[{"embeddable":true,"href":"https:\/\/warendorfer-su.de\/index.php\/wp-json\/wp\/v2\/comments?post=206"}],"version-history":[{"count":2,"href":"https:\/\/warendorfer-su.de\/index.php\/wp-json\/wp\/v2\/pages\/206\/revisions"}],"predecessor-version":[{"id":1187,"href":"https:\/\/warendorfer-su.de\/index.php\/wp-json\/wp\/v2\/pages\/206\/revisions\/1187"}],"up":[{"embeddable":true,"href":"https:\/\/warendorfer-su.de\/index.php\/wp-json\/wp\/v2\/pages\/21"}],"wp:attachment":[{"href":"https:\/\/warendorfer-su.de\/index.php\/wp-json\/wp\/v2\/media?parent=206"}],"curies":[{"name":"wp","href":"https:\/\/api.w.org\/{rel}","templated":true}]}}