{"id":21,"date":"2025-12-20T17:40:32","date_gmt":"2025-12-20T16:40:32","guid":{"rendered":"https:\/\/wwsu.de\/?page_id=21"},"modified":"2026-04-10T18:48:57","modified_gmt":"2026-04-10T16:48:57","slug":"turnen","status":"publish","type":"page","link":"https:\/\/warendorfer-su.de\/index.php\/turnen\/","title":{"rendered":"Turnen"},"content":{"rendered":"\n<h1 class=\"wp-block-heading\"><strong>Herzlich willkommen auf den Seiten der Turnabteilung der Warendorfer Sportunion e.V.<\/strong><\/h1>\n\n\n\n<p>Wir bieten ein breites Spektrum vom Kinderturnen \u00fcber den leistungsorientierten Wettkampfsport bis hin zum Faustball. Wir hoffen, dass Sie alle gew\u00fcnschten Informationen direkt finden.<\/p>\n\n\n\n<ul class=\"wp-block-list\">\n<li><strong>Haben Sie Fragen?<\/strong> Wenden Sie sich gerne an unsere Ansprechpartner unter dem Men\u00fcpunkt <strong><a href=\"https:\/\/wwsu.de\/index.php\/turnen\/kontakt\/\" data-type=\"page\" data-id=\"202\" target=\"_blank\" rel=\"noreferrer noopener\">Kontakt<\/a><\/strong>.<\/li>\n<\/ul>\n\n\n\n<hr class=\"wp-block-separator has-alpha-channel-opacity\"\/>\n\n\n\n<h2 class=\"wp-block-heading\">\ud83c\udfc6 Aktuelles &amp; Wettkampfberichte<\/h2>\n\n\n\n<p><strong>Information der WSU-Turnabteilung<\/strong><\/p>\n\n\n\n<p>(03.03.2026) Leider sind die bisherigen Inhalte der WSU-Turnabteilung dem Neustart der WSU-Homepage zum Opfer gefallen.<\/p>\n\n\n\n<p>Derzeit arbeiten wir daran, die bisherigen Inhalte f\u00fcr einen moderneren Auftritt der WSU-Turnabteilung neu zu strukturieren und sorgf\u00e4ltig zu sichten. Unser Ziel ist es, die Abteilung zeitgem\u00e4\u00df in einem modernen Design mit einfacher Navigation zu pr\u00e4sentieren.<\/p>\n\n\n\n<p>Wir freuen uns darauf, hier schon bald wieder \u00fcber Aktuelles, Veranstaltungen und tolle Ergebnisse aus der Turnabteilung berichten zu k\u00f6nnen.<\/p>\n\n\n\n<p>Bitte habt noch etwas Geduld mit uns, da wir in vielen Bereichen von ganz vorne anfangen m\u00fcssen. Gleichzeitig ist es uns ein gro\u00dfes Anliegen, die Historie der vielen erfolgreichen Jahre unserer Turnvereinsgeschichte zu bewahren und auch k\u00fcnftig sichtbar zu machen.<\/p>\n\n\n\n<h2 class=\"wp-block-heading\">Einladung zur Jahreshauptversammlung &#8211; Turntag 2026<\/h2>\n\n\n\n<div data-wp-interactive=\"core\/file\" class=\"wp-block-file\"><object data-wp-bind--hidden=\"!state.hasPdfPreview\" hidden class=\"wp-block-file__embed\" data=\"https:\/\/warendorfer-su.de\/wp-content\/uploads\/2026\/04\/2026-Turntag-WSU-Einladung.pdf\" type=\"application\/pdf\" style=\"width:100%;height:875px\" aria-label=\"Einbettung von 2026 Turntag WSU Einladung.\"><\/object><a id=\"wp-block-file--media-64d91446-9eb6-4aa4-850c-dc3e6f3f743c\" href=\"https:\/\/warendorfer-su.de\/wp-content\/uploads\/2026\/04\/2026-Turntag-WSU-Einladung.pdf\">2026 Turntag WSU Einladung<\/a><\/div>\n\n\n\n<p><\/p>\n","protected":false},"excerpt":{"rendered":"<p>Herzlich willkommen auf den Seiten der Turnabteilung der Warendorfer Sportunion e.V. Wir bieten ein breites Spektrum vom Kinderturnen \u00fcber den leistungsorientierten Wettkampfsport bis hin zum Faustball. Wir hoffen, dass Sie alle gew\u00fcnschten Informationen direkt finden. \ud83c\udfc6 Aktuelles &amp; Wettkampfberichte Information &hellip; <a href=\"https:\/\/warendorfer-su.de\/index.php\/turnen\/\">Weiterlesen <span class=\"meta-nav\">&rarr;<\/span><\/a><\/p>\n","protected":false},"author":1,"featured_media":0,"parent":0,"menu_order":9,"comment_status":"closed","ping_status":"closed","template":"","meta":{"ngg_post_thumbnail":0,"footnotes":""},"class_list":["post-21","page","type-page","status-publish","hentry"],"_links":{"self":[{"href":"https:\/\/warendorfer-su.de\/index.php\/wp-json\/wp\/v2\/pages\/21","targetHints":{"allow":["GET"]}}],"collection":[{"href":"https:\/\/warendorfer-su.de\/index.php\/wp-json\/wp\/v2\/pages"}],"about":[{"href":"https:\/\/warendorfer-su.de\/index.php\/wp-json\/wp\/v2\/types\/page"}],"author":[{"embeddable":true,"href":"https:\/\/warendorfer-su.de\/index.php\/wp-json\/wp\/v2\/users\/1"}],"replies":[{"embeddable":true,"href":"https:\/\/warendorfer-su.de\/index.php\/wp-json\/wp\/v2\/comments?post=21"}],"version-history":[{"count":10,"href":"https:\/\/warendorfer-su.de\/index.php\/wp-json\/wp\/v2\/pages\/21\/revisions"}],"predecessor-version":[{"id":1347,"href":"https:\/\/warendorfer-su.de\/index.php\/wp-json\/wp\/v2\/pages\/21\/revisions\/1347"}],"wp:attachment":[{"href":"https:\/\/warendorfer-su.de\/index.php\/wp-json\/wp\/v2\/media?parent=21"}],"curies":[{"name":"wp","href":"https:\/\/api.w.org\/{rel}","templated":true}]}}