{"id":214,"date":"2025-12-21T23:39:35","date_gmt":"2025-12-21T22:39:35","guid":{"rendered":"https:\/\/wwsu.de\/?page_id=214"},"modified":"2025-12-21T23:39:35","modified_gmt":"2025-12-21T22:39:35","slug":"foerderverein","status":"publish","type":"page","link":"https:\/\/warendorfer-su.de\/index.php\/turnen\/foerderverein\/","title":{"rendered":"F\u00f6rderverein"},"content":{"rendered":"\n<blockquote class=\"wp-block-quote is-layout-flow wp-block-quote-is-layout-flow\">\n<p><em>\u201eTurnen ist oftmals mehr als nur ein Hobby &#8230; es ist Gemeinschaft erleben, sich gegenseitig unterst\u00fctzen, anfeuern, tr\u00f6sten und die Freude \u00fcber gelungene \u00dcbungen teilen.\u201c<\/em><\/p>\n<\/blockquote>\n\n\n\n<p>Seit vielen Jahren unterst\u00fctzt der F\u00f6rderverein die Turnabteilung der WSU ideell und finanziell. Unser Ziel ist es, den Sportlerinnen und Sportlern optimale Rahmenbedingungen f\u00fcr ihr Training und ihre Wettk\u00e4mpfe zu erm\u00f6glichen.<\/p>\n\n\n\n<hr class=\"wp-block-separator has-alpha-channel-opacity\"\/>\n\n\n\n<h3 class=\"wp-block-heading\">Was wir tun<\/h3>\n\n\n\n<p>Durch Mitgliedsbeitr\u00e4ge, Spenden und die Bewirtung bei sportlichen Wettk\u00e4mpfen (Kaffeeterien) sammeln wir Mittel, die zu <strong>100 % der Turnabteilung<\/strong> zugutekommen. Wir unterst\u00fctzen unter anderem bei:<\/p>\n\n\n\n<ul class=\"wp-block-list\">\n<li>Anschaffung und Instandhaltung von <strong>Turn- und Trainingsger\u00e4ten<\/strong>.<\/li>\n\n\n\n<li>Bereitstellung einheitlicher <strong>Turnbekleidung<\/strong>.<\/li>\n\n\n\n<li>Organisation von <strong>Festen, Fahrten und besonderen Veranstaltungen<\/strong>.<\/li>\n<\/ul>\n\n\n\n<hr class=\"wp-block-separator has-alpha-channel-opacity\"\/>\n\n\n\n<h3 class=\"wp-block-heading\">Ein starkes Zeichen: Neue Outfits f\u00fcr den Neustart<\/h3>\n\n\n\n<p>Ein besonderes Highlight war die Unterst\u00fctzung nach der Pandemiezeit. Der F\u00f6rderverein stattete die Turnerinnen und Turner mit neuen Outfits im aktuellen WSU-Look aus, um ein Zeichen f\u00fcr Zusammenhalt und Motivation zu setzen.<\/p>\n\n\n\n<p><em>Das Bild zeigt die verschiedenen Wettkampf- und Trainingsgruppen bei der \u00dcbergabe der Outfits durch Steffi Flatau (links) und Steffi Schulden (rechts) an die Turnabteilung.<\/em><\/p>\n\n\n\n<hr class=\"wp-block-separator has-alpha-channel-opacity\"\/>\n\n\n\n<h3 class=\"wp-block-heading\">Werden Sie Teil der Gemeinschaft!<\/h3>\n\n\n\n<p>Sie k\u00f6nnen die Arbeit des F\u00f6rdervereins und damit direkt unsere Turnerinnen und Turner unterst\u00fctzen \u2013 entweder durch eine <strong>Mitgliedschaft<\/strong> oder eine <strong>einmalige Spende<\/strong>.<\/p>\n\n\n\n<p><\/p>\n\n\n\n<p>Vielen Dank im Namen aller Turnerinnen und Turner!<\/p>\n\n\n\n<p><strong>Steffi Flatau<\/strong> <em>(1. Vorsitzende des F\u00f6rdervereins)<\/em><\/p>\n","protected":false},"excerpt":{"rendered":"<p>\u201eTurnen ist oftmals mehr als nur ein Hobby &#8230; es ist Gemeinschaft erleben, sich gegenseitig unterst\u00fctzen, anfeuern, tr\u00f6sten und die Freude \u00fcber gelungene \u00dcbungen teilen.\u201c Seit vielen Jahren unterst\u00fctzt der F\u00f6rderverein die Turnabteilung der WSU ideell und finanziell. Unser Ziel &hellip; <a href=\"https:\/\/warendorfer-su.de\/index.php\/turnen\/foerderverein\/\">Weiterlesen <span class=\"meta-nav\">&rarr;<\/span><\/a><\/p>\n","protected":false},"author":1,"featured_media":0,"parent":21,"menu_order":0,"comment_status":"closed","ping_status":"closed","template":"","meta":{"ngg_post_thumbnail":0,"footnotes":""},"class_list":["post-214","page","type-page","status-publish","hentry"],"_links":{"self":[{"href":"https:\/\/warendorfer-su.de\/index.php\/wp-json\/wp\/v2\/pages\/214","targetHints":{"allow":["GET"]}}],"collection":[{"href":"https:\/\/warendorfer-su.de\/index.php\/wp-json\/wp\/v2\/pages"}],"about":[{"href":"https:\/\/warendorfer-su.de\/index.php\/wp-json\/wp\/v2\/types\/page"}],"author":[{"embeddable":true,"href":"https:\/\/warendorfer-su.de\/index.php\/wp-json\/wp\/v2\/users\/1"}],"replies":[{"embeddable":true,"href":"https:\/\/warendorfer-su.de\/index.php\/wp-json\/wp\/v2\/comments?post=214"}],"version-history":[{"count":2,"href":"https:\/\/warendorfer-su.de\/index.php\/wp-json\/wp\/v2\/pages\/214\/revisions"}],"predecessor-version":[{"id":1192,"href":"https:\/\/warendorfer-su.de\/index.php\/wp-json\/wp\/v2\/pages\/214\/revisions\/1192"}],"up":[{"embeddable":true,"href":"https:\/\/warendorfer-su.de\/index.php\/wp-json\/wp\/v2\/pages\/21"}],"wp:attachment":[{"href":"https:\/\/warendorfer-su.de\/index.php\/wp-json\/wp\/v2\/media?parent=214"}],"curies":[{"name":"wp","href":"https:\/\/api.w.org\/{rel}","templated":true}]}}