{"id":225,"date":"2025-12-21T23:50:40","date_gmt":"2025-12-21T22:50:40","guid":{"rendered":"https:\/\/wwsu.de\/?page_id=225"},"modified":"2026-01-25T13:00:35","modified_gmt":"2026-01-25T12:00:35","slug":"training","status":"publish","type":"page","link":"https:\/\/warendorfer-su.de\/index.php\/wassersport\/schwimmen\/training\/","title":{"rendered":"Training"},"content":{"rendered":"\n<p>Der Trainingsbetrieb findet unter hervorragenden Bedingungen in den Schwimmhallen der <strong>Sportschule der Bundeswehr<\/strong> in Warendorf statt. Uns stehen zwei Becken zur Verf\u00fcgung:<\/p>\n\n\n\n<ul class=\"wp-block-list\">\n<li><strong>Halle A:<\/strong> 50m-Bahnen (Olympisches Ma\u00df)<\/li>\n\n\n\n<li><strong>Halle B:<\/strong> 25m-Bahnen<\/li>\n<\/ul>\n\n\n\n<h3 class=\"wp-block-heading\">\u26a0\ufe0f Wichtige Zugangsvoraussetzungen<\/h3>\n\n\n\n<p>Da das Training auf einem milit\u00e4rischen Gel\u00e4nde stattfindet, beachten Sie bitte zwingend folgende Regeln:<\/p>\n\n\n\n<ol start=\"1\" class=\"wp-block-list\">\n<li><strong>Kasernensonderausweis:<\/strong> Der Ausweis ist beim Wachpersonal unaufgefordert vorzuzeigen oder am Drehkreuz (Eingang Lange Wieske) zu nutzen. Ohne g\u00fcltigen Ausweis ist kein Zutritt m\u00f6glich. Zus\u00e4tzlich muss ein amtlicher Ausweis mitgef\u00fchrt und auf Anforderung vorgezeigt werden.<\/li>\n\n\n\n<li><strong>P\u00fcnktlichkeit:<\/strong> Die Hallen d\u00fcrfen nur exakt zu den angegebenen Trainingszeiten genutzt werden.<\/li>\n<\/ol>\n\n\n\n<blockquote class=\"wp-block-quote is-layout-flow wp-block-quote-is-layout-flow\">\n<p><strong>Informationen f\u00fcr Neueinsteiger:<\/strong> F\u00fcr die Gruppen <em>Anf\u00e4nger<\/em> und <em>Aufbau<\/em> f\u00fchren wir eine Warteliste. Bitte melden Sie sich im <strong>WSU-B\u00fcro unter Tel. 02581 61977<\/strong>.<\/p>\n<\/blockquote>\n\n\n\n<hr class=\"wp-block-separator has-alpha-channel-opacity\"\/>\n\n\n\n<h2 class=\"wp-block-heading\">Trainingszeiten (\u00dcbersicht f\u00fcr Neueinsteiger)<\/h2>\n\n\n\n<figure class=\"wp-block-table\"><table class=\"has-fixed-layout\"><thead><tr><td><strong>Bereich \/ Gruppe<\/strong><\/td><td><strong>Tag<\/strong><\/td><td><strong>Zeit<\/strong><\/td><td><strong>Halle<\/strong><\/td><td><strong>Ansprechpartner<\/strong><\/td><\/tr><\/thead><tbody><tr><td><strong>Anf\u00e4nger<\/strong> (ab Seepferdchen)<\/td><td>Mo, Di, Do<\/td><td>17:00 \u2013 18:00<\/td><td>B<\/td><td>G. Sch\u00fctte \/ <br>T. Sawukaytis \/<br>C. Leifer <\/td><\/tr><tr><td><strong>Aufbaugruppen<\/strong><\/td><td>Mo<\/td><td>18:00 \u2013 19:00<\/td><td>B<\/td><td>G..Sch\u00fctte<\/td><\/tr><tr><td><\/td><td>Di, Do<\/td><td>17:00 \u2013 18:00<\/td><td>B<\/td><td>T. Sawukaytis \/ C. Leifer<\/td><\/tr><tr><td><strong>Breitensport<\/strong> (Kind\/Jugend)<\/td><td>Fr<\/td><td>16:00 \u2013 17:00<\/td><td>A<\/td><td>A. Wei\u00dfen \/ N. Bruns<\/td><\/tr><tr><td><strong>Wettkampfmannschaft<\/strong><\/td><td>Mo, Do<\/td><td>18:00 \u2013 19:30<\/td><td>A<\/td><td>Uwe Witte<\/td><\/tr><tr><td><\/td><td>Di<\/td><td>18:00 \u2013 19:00<\/td><td>A<\/td><td>(Cheftrainer)<\/td><\/tr><tr><td><\/td><td>Fr<\/td><td>16:00 \u2013 18:00<\/td><td>A<\/td><td><\/td><\/tr><tr><td><strong>Masters<\/strong> (ab 20 J.)<\/td><td>Mo, Do<\/td><td>19:00 \u2013 20:30<\/td><td>A<\/td><td>Sascha Thiel<\/td><\/tr><tr><td><strong>Wasserball<\/strong><\/td><td>Mo<\/td><td>19:00 \u2013 20:30<\/td><td>B<\/td><td>Richard Rauer<\/td><\/tr><tr><td><strong>Triathlon<\/strong><\/td><td>Mo<\/td><td>19:00 \u2013 20:30<\/td><td>A<\/td><td>Andrea Schmitz<\/td><\/tr><tr><td><\/td><td>Do<\/td><td>19:30 \u2013 20:55<\/td><td>A<\/td><td><\/td><\/tr><\/tbody><\/table><\/figure>\n\n\n\n<hr class=\"wp-block-separator has-alpha-channel-opacity\"\/>\n\n\n\n<h2 class=\"wp-block-heading\">Fitness &amp; Gesundheit (20 \u2013 85 Jahre)<\/h2>\n\n\n\n<figure class=\"wp-block-table\"><table class=\"has-fixed-layout\"><thead><tr><td><strong>Angebot<\/strong><\/td><td><strong>Tag<\/strong><\/td><td><strong>Zeit<\/strong><\/td><td><strong>Halle<\/strong><\/td><td><strong>Leitung<\/strong><\/td><\/tr><\/thead><tbody><tr><td><strong>Gymnastik &amp; Schwimmen<\/strong><\/td><td>Mo<\/td><td>20:00 \u2013 21:00<\/td><td>B \/ A<\/td><td>Fiona Rauer<\/td><\/tr><tr><td><strong>Aquajogging &amp; Schwimmen<\/strong><\/td><td>Do<\/td><td>20:00 \u2013 21:00<\/td><td>B \/ A<\/td><td>Sascha Thiel<\/td><\/tr><tr><td><strong>Wassergymnastik<\/strong><\/td><td>Di oder Fr<\/td><td>18:00 \u2013 19:00<\/td><td>B<\/td><td>Sascha Thiel<\/td><\/tr><\/tbody><\/table><\/figure>\n","protected":false},"excerpt":{"rendered":"<p>Der Trainingsbetrieb findet unter hervorragenden Bedingungen in den Schwimmhallen der Sportschule der Bundeswehr in Warendorf statt. Uns stehen zwei Becken zur Verf\u00fcgung: \u26a0\ufe0f Wichtige Zugangsvoraussetzungen Da das Training auf einem milit\u00e4rischen Gel\u00e4nde stattfindet, beachten Sie bitte zwingend folgende Regeln: Informationen &hellip; <a href=\"https:\/\/warendorfer-su.de\/index.php\/wassersport\/schwimmen\/training\/\">Weiterlesen <span class=\"meta-nav\">&rarr;<\/span><\/a><\/p>\n","protected":false},"author":1,"featured_media":0,"parent":223,"menu_order":0,"comment_status":"closed","ping_status":"closed","template":"","meta":{"ngg_post_thumbnail":0,"footnotes":""},"class_list":["post-225","page","type-page","status-publish","hentry"],"_links":{"self":[{"href":"https:\/\/warendorfer-su.de\/index.php\/wp-json\/wp\/v2\/pages\/225","targetHints":{"allow":["GET"]}}],"collection":[{"href":"https:\/\/warendorfer-su.de\/index.php\/wp-json\/wp\/v2\/pages"}],"about":[{"href":"https:\/\/warendorfer-su.de\/index.php\/wp-json\/wp\/v2\/types\/page"}],"author":[{"embeddable":true,"href":"https:\/\/warendorfer-su.de\/index.php\/wp-json\/wp\/v2\/users\/1"}],"replies":[{"embeddable":true,"href":"https:\/\/warendorfer-su.de\/index.php\/wp-json\/wp\/v2\/comments?post=225"}],"version-history":[{"count":4,"href":"https:\/\/warendorfer-su.de\/index.php\/wp-json\/wp\/v2\/pages\/225\/revisions"}],"predecessor-version":[{"id":947,"href":"https:\/\/warendorfer-su.de\/index.php\/wp-json\/wp\/v2\/pages\/225\/revisions\/947"}],"up":[{"embeddable":true,"href":"https:\/\/warendorfer-su.de\/index.php\/wp-json\/wp\/v2\/pages\/223"}],"wp:attachment":[{"href":"https:\/\/warendorfer-su.de\/index.php\/wp-json\/wp\/v2\/media?parent=225"}],"curies":[{"name":"wp","href":"https:\/\/api.w.org\/{rel}","templated":true}]}}