{"id":230,"date":"2025-12-21T23:56:05","date_gmt":"2025-12-21T22:56:05","guid":{"rendered":"https:\/\/wwsu.de\/?page_id=230"},"modified":"2025-12-21T23:56:05","modified_gmt":"2025-12-21T22:56:05","slug":"grundsaetze","status":"publish","type":"page","link":"https:\/\/warendorfer-su.de\/index.php\/radsport\/grundsaetze\/","title":{"rendered":"Grunds\u00e4tze"},"content":{"rendered":"\n<p>Wir orientieren uns an den klassischen Linien einer Radrennbahn, um unseren Werten und Zielen eine Struktur zu geben. Jede Farbe steht f\u00fcr einen zentralen Aspekt unserer Abteilung.<\/p>\n\n\n\n<hr class=\"wp-block-separator has-alpha-channel-opacity\"\/>\n\n\n\n<h2 class=\"wp-block-heading\">\u26ab Die Mallinie (Die Basis)<\/h2>\n\n\n\n<p><em>Die schwarze Messlinie ist der k\u00fcrzeste Weg und das Fundament.<\/em><\/p>\n\n\n\n<p>Unser Hauptziel ist die F\u00f6rderung des <strong>Leistungs- und Breitensports<\/strong> in homogenen Rennradgruppen.<\/p>\n\n\n\n<ul class=\"wp-block-list\">\n<li><strong>Qualit\u00e4t:<\/strong> Ausbildung und Begleitung durch qualifiziertes Personal.<\/li>\n\n\n\n<li><strong>Aktivit\u00e4t:<\/strong> Wir f\u00f6rdern nicht nur das Training, sondern auch die aktive Teilnahme an und Ausrichtung von Radsport-Events.<\/li>\n<\/ul>\n\n\n\n<hr class=\"wp-block-separator has-alpha-channel-opacity\"\/>\n\n\n\n<h2 class=\"wp-block-heading\">\ud83d\udd34 Die Sprintlinie (Breitensport &amp; Technik)<\/h2>\n\n\n\n<p><em>Hier geht es um Kontrolle und Sicherheit.<\/em><\/p>\n\n\n\n<p>Gutes Rennradfahren bedeutet mehr als nur Kilometerfressen.<\/p>\n\n\n\n<ul class=\"wp-block-list\">\n<li><strong>Technik:<\/strong> Wir schulen die perfekte Beherrschung des Rennrads und das sichere Fahren in der Gruppe.<\/li>\n\n\n\n<li><strong>Ausgleich:<\/strong> Qualifiziertes Training umfasst bei uns auch Bereiche abseits des Sattels, um muskul\u00e4re Disbalancen auszugleichen.<\/li>\n\n\n\n<li><strong>Motivation:<\/strong> Wir setzen Reize, mit denen jeder Breitensportler sein pers\u00f6nliches Leistungsniveau steigern kann.<\/li>\n<\/ul>\n\n\n\n<hr class=\"wp-block-separator has-alpha-channel-opacity\"\/>\n\n\n\n<h2 class=\"wp-block-heading\">\ud83d\udd35 Die Stehlinie (Leistungssport &amp; Taktik)<\/h2>\n\n\n\n<p><em>Die \u00e4u\u00dfere Linie f\u00fcr ambitionierte Ziele.<\/em><\/p>\n\n\n\n<p>Leistungssport ist die Kombination aus <strong>Fitness und Taktik<\/strong>.<\/p>\n\n\n\n<ul class=\"wp-block-list\">\n<li><strong>Strategie:<\/strong> In leistungshomogenen Gruppen trainieren wir das taktische Verhalten f\u00fcr Rennsituationen.<\/li>\n\n\n\n<li><strong>Peak-Training:<\/strong> Durch gezielte Spitzenbelastungen setzen wir Impulse f\u00fcr die individuelle Leistungssteigerung.<\/li>\n\n\n\n<li><strong>Engagement:<\/strong> Wir setzen uns aktiv f\u00fcr die Realisierung von Radsportveranstaltungen im Leistungsbereich ein.<\/li>\n<\/ul>\n\n\n\n<hr class=\"wp-block-separator has-alpha-channel-opacity\"\/>\n\n\n\n<h2 class=\"wp-block-heading\">\u2601\ufe0f C\u00f4te d\u2019azur (Gemeinschaft)<\/h2>\n\n\n\n<p><em>Der hellblaue Ein- und Auslaufbereich \u2013 wo wir zusammenkommen.<\/em><\/p>\n\n\n\n<p>Abseits des harten Trainings steht bei uns der Mensch im Mittelpunkt.<\/p>\n\n\n\n<ul class=\"wp-block-list\">\n<li><strong>Miteinander:<\/strong> Wir organisieren gemeinsame Aktionen rund um das Fahrrad (und dar\u00fcber hinaus), die das Vereinsjahr bereichern.<\/li>\n\n\n\n<li><strong>Fokus:<\/strong> Hier z\u00e4hlt nicht die Wattzahl, sondern der <strong>Gemeinschaftsgedanke<\/strong> und der Spa\u00df am Austausch mit Gleichgesinnten.<\/li>\n<\/ul>\n","protected":false},"excerpt":{"rendered":"<p>Wir orientieren uns an den klassischen Linien einer Radrennbahn, um unseren Werten und Zielen eine Struktur zu geben. Jede Farbe steht f\u00fcr einen zentralen Aspekt unserer Abteilung. \u26ab Die Mallinie (Die Basis) Die schwarze Messlinie ist der k\u00fcrzeste Weg und &hellip; <a href=\"https:\/\/warendorfer-su.de\/index.php\/radsport\/grundsaetze\/\">Weiterlesen <span class=\"meta-nav\">&rarr;<\/span><\/a><\/p>\n","protected":false},"author":1,"featured_media":0,"parent":23,"menu_order":0,"comment_status":"closed","ping_status":"closed","template":"","meta":{"ngg_post_thumbnail":0,"footnotes":""},"class_list":["post-230","page","type-page","status-publish","hentry"],"_links":{"self":[{"href":"https:\/\/warendorfer-su.de\/index.php\/wp-json\/wp\/v2\/pages\/230","targetHints":{"allow":["GET"]}}],"collection":[{"href":"https:\/\/warendorfer-su.de\/index.php\/wp-json\/wp\/v2\/pages"}],"about":[{"href":"https:\/\/warendorfer-su.de\/index.php\/wp-json\/wp\/v2\/types\/page"}],"author":[{"embeddable":true,"href":"https:\/\/warendorfer-su.de\/index.php\/wp-json\/wp\/v2\/users\/1"}],"replies":[{"embeddable":true,"href":"https:\/\/warendorfer-su.de\/index.php\/wp-json\/wp\/v2\/comments?post=230"}],"version-history":[{"count":1,"href":"https:\/\/warendorfer-su.de\/index.php\/wp-json\/wp\/v2\/pages\/230\/revisions"}],"predecessor-version":[{"id":231,"href":"https:\/\/warendorfer-su.de\/index.php\/wp-json\/wp\/v2\/pages\/230\/revisions\/231"}],"up":[{"embeddable":true,"href":"https:\/\/warendorfer-su.de\/index.php\/wp-json\/wp\/v2\/pages\/23"}],"wp:attachment":[{"href":"https:\/\/warendorfer-su.de\/index.php\/wp-json\/wp\/v2\/media?parent=230"}],"curies":[{"name":"wp","href":"https:\/\/api.w.org\/{rel}","templated":true}]}}