{"id":25,"date":"2025-12-20T17:40:32","date_gmt":"2025-12-20T16:40:32","guid":{"rendered":"https:\/\/wwsu.de\/?page_id=25"},"modified":"2026-02-13T19:01:00","modified_gmt":"2026-02-13T18:01:00","slug":"darts","status":"publish","type":"page","link":"https:\/\/warendorfer-su.de\/index.php\/darts\/","title":{"rendered":"Darts"},"content":{"rendered":"\n<p>Dart bei der WSU: Pr\u00e4zision, Fokus und Gemeinschaft<\/p>\n\n\n\n<div class=\"wp-block-media-text is-stacked-on-mobile bild-ohne-rahmen\" style=\"grid-template-columns:25% auto\"><figure class=\"wp-block-media-text__media\"><img loading=\"lazy\" decoding=\"async\" width=\"851\" height=\"851\" src=\"https:\/\/wwsu.de\/wp-content\/uploads\/2025\/12\/WSU-Vector.png\" alt=\"WSU Darts Logo\" class=\"wp-image-56 size-full\" srcset=\"https:\/\/warendorfer-su.de\/wp-content\/uploads\/2025\/12\/WSU-Vector.png 851w, https:\/\/warendorfer-su.de\/wp-content\/uploads\/2025\/12\/WSU-Vector-300x300.png 300w, https:\/\/warendorfer-su.de\/wp-content\/uploads\/2025\/12\/WSU-Vector-150x150.png 150w, https:\/\/warendorfer-su.de\/wp-content\/uploads\/2025\/12\/WSU-Vector-768x768.png 768w\" sizes=\"auto, (max-width: 851px) 100vw, 851px\" \/><\/figure><div class=\"wp-block-media-text__content\">\n<p>Dart ist l\u00e4ngst mehr als nur ein Kneipensport \u2013 es ist eine Sportart, die Konzentration, Nervenst\u00e4rke und technische Pr\u00e4zision vereint. Bei der <strong>Warendorfer Sportunion<\/strong> hat sich die Dartabteilung zu einer dynamischen und rasant wachsenden Gemeinschaft entwickelt. Ob Hobbyspieler oder ambitionierter Turnierspieler: Bei uns ist jeder willkommen, der die &#8222;Pfeile fliegen lassen&#8220; m\u00f6chte.<\/p>\n<\/div><\/div>\n\n\n\n<p><\/p>\n\n\n\n<hr class=\"wp-block-separator has-alpha-channel-opacity\"\/>\n\n\n\n<h3 class=\"wp-block-heading\">Eine Abteilung im Aufwind<\/h3>\n\n\n\n<p>Unsere Dartabteilung boomt! Mit mittlerweile \u00fcber <strong>40 aktiven Spielern <\/strong>und einer stetig steigenden Leistungsdichte blicken wir voller Zuversicht in die Zukunft des Dartsports in Warendorf.<\/p>\n\n\n\n<p>Besonders stolz sind wir auf unsere Events wie die <strong>Warendorfer Steeldart Open<\/strong>, bei denen regelm\u00e4\u00dfig hochkar\u00e4tiger Dartsport in den R\u00e4umlichkeiten der Darts- und Fechthalle am Hallenbad geboten wird.<\/p>\n\n\n\n<hr class=\"wp-block-separator has-alpha-channel-opacity\"\/>\n\n\n\n<h3 class=\"wp-block-heading\">Training &amp; Spielst\u00e4tte<\/h3>\n\n\n\n<p>Wir bieten ideale Bedingungen f\u00fcr Steeldart in einer motivierenden Atmosph\u00e4re.<\/p>\n\n\n\n<ul class=\"wp-block-list\">\n<li><strong>Wo:<\/strong> Unsere R\u00e4umlichkeiten befinden sich direkt am <strong>Hallenbad \/ von-Ketteler-Stra\u00dfe<\/strong> <\/li>\n\n\n\n<li><strong>Wann:<\/strong> Jeden Mittwoch und Freitag um 19:00 Uhr<\/li>\n\n\n\n<li><strong>Was wird gespielt:<\/strong> Klassisches <strong>Steeldart<\/strong> auf hochwertigen Boards.<\/li>\n\n\n\n<li><strong>Kontakt:<\/strong> <a href=\"mailto:darts@wsu-ev.de\" target=\"_blank\" rel=\"noreferrer noopener\"><a href=\"mailto:&#105;&#110;&#102;&#111;&#64;&#119;&#115;&#117;&#100;&#97;&#114;&#116;&#46;&#100;&#101;\">&#105;&#110;&#102;&#111;&#64;&#119;&#115;&#117;&#100;&#97;&#114;&#116;&#46;&#100;&#101;<\/a><\/a><\/li>\n<\/ul>\n\n\n\n<blockquote class=\"wp-block-quote is-layout-flow wp-block-quote-is-layout-flow\">\n<p><strong>Interesse an einem Probetraining?<\/strong> Wir freuen uns immer \u00fcber neue Gesichter \u2013 egal ob Anf\u00e4nger oder Profi. Komm einfach vorbei oder schreib uns eine Nachricht!<\/p>\n<\/blockquote>\n\n\n\n<p><\/p>\n\n\n\n<h3 class=\"wp-block-heading\">Impressionen aus unserer Halle<\/h3>\n\n\n\n<figure class=\"wp-block-gallery has-nested-images columns-2 is-cropped wp-block-gallery-1 is-layout-flex wp-block-gallery-is-layout-flex\">\n<figure class=\"wp-block-image size-large\"><img loading=\"lazy\" decoding=\"async\" width=\"1024\" height=\"768\" data-id=\"508\" src=\"https:\/\/wwsu.de\/wp-content\/uploads\/2025\/12\/IMG_0096-1024x768.jpeg\" alt=\"\" class=\"wp-image-508\" srcset=\"https:\/\/warendorfer-su.de\/wp-content\/uploads\/2025\/12\/IMG_0096-1024x768.jpeg 1024w, https:\/\/warendorfer-su.de\/wp-content\/uploads\/2025\/12\/IMG_0096-300x225.jpeg 300w, https:\/\/warendorfer-su.de\/wp-content\/uploads\/2025\/12\/IMG_0096-768x576.jpeg 768w, https:\/\/warendorfer-su.de\/wp-content\/uploads\/2025\/12\/IMG_0096-1536x1152.jpeg 1536w, https:\/\/warendorfer-su.de\/wp-content\/uploads\/2025\/12\/IMG_0096-400x300.jpeg 400w, https:\/\/warendorfer-su.de\/wp-content\/uploads\/2025\/12\/IMG_0096.jpeg 2016w\" sizes=\"auto, (max-width: 1024px) 100vw, 1024px\" \/><\/figure>\n\n\n\n<figure class=\"wp-block-image size-large\"><img loading=\"lazy\" decoding=\"async\" width=\"1024\" height=\"768\" data-id=\"509\" src=\"https:\/\/wwsu.de\/wp-content\/uploads\/2025\/12\/IMG_0098-1024x768.jpeg\" alt=\"\" class=\"wp-image-509\" srcset=\"https:\/\/warendorfer-su.de\/wp-content\/uploads\/2025\/12\/IMG_0098-1024x768.jpeg 1024w, https:\/\/warendorfer-su.de\/wp-content\/uploads\/2025\/12\/IMG_0098-300x225.jpeg 300w, https:\/\/warendorfer-su.de\/wp-content\/uploads\/2025\/12\/IMG_0098-768x576.jpeg 768w, https:\/\/warendorfer-su.de\/wp-content\/uploads\/2025\/12\/IMG_0098-1536x1152.jpeg 1536w, https:\/\/warendorfer-su.de\/wp-content\/uploads\/2025\/12\/IMG_0098-400x300.jpeg 400w, https:\/\/warendorfer-su.de\/wp-content\/uploads\/2025\/12\/IMG_0098.jpeg 2016w\" sizes=\"auto, (max-width: 1024px) 100vw, 1024px\" \/><\/figure>\n\n\n\n<figure class=\"wp-block-image size-large\"><img loading=\"lazy\" decoding=\"async\" width=\"1024\" height=\"768\" data-id=\"513\" src=\"https:\/\/wwsu.de\/wp-content\/uploads\/2025\/12\/IMG_0593-1024x768.jpeg\" alt=\"\" class=\"wp-image-513\" srcset=\"https:\/\/warendorfer-su.de\/wp-content\/uploads\/2025\/12\/IMG_0593-1024x768.jpeg 1024w, https:\/\/warendorfer-su.de\/wp-content\/uploads\/2025\/12\/IMG_0593-300x225.jpeg 300w, https:\/\/warendorfer-su.de\/wp-content\/uploads\/2025\/12\/IMG_0593-768x576.jpeg 768w, https:\/\/warendorfer-su.de\/wp-content\/uploads\/2025\/12\/IMG_0593-1536x1152.jpeg 1536w, https:\/\/warendorfer-su.de\/wp-content\/uploads\/2025\/12\/IMG_0593-2048x1536.jpeg 2048w, https:\/\/warendorfer-su.de\/wp-content\/uploads\/2025\/12\/IMG_0593-400x300.jpeg 400w\" sizes=\"auto, (max-width: 1024px) 100vw, 1024px\" \/><\/figure>\n\n\n\n<figure class=\"wp-block-image size-large\"><img loading=\"lazy\" decoding=\"async\" width=\"1024\" height=\"768\" data-id=\"512\" src=\"https:\/\/wwsu.de\/wp-content\/uploads\/2025\/12\/IMG_0598-1024x768.jpeg\" alt=\"\" class=\"wp-image-512\" srcset=\"https:\/\/warendorfer-su.de\/wp-content\/uploads\/2025\/12\/IMG_0598-1024x768.jpeg 1024w, https:\/\/warendorfer-su.de\/wp-content\/uploads\/2025\/12\/IMG_0598-300x225.jpeg 300w, https:\/\/warendorfer-su.de\/wp-content\/uploads\/2025\/12\/IMG_0598-768x576.jpeg 768w, https:\/\/warendorfer-su.de\/wp-content\/uploads\/2025\/12\/IMG_0598-1536x1152.jpeg 1536w, https:\/\/warendorfer-su.de\/wp-content\/uploads\/2025\/12\/IMG_0598-2048x1536.jpeg 2048w, https:\/\/warendorfer-su.de\/wp-content\/uploads\/2025\/12\/IMG_0598-400x300.jpeg 400w\" sizes=\"auto, (max-width: 1024px) 100vw, 1024px\" \/><\/figure>\n\n\n\n<figure class=\"wp-block-image size-large\"><img loading=\"lazy\" decoding=\"async\" width=\"1024\" height=\"768\" data-id=\"514\" src=\"https:\/\/wwsu.de\/wp-content\/uploads\/2025\/12\/IMG_0603-1024x768.jpeg\" alt=\"\" class=\"wp-image-514\" srcset=\"https:\/\/warendorfer-su.de\/wp-content\/uploads\/2025\/12\/IMG_0603-1024x768.jpeg 1024w, https:\/\/warendorfer-su.de\/wp-content\/uploads\/2025\/12\/IMG_0603-300x225.jpeg 300w, https:\/\/warendorfer-su.de\/wp-content\/uploads\/2025\/12\/IMG_0603-768x576.jpeg 768w, https:\/\/warendorfer-su.de\/wp-content\/uploads\/2025\/12\/IMG_0603-1536x1152.jpeg 1536w, https:\/\/warendorfer-su.de\/wp-content\/uploads\/2025\/12\/IMG_0603-2048x1536.jpeg 2048w, https:\/\/warendorfer-su.de\/wp-content\/uploads\/2025\/12\/IMG_0603-400x300.jpeg 400w\" sizes=\"auto, (max-width: 1024px) 100vw, 1024px\" \/><\/figure>\n\n\n\n<figure class=\"wp-block-image size-large\"><img loading=\"lazy\" decoding=\"async\" width=\"1024\" height=\"768\" data-id=\"511\" src=\"https:\/\/wwsu.de\/wp-content\/uploads\/2025\/12\/IMG_8101-1024x768.jpeg\" alt=\"\" class=\"wp-image-511\" srcset=\"https:\/\/warendorfer-su.de\/wp-content\/uploads\/2025\/12\/IMG_8101-1024x768.jpeg 1024w, https:\/\/warendorfer-su.de\/wp-content\/uploads\/2025\/12\/IMG_8101-300x225.jpeg 300w, https:\/\/warendorfer-su.de\/wp-content\/uploads\/2025\/12\/IMG_8101-768x576.jpeg 768w, https:\/\/warendorfer-su.de\/wp-content\/uploads\/2025\/12\/IMG_8101-1536x1152.jpeg 1536w, https:\/\/warendorfer-su.de\/wp-content\/uploads\/2025\/12\/IMG_8101-400x300.jpeg 400w, https:\/\/warendorfer-su.de\/wp-content\/uploads\/2025\/12\/IMG_8101.jpeg 2016w\" sizes=\"auto, (max-width: 1024px) 100vw, 1024px\" \/><\/figure>\n\n\n\n<figure class=\"wp-block-image size-large\"><img loading=\"lazy\" decoding=\"async\" width=\"1024\" height=\"768\" data-id=\"510\" src=\"https:\/\/wwsu.de\/wp-content\/uploads\/2025\/12\/IMG_9119-1024x768.jpeg\" alt=\"\" class=\"wp-image-510\" srcset=\"https:\/\/warendorfer-su.de\/wp-content\/uploads\/2025\/12\/IMG_9119-1024x768.jpeg 1024w, https:\/\/warendorfer-su.de\/wp-content\/uploads\/2025\/12\/IMG_9119-300x225.jpeg 300w, https:\/\/warendorfer-su.de\/wp-content\/uploads\/2025\/12\/IMG_9119-768x576.jpeg 768w, https:\/\/warendorfer-su.de\/wp-content\/uploads\/2025\/12\/IMG_9119-1536x1152.jpeg 1536w, https:\/\/warendorfer-su.de\/wp-content\/uploads\/2025\/12\/IMG_9119-400x300.jpeg 400w, https:\/\/warendorfer-su.de\/wp-content\/uploads\/2025\/12\/IMG_9119.jpeg 2016w\" sizes=\"auto, (max-width: 1024px) 100vw, 1024px\" \/><\/figure>\n<\/figure>\n\n\n\n<h3 class=\"wp-block-heading\">Bleiben Sie auf dem Laufenden<\/h3>\n\n\n\n<p>Neben dieser Webpr\u00e4senz findest du die frischesten Ergebnisse, Bilder von Turnieren und kurzfristige Infos auf unseren Social-Media-Kan\u00e4len:<\/p>\n\n\n\n<ul class=\"wp-block-list\">\n<li><strong><a href=\"https:\/\/www.facebook.com\/wsu.dart\">WSU Dart auf Facebook<\/a><\/strong><\/li>\n\n\n\n<li><strong><a href=\"https:\/\/www.instagram.com\/wsu_dart\/\">WSU Dart auf Instagram<\/a><\/strong><\/li>\n<\/ul>\n\n\n\n<p class=\"has-medium-font-size\">Unterseiten:<\/p>\n\n\n\n<!-- Page-list plugin v.5.9 wordpress.org\/plugins\/page-list\/ -->\n<ul class=\"page-list \">\n<li class=\"page_item page-item-297\"><a href=\"https:\/\/warendorfer-su.de\/index.php\/darts\/live\/\">Live!<\/a><\/li>\n<li class=\"page_item page-item-300\"><a href=\"https:\/\/warendorfer-su.de\/index.php\/darts\/spielerstatistiken\/\">Spielerstatistiken<\/a><\/li>\n<li class=\"page_item page-item-293\"><a href=\"https:\/\/warendorfer-su.de\/index.php\/darts\/tabellen\/\">Tabellen<\/a><\/li>\n<li class=\"page_item page-item-302\"><a href=\"https:\/\/warendorfer-su.de\/index.php\/darts\/termine\/\">Termine<\/a><\/li>\n<li class=\"page_item page-item-333\"><a href=\"https:\/\/warendorfer-su.de\/index.php\/darts\/vorstand\/\">Vorstand<\/a><\/li>\n\n<\/ul>\n\n\n\n<p><\/p>\n","protected":false},"excerpt":{"rendered":"<p>Dart bei der WSU: Pr\u00e4zision, Fokus und Gemeinschaft Dart ist l\u00e4ngst mehr als nur ein Kneipensport \u2013 es ist eine Sportart, die Konzentration, Nervenst\u00e4rke und technische Pr\u00e4zision vereint. Bei der Warendorfer Sportunion hat sich die Dartabteilung zu einer dynamischen und &hellip; <a href=\"https:\/\/warendorfer-su.de\/index.php\/darts\/\">Weiterlesen <span class=\"meta-nav\">&rarr;<\/span><\/a><\/p>\n","protected":false},"author":1,"featured_media":56,"parent":0,"menu_order":5,"comment_status":"closed","ping_status":"closed","template":"","meta":{"ngg_post_thumbnail":0,"footnotes":""},"class_list":["post-25","page","type-page","status-publish","has-post-thumbnail","hentry"],"_links":{"self":[{"href":"https:\/\/warendorfer-su.de\/index.php\/wp-json\/wp\/v2\/pages\/25","targetHints":{"allow":["GET"]}}],"collection":[{"href":"https:\/\/warendorfer-su.de\/index.php\/wp-json\/wp\/v2\/pages"}],"about":[{"href":"https:\/\/warendorfer-su.de\/index.php\/wp-json\/wp\/v2\/types\/page"}],"author":[{"embeddable":true,"href":"https:\/\/warendorfer-su.de\/index.php\/wp-json\/wp\/v2\/users\/1"}],"replies":[{"embeddable":true,"href":"https:\/\/warendorfer-su.de\/index.php\/wp-json\/wp\/v2\/comments?post=25"}],"version-history":[{"count":20,"href":"https:\/\/warendorfer-su.de\/index.php\/wp-json\/wp\/v2\/pages\/25\/revisions"}],"predecessor-version":[{"id":1137,"href":"https:\/\/warendorfer-su.de\/index.php\/wp-json\/wp\/v2\/pages\/25\/revisions\/1137"}],"wp:featuredmedia":[{"embeddable":true,"href":"https:\/\/warendorfer-su.de\/index.php\/wp-json\/wp\/v2\/media\/56"}],"wp:attachment":[{"href":"https:\/\/warendorfer-su.de\/index.php\/wp-json\/wp\/v2\/media?parent=25"}],"curies":[{"name":"wp","href":"https:\/\/api.w.org\/{rel}","templated":true}]}}