{"id":250,"date":"2025-12-22T00:11:08","date_gmt":"2025-12-21T23:11:08","guid":{"rendered":"https:\/\/wwsu.de\/?page_id=250"},"modified":"2025-12-22T00:11:08","modified_gmt":"2025-12-21T23:11:08","slug":"trainingszeiten","status":"publish","type":"page","link":"https:\/\/warendorfer-su.de\/index.php\/kampfsport\/karate\/trainingszeiten\/","title":{"rendered":"Trainingszeiten"},"content":{"rendered":"\n<p>Unser Training findet in der Sporthalle der Astrid-Lindgren-Schule statt. Wir bieten spezialisierte Einheiten f\u00fcr verschiedene Altersgruppen an, geleitet von unseren erfahrenen Trainern.<\/p>\n\n\n\n<h2 class=\"wp-block-heading\">Unsere Trainer<\/h2>\n\n\n\n<p>Wir setzen auf Team-Coaching, um eine optimale Betreuung in den verschiedenen Altersklassen zu gew\u00e4hrleisten.<\/p>\n\n\n\n<figure class=\"wp-block-table\"><table class=\"has-fixed-layout\"><thead><tr><td><strong>F\u00fcr Sch\u00fcler &amp; Jugendliche<\/strong><\/td><td><strong>F\u00fcr Jugendliche &amp; Senioren<\/strong><\/td><\/tr><\/thead><tbody><tr><td><\/td><td><\/td><\/tr><tr><td><strong>Dieter Jaschinski<\/strong> &amp; <strong>Ellen Bienek<\/strong><\/td><td><strong>Daniel Hernaiz Kleine<\/strong> &amp; <strong>J\u00f6rg Greve<\/strong><\/td><\/tr><\/tbody><\/table><\/figure>\n\n\n\n<hr class=\"wp-block-separator has-alpha-channel-opacity\"\/>\n\n\n\n<h2 class=\"wp-block-heading\">Trainingszeiten &amp; Ort<\/h2>\n\n\n\n<p>Alle Trainingseinheiten finden in der <strong>Sporthalle der Astrid-Lindgren-Schule<\/strong> (D\u00fcsternstra\u00dfe, N\u00e4he Finanzamt) statt.<\/p>\n\n\n\n<figure class=\"wp-block-table\"><table class=\"has-fixed-layout\"><thead><tr><td><strong>Zielgruppe<\/strong><\/td><td><strong>Tage<\/strong><\/td><td><strong>Uhrzeit<\/strong><\/td><\/tr><\/thead><tbody><tr><td><strong>Sch\u00fcler &amp; Jugendliche<\/strong> (ab 9 Jahre)<\/td><td>Dienstag &amp; Donnerstag<\/td><td>18:00 \u2013 19:30 Uhr<\/td><\/tr><tr><td><strong>Jugendliche &amp; Senioren<\/strong> (ab 16 Jahre)<\/td><td>Dienstag &amp; Donnerstag<\/td><td>19:30 \u2013 21:00 Uhr<\/td><\/tr><\/tbody><\/table><\/figure>\n","protected":false},"excerpt":{"rendered":"<p>Unser Training findet in der Sporthalle der Astrid-Lindgren-Schule statt. Wir bieten spezialisierte Einheiten f\u00fcr verschiedene Altersgruppen an, geleitet von unseren erfahrenen Trainern. Unsere Trainer Wir setzen auf Team-Coaching, um eine optimale Betreuung in den verschiedenen Altersklassen zu gew\u00e4hrleisten. F\u00fcr Sch\u00fcler &hellip; <a href=\"https:\/\/warendorfer-su.de\/index.php\/kampfsport\/karate\/trainingszeiten\/\">Weiterlesen <span class=\"meta-nav\">&rarr;<\/span><\/a><\/p>\n","protected":false},"author":1,"featured_media":0,"parent":248,"menu_order":0,"comment_status":"closed","ping_status":"closed","template":"","meta":{"ngg_post_thumbnail":0,"footnotes":""},"class_list":["post-250","page","type-page","status-publish","hentry"],"_links":{"self":[{"href":"https:\/\/warendorfer-su.de\/index.php\/wp-json\/wp\/v2\/pages\/250","targetHints":{"allow":["GET"]}}],"collection":[{"href":"https:\/\/warendorfer-su.de\/index.php\/wp-json\/wp\/v2\/pages"}],"about":[{"href":"https:\/\/warendorfer-su.de\/index.php\/wp-json\/wp\/v2\/types\/page"}],"author":[{"embeddable":true,"href":"https:\/\/warendorfer-su.de\/index.php\/wp-json\/wp\/v2\/users\/1"}],"replies":[{"embeddable":true,"href":"https:\/\/warendorfer-su.de\/index.php\/wp-json\/wp\/v2\/comments?post=250"}],"version-history":[{"count":1,"href":"https:\/\/warendorfer-su.de\/index.php\/wp-json\/wp\/v2\/pages\/250\/revisions"}],"predecessor-version":[{"id":251,"href":"https:\/\/warendorfer-su.de\/index.php\/wp-json\/wp\/v2\/pages\/250\/revisions\/251"}],"up":[{"embeddable":true,"href":"https:\/\/warendorfer-su.de\/index.php\/wp-json\/wp\/v2\/pages\/248"}],"wp:attachment":[{"href":"https:\/\/warendorfer-su.de\/index.php\/wp-json\/wp\/v2\/media?parent=250"}],"curies":[{"name":"wp","href":"https:\/\/api.w.org\/{rel}","templated":true}]}}