{"id":252,"date":"2025-12-22T00:12:21","date_gmt":"2025-12-21T23:12:21","guid":{"rendered":"https:\/\/wwsu.de\/?page_id=252"},"modified":"2025-12-22T00:12:21","modified_gmt":"2025-12-21T23:12:21","slug":"was-ist-karate","status":"publish","type":"page","link":"https:\/\/warendorfer-su.de\/index.php\/kampfsport\/karate\/was-ist-karate\/","title":{"rendered":"Was ist Karate?"},"content":{"rendered":"\n<p>Wer eine wissenschaftliche Abhandlung sucht, findet im Internet unz\u00e4hlige Berichte. Wir bei der WSU bringen es lieber auf den Punkt: <strong>Karate ist die Kunst der Pr\u00e4zision und Selbstbeherrschung.<\/strong><\/p>\n\n\n\n<h3 class=\"wp-block-heading\">Unsere Stilrichtung: Shotokan<\/h3>\n\n\n\n<p>Wir praktizieren <strong>Shotokan-Karate<\/strong>. Das Besondere an dieser Stilrichtung ist die Kombination aus hoher Dynamik und absoluter Genauigkeit.<\/p>\n\n\n\n<ul class=\"wp-block-list\">\n<li><strong>Pr\u00e4zision statt Treffer:<\/strong> Wir trainieren, Techniken zielgenau und mit Kraft auszuf\u00fchren, ohne den \u00dcbungspartner zu verletzen.<\/li>\n\n\n\n<li><strong>Die Kunst des Abstoppens:<\/strong> Kurz vor dem Ziel wird die Technik \u201eabgestoppt\u201c. Das erfordert ein feines Technikgef\u00fchl und ein hohes Ma\u00df an mentaler sowie k\u00f6rperlicher Selbstkontrolle.<\/li>\n\n\n\n<li><strong>F\u00fcr jeden geeignet:<\/strong> Diese F\u00e4higkeiten k\u00f6nnen in jedem Alter erlernt werden \u2013 jeder trainiert nach seinen individuellen M\u00f6glichkeiten.<\/li>\n<\/ul>\n\n\n\n<hr class=\"wp-block-separator has-alpha-channel-opacity\"\/>\n\n\n\n<h2 class=\"wp-block-heading\">Theorie ist gut, Training ist besser!<\/h2>\n\n\n\n<p>Statt langer theoretischer Abhandlungen \u00fcber die Facetten des Kampfsports empfehlen wir den direkten Weg:<\/p>\n\n\n\n<blockquote class=\"wp-block-quote is-layout-flow wp-block-quote-is-layout-flow\">\n<p>\u201eVorbeikommen, zuschauen oder direkt bei einem kostenfreien Schnuppertraining mitmachen.\u201c<\/p>\n<\/blockquote>\n\n\n\n<p>Nichts vermittelt die Faszination Karate so gut wie das Gef\u00fchl, selbst auf der Matte zu stehen. Wir laden dich herzlich ein, Teil unserer sympathischen Gruppe zu werden.<\/p>\n\n\n\n<p><strong>Wir freuen uns auf dich und sehen uns beim n\u00e4chsten Training!<\/strong><\/p>\n","protected":false},"excerpt":{"rendered":"<p>Wer eine wissenschaftliche Abhandlung sucht, findet im Internet unz\u00e4hlige Berichte. Wir bei der WSU bringen es lieber auf den Punkt: Karate ist die Kunst der Pr\u00e4zision und Selbstbeherrschung. Unsere Stilrichtung: Shotokan Wir praktizieren Shotokan-Karate. Das Besondere an dieser Stilrichtung ist &hellip; <a href=\"https:\/\/warendorfer-su.de\/index.php\/kampfsport\/karate\/was-ist-karate\/\">Weiterlesen <span class=\"meta-nav\">&rarr;<\/span><\/a><\/p>\n","protected":false},"author":1,"featured_media":0,"parent":248,"menu_order":0,"comment_status":"closed","ping_status":"closed","template":"","meta":{"ngg_post_thumbnail":0,"footnotes":""},"class_list":["post-252","page","type-page","status-publish","hentry"],"_links":{"self":[{"href":"https:\/\/warendorfer-su.de\/index.php\/wp-json\/wp\/v2\/pages\/252","targetHints":{"allow":["GET"]}}],"collection":[{"href":"https:\/\/warendorfer-su.de\/index.php\/wp-json\/wp\/v2\/pages"}],"about":[{"href":"https:\/\/warendorfer-su.de\/index.php\/wp-json\/wp\/v2\/types\/page"}],"author":[{"embeddable":true,"href":"https:\/\/warendorfer-su.de\/index.php\/wp-json\/wp\/v2\/users\/1"}],"replies":[{"embeddable":true,"href":"https:\/\/warendorfer-su.de\/index.php\/wp-json\/wp\/v2\/comments?post=252"}],"version-history":[{"count":1,"href":"https:\/\/warendorfer-su.de\/index.php\/wp-json\/wp\/v2\/pages\/252\/revisions"}],"predecessor-version":[{"id":253,"href":"https:\/\/warendorfer-su.de\/index.php\/wp-json\/wp\/v2\/pages\/252\/revisions\/253"}],"up":[{"embeddable":true,"href":"https:\/\/warendorfer-su.de\/index.php\/wp-json\/wp\/v2\/pages\/248"}],"wp:attachment":[{"href":"https:\/\/warendorfer-su.de\/index.php\/wp-json\/wp\/v2\/media?parent=252"}],"curies":[{"name":"wp","href":"https:\/\/api.w.org\/{rel}","templated":true}]}}