{"id":263,"date":"2025-12-22T00:20:56","date_gmt":"2025-12-21T23:20:56","guid":{"rendered":"https:\/\/wwsu.de\/?page_id=263"},"modified":"2025-12-23T08:33:48","modified_gmt":"2025-12-23T07:33:48","slug":"mitglied-werden","status":"publish","type":"page","link":"https:\/\/warendorfer-su.de\/index.php\/verein\/mitglied-werden\/","title":{"rendered":"Mitglied werden"},"content":{"rendered":"\n<p>Auf dieser Seite finden Sie den WSU-Aufnahmeantrag, den Ummeldeantrag und die Erm\u00e4chtigung zum Beitragseinzug.<\/p>\n\n\n\n<p><strong><a href=\"\/documents\/WSU-Aufnahmeantrag_DSVGO_beschreibbar.pdf\">Aufnahmeantrag zum Download (PDF)<\/a><\/strong><\/p>\n\n\n\n<p><strong>DER AUFNAHMEANTRAG IST AM PC AUSF\u00dcLLBAR!<\/strong> <strong>Nur Ihre Unterschrift muss handschriftlich erfolgen oder gerne auch digital.<\/strong><\/p>\n\n\n\n<p><strong>ZAHLUNGSWEISE<\/strong> Die Mitgliederbeitr\u00e4ge werden grunds\u00e4tzlich im Bankeinzugsverfahren erhoben. In begr\u00fcndeten F\u00e4llen sind andere Zahlungsweisen zul\u00e4ssig.<\/p>\n\n\n\n<p><strong>ZAHLUNGSTERMINE<\/strong> Die Beitr\u00e4ge werden quartalsweise erhoben und zu Beginn des Quartals (Januar\/April\/Juli\/Oktober) von Ihrem Konto abgebucht.<\/p>\n\n\n\n<p><strong>BEITRAGSRECHNUNG<\/strong> Bei Zahlung der Beitr\u00e4ge \u00fcber Beitragsrechnungen sind die angegebenen Zahlungstermine einzuhalten. Entstandene Portokosten und Geb\u00fchren f\u00fcr R\u00fccklastschriften hat das Mitglied zu tragen.<\/p>\n\n\n\n<p><strong>ZAHLUNGSVERZUG<\/strong> Nach \u00dcberschreiten von Zahlungsterminen beginnt das Mahnverfahren. Sollte das Verfahren nicht die Begleichung der R\u00fcckst\u00e4nde zur Folge haben, erlischt die Mitgliedschaft.<\/p>\n\n\n\n<p><strong>LASTSCHRIFTR\u00dcCKGABEN<\/strong> Kosten, die durch Lastschriftr\u00fcckgaben im Bankeinzugsverfahren entstehen, werden dem Mitglied zuz\u00fcglich weiterer Kosten (Porto usw.) in Rechnung gestellt.<\/p>\n\n\n\n<p><strong>BEENDIGUNG DER MITGLIEDSCHAFT IN DER WSU<\/strong> Die Beendigung der Mitgliedschaft wird mit einer Frist von 4 Wochen jeweils zum Ende des Quartals wirksam. Eine Abmeldung durch R\u00fcckgabe der Beitragslastschrift ist nicht m\u00f6glich. Die Abmeldung hat vi<sup><\/sup>elmehr schriftlich an die Gesch\u00e4ftsstelle zu erfolgen.<sup><\/sup><\/p>\n\n\n\n<p><strong>AN<sup><\/sup>MERKUNG<\/strong> R\u00fcckst\u00e4ndige Beitr\u00e4ge setzen die Sportversicherung au\u00dfer Kraft. \u00dcbungsleiter und Trainer sind daher angehalten, bei Vereinsmitgliedern, die sich im Beitragsr\u00fcckstand befinden, auf die Nichtteilnahme an \u00dcb<sup><\/sup>ungsstunden und Wettk\u00e4mpfen zu achten. \u2013 Weiterer Hinweis: Ein stillschweigendes Fernbleiben von den \u00dcbungsstunden f\u00fchrt<sup><\/sup> ohne formgerechte Abmeldung nicht zur Beendigung der Mitgliedschaft.<sup><\/sup><sup><\/sup><\/p>\n\n\n\n<p>Weitere Einzelheiten regelt die Beitragsordnung der Warendo<sup><\/sup>rfer Sportuni<sup><\/sup>on e.V.<\/p>\n\n\n\n<p><\/p>\n","protected":false},"excerpt":{"rendered":"<p>Auf dieser Seite finden Sie den WSU-Aufnahmeantrag, den Ummeldeantrag und die Erm\u00e4chtigung zum Beitragseinzug. Aufnahmeantrag zum Download (PDF) DER AUFNAHMEANTRAG IST AM PC AUSF\u00dcLLBAR! Nur Ihre Unterschrift muss handschriftlich erfolgen oder gerne auch digital. ZAHLUNGSWEISE Die Mitgliederbeitr\u00e4ge werden grunds\u00e4tzlich im &hellip; <a href=\"https:\/\/warendorfer-su.de\/index.php\/verein\/mitglied-werden\/\">Weiterlesen <span class=\"meta-nav\">&rarr;<\/span><\/a><\/p>\n","protected":false},"author":1,"featured_media":0,"parent":273,"menu_order":0,"comment_status":"closed","ping_status":"closed","template":"","meta":{"ngg_post_thumbnail":0,"footnotes":""},"class_list":["post-263","page","type-page","status-publish","hentry"],"_links":{"self":[{"href":"https:\/\/warendorfer-su.de\/index.php\/wp-json\/wp\/v2\/pages\/263","targetHints":{"allow":["GET"]}}],"collection":[{"href":"https:\/\/warendorfer-su.de\/index.php\/wp-json\/wp\/v2\/pages"}],"about":[{"href":"https:\/\/warendorfer-su.de\/index.php\/wp-json\/wp\/v2\/types\/page"}],"author":[{"embeddable":true,"href":"https:\/\/warendorfer-su.de\/index.php\/wp-json\/wp\/v2\/users\/1"}],"replies":[{"embeddable":true,"href":"https:\/\/warendorfer-su.de\/index.php\/wp-json\/wp\/v2\/comments?post=263"}],"version-history":[{"count":2,"href":"https:\/\/warendorfer-su.de\/index.php\/wp-json\/wp\/v2\/pages\/263\/revisions"}],"predecessor-version":[{"id":321,"href":"https:\/\/warendorfer-su.de\/index.php\/wp-json\/wp\/v2\/pages\/263\/revisions\/321"}],"up":[{"embeddable":true,"href":"https:\/\/warendorfer-su.de\/index.php\/wp-json\/wp\/v2\/pages\/273"}],"wp:attachment":[{"href":"https:\/\/warendorfer-su.de\/index.php\/wp-json\/wp\/v2\/media?parent=263"}],"curies":[{"name":"wp","href":"https:\/\/api.w.org\/{rel}","templated":true}]}}