{"id":329,"date":"2025-12-23T09:10:53","date_gmt":"2025-12-23T08:10:53","guid":{"rendered":"https:\/\/wwsu.de\/?page_id=329"},"modified":"2025-12-23T09:10:53","modified_gmt":"2025-12-23T08:10:53","slug":"ueber-uns","status":"publish","type":"page","link":"https:\/\/warendorfer-su.de\/index.php\/verein\/ueber-uns\/","title":{"rendered":"\u00dcber uns"},"content":{"rendered":"\n<h1 class=\"wp-block-heading\"><strong>Warendorfer Sportunion e.V.<\/strong><\/h1>\n\n\n\n<p>Die WSU ist am 6. Juni 1972 aus dem Zusammenschluss (Fusion) der fr\u00fcheren Vereine Turnverein Warendorf 1895, Sportverein Warendorf 1911 und DJK Westfalia Warendorf 1918 hervorgegangen.<\/p>\n\n\n\n<p>Zurzeit hat die WSU ca. 4.500 Mitgliedschaften in ihren verschiedenen Abteilungen.<\/p>\n\n\n\n<p>Die Mitglieder k\u00f6nnen neben umfangreichen Ma\u00dfnahmen im Breiten-, Leistungs-, Freizeit- und Gesundheitssport unter weit mehr als 20 verschiedenen Sportbereichen w\u00e4hlen: Aerobic, Badminton, Basketball, Darts, Faustball, Fu\u00dfball, Gymnastik in allen Facetten, Handball, Ju-Jutsu, Judo, Karate, Darts, Leichtathletik, Radsport, Schwimmen, Tischtennis, Triathlon, Turnen, Volleyball, Wasserball.<\/p>\n\n\n\n<p>Ferner gibt es den Rehasport (Orthop\u00e4diesport, Koronarsport, Lungensport), Lauftreffs, Seniorensport, den Turnis-Mini-Club (Betreuung von Kleinkindern). Vielf\u00e4ltige sport\u00fcbergreifende, also den Sport erg\u00e4nzende und bereichernde Aktivit\u00e4ten und Veranstaltungen f\u00f6rdern zus\u00e4tzlich Kontakte, Begegnungen und Zusammenhalt.<sup><\/sup><sup><\/sup><\/p>\n\n\n\n<p>Ein besonderer Stellenwert <sup><\/sup>wird seit der Vereinsgr\u00fcndung der \u00fcberfachlichen Jugendarbeit einger\u00e4umt, und zwar durch gezielte Ma\u00dfnahmen wie Betreuer- und Mitarbeiterschulun<sup><\/sup>gen, regelm\u00e4\u00dfig stattfindende Spiel- und Sporttreffs, sowie die Mitarbeit bei den allj\u00e4hrlichen Sommerferien-Aktionswochen f\u00fcr Kinder, Sch\u00fcler und Jugendliche (1980 von der WSU ins Leben gerufen).<\/p>\n\n\n\n<p>Die genannten Angebote f\u00fcr die Jugend sind in der Regel offen f\u00fcr Mitglieder und Nichtmitglieder. Dies gilt auch f\u00fcr das Kurssystem, mit dem sich die Warendorfer Sportunion \u2013 unabh\u00e4ngig von einer Mitgliedschaft \u2013 f\u00fcr alle Interessierten \u00f6ffnet.<\/p>\n","protected":false},"excerpt":{"rendered":"<p>Warendorfer Sportunion e.V. Die WSU ist am 6. Juni 1972 aus dem Zusammenschluss (Fusion) der fr\u00fcheren Vereine Turnverein Warendorf 1895, Sportverein Warendorf 1911 und DJK Westfalia Warendorf 1918 hervorgegangen. Zurzeit hat die WSU ca. 4.500 Mitgliedschaften in ihren verschiedenen Abteilungen. &hellip; <a href=\"https:\/\/warendorfer-su.de\/index.php\/verein\/ueber-uns\/\">Weiterlesen <span class=\"meta-nav\">&rarr;<\/span><\/a><\/p>\n","protected":false},"author":1,"featured_media":0,"parent":273,"menu_order":0,"comment_status":"closed","ping_status":"closed","template":"","meta":{"ngg_post_thumbnail":0,"footnotes":""},"class_list":["post-329","page","type-page","status-publish","hentry"],"_links":{"self":[{"href":"https:\/\/warendorfer-su.de\/index.php\/wp-json\/wp\/v2\/pages\/329","targetHints":{"allow":["GET"]}}],"collection":[{"href":"https:\/\/warendorfer-su.de\/index.php\/wp-json\/wp\/v2\/pages"}],"about":[{"href":"https:\/\/warendorfer-su.de\/index.php\/wp-json\/wp\/v2\/types\/page"}],"author":[{"embeddable":true,"href":"https:\/\/warendorfer-su.de\/index.php\/wp-json\/wp\/v2\/users\/1"}],"replies":[{"embeddable":true,"href":"https:\/\/warendorfer-su.de\/index.php\/wp-json\/wp\/v2\/comments?post=329"}],"version-history":[{"count":1,"href":"https:\/\/warendorfer-su.de\/index.php\/wp-json\/wp\/v2\/pages\/329\/revisions"}],"predecessor-version":[{"id":330,"href":"https:\/\/warendorfer-su.de\/index.php\/wp-json\/wp\/v2\/pages\/329\/revisions\/330"}],"up":[{"embeddable":true,"href":"https:\/\/warendorfer-su.de\/index.php\/wp-json\/wp\/v2\/pages\/273"}],"wp:attachment":[{"href":"https:\/\/warendorfer-su.de\/index.php\/wp-json\/wp\/v2\/media?parent=329"}],"curies":[{"name":"wp","href":"https:\/\/api.w.org\/{rel}","templated":true}]}}