{"id":331,"date":"2025-12-23T09:12:20","date_gmt":"2025-12-23T08:12:20","guid":{"rendered":"https:\/\/wwsu.de\/?page_id=331"},"modified":"2026-04-15T09:59:28","modified_gmt":"2026-04-15T07:59:28","slug":"vorstand","status":"publish","type":"page","link":"https:\/\/warendorfer-su.de\/index.php\/verein\/vorstand\/","title":{"rendered":"Vorstand"},"content":{"rendered":"\n<h1 class=\"wp-block-heading\">F\u00fchrungsgremien der Warendorfer Sportunion e.V.<\/h1>\n\n\n\n<h4 class=\"wp-block-heading\"><strong>a) Gesch\u00e4ftsf\u00fchrender WSU-Vorstand<\/strong><\/h4>\n\n\n\n<ul class=\"wp-block-list\">\n<li><strong>Pr\u00e4sident:<\/strong> Ralf Sawukaytis<\/li>\n\n\n\n<li><strong>Vorsitzender:<\/strong> Christoph Schmitz<\/li>\n\n\n\n<li><strong>Stellv. Vorsitzender:<\/strong> Guido Everwin<\/li>\n\n\n\n<li><strong>Schatzmeister:<\/strong> J\u00f6rg Bartsch<\/li>\n\n\n\n<li><strong>Sportleiter:<\/strong> Hermann-Josef Becker<\/li>\n\n\n\n<li><strong>Jugendleiterin:<\/strong> Friederike R\u00fccker<\/li>\n\n\n\n<li><strong>Stellv. Jugendleiterin:<\/strong> Judith Wald<\/li>\n<\/ul>\n\n\n\n<h4 class=\"wp-block-heading\"><strong>b) Abteilungsvorsitzende<\/strong><\/h4>\n\n\n\n<ul class=\"wp-block-list\">\n<li><strong>Badminton:<\/strong> Dirk Oertker<\/li>\n\n\n\n<li><strong>Basketball:<\/strong> Kevin Nikoleizik<\/li>\n\n\n\n<li><strong>Darts:<\/strong> Roland Samlaus<\/li>\n\n\n\n<li><strong>Fu\u00dfball:<\/strong> Michael Grothues<\/li>\n\n\n\n<li><strong>Handball:<\/strong> Lisa-Marie Busse<\/li>\n\n\n\n<li><strong>Judo:<\/strong> Detlev J\u00e4ger<\/li>\n\n\n\n<li><strong>Ju-Jutsu:<\/strong> Ralf Berkemeyer<\/li>\n\n\n\n<li><strong>Karate:<\/strong> Daniel Hernaiz Kleine<\/li>\n\n\n\n<li><strong>Leichtathletik:<\/strong> Pia Seck<\/li>\n\n\n\n<li><strong>Radsport:<\/strong> Sascha Glanemann<\/li>\n\n\n\n<li><strong>Schwimmen:<\/strong> Tim Sawukaytis<\/li>\n\n\n\n<li><strong>Tischtennis:<\/strong> Erwin Wekeiser<\/li>\n\n\n\n<li><strong>Turnen:<\/strong> Karin Terharen<\/li>\n\n\n\n<li><strong>Volleyball:<\/strong> Werner Krieft<\/li>\n<\/ul>\n\n\n\n<h4 class=\"wp-block-heading\"><strong>WSU-Beirat<\/strong><\/h4>\n\n\n\n<p><em>\u2013 Beratendes Gremium f\u00fcr den gesch\u00e4ftsf\u00fchrenden Vorstand und Vereinsvorstand \u2013<\/em><\/p>\n\n\n\n<p><strong>Mitglieder:<\/strong><\/p>\n\n\n\n<ul class=\"wp-block-list\">\n<li>Josef Wermeling<\/li>\n\n\n\n<li>Volker Willemsen<\/li>\n\n\n\n<li>Reinhard Oertker<\/li>\n\n\n\n<li>Michael Schemann<\/li>\n\n\n\n<li>Peter Str\u00fcwing<\/li>\n<\/ul>\n\n\n\n<p><\/p>\n","protected":false},"excerpt":{"rendered":"<p>F\u00fchrungsgremien der Warendorfer Sportunion e.V. a) Gesch\u00e4ftsf\u00fchrender WSU-Vorstand b) Abteilungsvorsitzende WSU-Beirat \u2013 Beratendes Gremium f\u00fcr den gesch\u00e4ftsf\u00fchrenden Vorstand und Vereinsvorstand \u2013 Mitglieder:<\/p>\n","protected":false},"author":1,"featured_media":0,"parent":273,"menu_order":0,"comment_status":"closed","ping_status":"closed","template":"","meta":{"ngg_post_thumbnail":0,"footnotes":""},"class_list":["post-331","page","type-page","status-publish","hentry"],"_links":{"self":[{"href":"https:\/\/warendorfer-su.de\/index.php\/wp-json\/wp\/v2\/pages\/331","targetHints":{"allow":["GET"]}}],"collection":[{"href":"https:\/\/warendorfer-su.de\/index.php\/wp-json\/wp\/v2\/pages"}],"about":[{"href":"https:\/\/warendorfer-su.de\/index.php\/wp-json\/wp\/v2\/types\/page"}],"author":[{"embeddable":true,"href":"https:\/\/warendorfer-su.de\/index.php\/wp-json\/wp\/v2\/users\/1"}],"replies":[{"embeddable":true,"href":"https:\/\/warendorfer-su.de\/index.php\/wp-json\/wp\/v2\/comments?post=331"}],"version-history":[{"count":3,"href":"https:\/\/warendorfer-su.de\/index.php\/wp-json\/wp\/v2\/pages\/331\/revisions"}],"predecessor-version":[{"id":1459,"href":"https:\/\/warendorfer-su.de\/index.php\/wp-json\/wp\/v2\/pages\/331\/revisions\/1459"}],"up":[{"embeddable":true,"href":"https:\/\/warendorfer-su.de\/index.php\/wp-json\/wp\/v2\/pages\/273"}],"wp:attachment":[{"href":"https:\/\/warendorfer-su.de\/index.php\/wp-json\/wp\/v2\/media?parent=331"}],"curies":[{"name":"wp","href":"https:\/\/api.w.org\/{rel}","templated":true}]}}