{"id":48,"date":"2025-12-21T13:17:21","date_gmt":"2025-12-21T12:17:21","guid":{"rendered":"https:\/\/wwsu.de\/?page_id=48"},"modified":"2025-12-23T10:02:38","modified_gmt":"2025-12-23T09:02:38","slug":"handball","status":"publish","type":"page","link":"https:\/\/warendorfer-su.de\/index.php\/ballsport\/handball\/","title":{"rendered":"Handball"},"content":{"rendered":"\n<p><\/p>\n\n\n\n<h1 class=\"wp-block-heading\">Handball bei der WSU<\/h1>\n\n\n\n<div class=\"wp-block-group is-nowrap is-layout-flex wp-container-core-group-is-layout-ad2f72ca wp-block-group-is-layout-flex\">\n<figure class=\"wp-block-table\"><table class=\"has-fixed-layout\"><tbody><tr><td class=\"has-text-align-left\" data-align=\"left\"><img decoding=\"async\" src=\"https:\/\/wwsu.de\/wp-content\/uploads\/2025\/12\/grafik.png\" alt=\"\"><\/td><td class=\"has-text-align-left\" data-align=\"left\">Handball ist seit der Anfangszeit der&nbsp;<em>Warendorfer SU<\/em>&nbsp;tief in den Vereinschroniken verwurzelt. Vom Feld ging es f\u00fcr die Handballer der beiden Handballvereine DJK Warendorf und Turnverein Warendorf nach der Fusion in den Hallenbereich. Die Handballabteilung besteht aktuell aus 256 Mitgliedern, die durch zahlreiche Trainer\/-innen, Betreuer\/-innen und ehrenamtlichen Helfern\/-innen unterst\u00fctzt werden.<\/td><\/tr><\/tbody><\/table><\/figure>\n<\/div>\n\n\n\n<figure class=\"wp-block-table\"><table class=\"has-fixed-layout\"><tbody><tr><td class=\"has-text-align-left\" data-align=\"left\"><a href=\"https:\/\/web.archive.org\/web\/20250119020859\/https:\/\/www.warendorfer-su.de\/handball\/handball-team\"><\/a><strong>Mannschaften<\/strong><br>In der Saison 2025\/26 gehen 2 Damen-,<br> 2 Herren- und 4 Jugendmannschaften f\u00fcr die WSU an den Start.<br><br><a href=\"https:\/\/web.archive.org\/web\/20250119020859\/https:\/\/www.warendorfer-su.de\/handball\/handball-team\"><strong>zu den<br>Mannschaften<\/strong><\/a><\/td><td class=\"has-text-align-center\" data-align=\"center\"><a href=\"https:\/\/web.archive.org\/web\/20250119020859\/https:\/\/www.warendorfer-su.de\/handball\/uebersicht-heimspiele\"><\/a><strong>Spielplan<\/strong><br>Hier geht es zum Gesamtspielplan f\u00fcr all unsere Mannschaften in der Saison 2023\/24<br><br><br><br><a href=\"https:\/\/web.archive.org\/web\/20250119020859\/https:\/\/www.warendorfer-su.de\/handball\/uebersicht-heimspiele\"><strong>zum<br>Gesamtspielplan<\/strong><\/a><\/td><td class=\"has-text-align-left\" data-align=\"left\"><a href=\"https:\/\/web.archive.org\/web\/20250119020859\/https:\/\/www.warendorfer-su.de\/handball\/handball-4\"><\/a><strong>Trainingszeiten<\/strong><br>Unsere Trainingszeiten der kompletten Woche und aller Mannschaften<br><br><br><br><a href=\"https:\/\/web.archive.org\/web\/20250119020859\/https:\/\/www.warendorfer-su.de\/handball\/handball-4\"><strong>zu den<br>Trainingszeiten<\/strong><\/a><\/td><td class=\"has-text-align-left\" data-align=\"left\"><a href=\"https:\/\/web.archive.org\/web\/20250119020859\/https:\/\/www.google.de\/maps\/place\/Breslauer+Str.+1,+48231+Warendorf\"><\/a><strong>Halle<\/strong><br>Wir spielen und trainieren (zum gr\u00f6\u00dften Teil) in der Breslauer Stra\u00dfe, am Mariengymnasium<br><br><br><br><a href=\"https:\/\/web.archive.org\/web\/20250119020859\/https:\/\/www.google.de\/maps\/place\/Breslauer+Str.+1,+48231+Warendorf\"><strong>zum<br>Routenplaner<\/strong><\/a><\/td><\/tr><\/tbody><\/table><\/figure>\n\n\n\n<p>Folgen Sie der Abteilung Handball auch auf Facebook\/ Instagram und erfahren Sie immer die aktuellsten News rund um die Mannschaften der WSU!&nbsp;<br>Einfach auf das Logo klicken, folgen und liken!<\/p>\n\n\n\n<p>+++ Derzeit befindet sich die Handball Website im Umbruch und wird erneuert. Deshalb&nbsp;sind nicht alle Informationen auf dem Laufenden. Der vollst\u00e4ndige&nbsp;Aufbau der Webseite wird in den kommenden Wochen beendet. +++<\/p>\n\n\n\n<p class=\"has-medium-font-size\">Unterseiten:<\/p>\n\n\n\n<!-- Page-list plugin v.5.9 wordpress.org\/plugins\/page-list\/ -->\n<ul class=\"page-list \">\n<li class=\"page_item page-item-538\"><a href=\"https:\/\/warendorfer-su.de\/index.php\/ballsport\/handball\/foerderverein\/\">F\u00f6rderverein<\/a><\/li>\n<li class=\"page_item page-item-67 page_item_has_children\"><a href=\"https:\/\/warendorfer-su.de\/index.php\/ballsport\/handball\/mannschaften\/\">Mannschaften<\/a>\n<ul class='children'>\n\t<li class=\"page_item page-item-521\"><a href=\"https:\/\/warendorfer-su.de\/index.php\/ballsport\/handball\/mannschaften\/1-damen\/\">1. Damen<\/a><\/li>\n\t<li class=\"page_item page-item-69\"><a href=\"https:\/\/warendorfer-su.de\/index.php\/ballsport\/handball\/mannschaften\/1-herren\/\">1. Herren<\/a><\/li>\n\t<li class=\"page_item page-item-524\"><a href=\"https:\/\/warendorfer-su.de\/index.php\/ballsport\/handball\/mannschaften\/2-damen\/\">2. Damen<\/a><\/li>\n\t<li class=\"page_item page-item-82\"><a href=\"https:\/\/warendorfer-su.de\/index.php\/ballsport\/handball\/mannschaften\/2-herren\/\">2. Herren<\/a><\/li>\n\t<li class=\"page_item page-item-812\"><a href=\"https:\/\/warendorfer-su.de\/index.php\/ballsport\/handball\/mannschaften\/bambinis\/\">Bambinis<\/a><\/li>\n\t<li class=\"page_item page-item-526\"><a href=\"https:\/\/warendorfer-su.de\/index.php\/ballsport\/handball\/mannschaften\/maennliche-a-jugend\/\">M\u00e4nnliche A Jugend<\/a><\/li>\n\t<li class=\"page_item page-item-529\"><a href=\"https:\/\/warendorfer-su.de\/index.php\/ballsport\/handball\/mannschaften\/maennliche-c-jugend\/\">M\u00e4nnliche C Jugend<\/a><\/li>\n\t<li class=\"page_item page-item-531\"><a href=\"https:\/\/warendorfer-su.de\/index.php\/ballsport\/handball\/mannschaften\/maennliche-d-jugend\/\">M\u00e4nnliche D Jugend<\/a><\/li>\n\t<li class=\"page_item page-item-533\"><a href=\"https:\/\/warendorfer-su.de\/index.php\/ballsport\/handball\/mannschaften\/maennliche-e-jugend\/\">M\u00e4nnliche E Jugend<\/a><\/li>\n\t<li class=\"page_item page-item-806\"><a href=\"https:\/\/warendorfer-su.de\/index.php\/ballsport\/handball\/mannschaften\/minis\/\">Minis<\/a><\/li>\n\t<li class=\"page_item page-item-810\"><a href=\"https:\/\/warendorfer-su.de\/index.php\/ballsport\/handball\/mannschaften\/piraten\/\">Piraten<\/a><\/li>\n<\/ul>\n<\/li>\n<li class=\"page_item page-item-540\"><a href=\"https:\/\/warendorfer-su.de\/index.php\/ballsport\/handball\/sponsoren\/\">Sponsoren<\/a><\/li>\n<li class=\"page_item page-item-536\"><a href=\"https:\/\/warendorfer-su.de\/index.php\/ballsport\/handball\/trainingszeiten\/\">Trainingszeiten<\/a><\/li>\n<li class=\"page_item page-item-542\"><a href=\"https:\/\/warendorfer-su.de\/index.php\/ballsport\/handball\/vorstand\/\">Vorstand<\/a><\/li>\n\n<\/ul>\n","protected":false},"excerpt":{"rendered":"<p>Handball bei der WSU Handball ist seit der Anfangszeit der&nbsp;Warendorfer SU&nbsp;tief in den Vereinschroniken verwurzelt. Vom Feld ging es f\u00fcr die Handballer der beiden Handballvereine DJK Warendorf und Turnverein Warendorf nach der Fusion in den Hallenbereich. Die Handballabteilung besteht aktuell &hellip; <a href=\"https:\/\/warendorfer-su.de\/index.php\/ballsport\/handball\/\">Weiterlesen <span class=\"meta-nav\">&rarr;<\/span><\/a><\/p>\n","protected":false},"author":1,"featured_media":0,"parent":2,"menu_order":0,"comment_status":"closed","ping_status":"closed","template":"","meta":{"ngg_post_thumbnail":0,"footnotes":""},"class_list":["post-48","page","type-page","status-publish","hentry"],"_links":{"self":[{"href":"https:\/\/warendorfer-su.de\/index.php\/wp-json\/wp\/v2\/pages\/48","targetHints":{"allow":["GET"]}}],"collection":[{"href":"https:\/\/warendorfer-su.de\/index.php\/wp-json\/wp\/v2\/pages"}],"about":[{"href":"https:\/\/warendorfer-su.de\/index.php\/wp-json\/wp\/v2\/types\/page"}],"author":[{"embeddable":true,"href":"https:\/\/warendorfer-su.de\/index.php\/wp-json\/wp\/v2\/users\/1"}],"replies":[{"embeddable":true,"href":"https:\/\/warendorfer-su.de\/index.php\/wp-json\/wp\/v2\/comments?post=48"}],"version-history":[{"count":7,"href":"https:\/\/warendorfer-su.de\/index.php\/wp-json\/wp\/v2\/pages\/48\/revisions"}],"predecessor-version":[{"id":463,"href":"https:\/\/warendorfer-su.de\/index.php\/wp-json\/wp\/v2\/pages\/48\/revisions\/463"}],"up":[{"embeddable":true,"href":"https:\/\/warendorfer-su.de\/index.php\/wp-json\/wp\/v2\/pages\/2"}],"wp:attachment":[{"href":"https:\/\/warendorfer-su.de\/index.php\/wp-json\/wp\/v2\/media?parent=48"}],"curies":[{"name":"wp","href":"https:\/\/api.w.org\/{rel}","templated":true}]}}