{"id":538,"date":"2026-01-04T14:54:41","date_gmt":"2026-01-04T13:54:41","guid":{"rendered":"https:\/\/wwsu.de\/?page_id=538"},"modified":"2026-01-12T09:25:42","modified_gmt":"2026-01-12T08:25:42","slug":"foerderverein","status":"publish","type":"page","link":"https:\/\/warendorfer-su.de\/index.php\/ballsport\/handball\/foerderverein\/","title":{"rendered":"F\u00f6rderverein"},"content":{"rendered":"\n<figure class=\"wp-block-image size-large\"><img loading=\"lazy\" decoding=\"async\" width=\"1024\" height=\"431\" src=\"https:\/\/wwsu.de\/wp-content\/uploads\/2026\/01\/Foerderverein-Logo-1024x431.png\" alt=\"\" class=\"wp-image-801\" srcset=\"https:\/\/warendorfer-su.de\/wp-content\/uploads\/2026\/01\/Foerderverein-Logo-1024x431.png 1024w, https:\/\/warendorfer-su.de\/wp-content\/uploads\/2026\/01\/Foerderverein-Logo-300x126.png 300w, https:\/\/warendorfer-su.de\/wp-content\/uploads\/2026\/01\/Foerderverein-Logo-768x324.png 768w, https:\/\/warendorfer-su.de\/wp-content\/uploads\/2026\/01\/Foerderverein-Logo-1536x647.png 1536w, https:\/\/warendorfer-su.de\/wp-content\/uploads\/2026\/01\/Foerderverein-Logo-2048x863.png 2048w, https:\/\/warendorfer-su.de\/wp-content\/uploads\/2026\/01\/Foerderverein-Logo-500x211.png 500w\" sizes=\"auto, (max-width: 1024px) 100vw, 1024px\" \/><\/figure>\n\n\n\n<p>Handball hat eine tiefe Tradition in der Warendorfer SU. Schon seit der Gr\u00fcndung 1972 gab es unsere Abteilung. Auch vor der Fusion der Vereine &#8222;Turnen Warendorf 1895&#8220;, &#8222;Sportverein Warendorf 1911&#8220; und &#8222;DJK Westfalia Warendorf 1918&#8220; ist in diesen Feldhandball gespielt worden.<\/p>\n\n\n\n<p>Mit der Gr\u00fcndung des &#8222;F\u00f6rderverein WSU-Handball e.V.&#8220; in 2004 ist ein weiterer wichtiger Meilenstein gelegt worden. Mit seinen ehrenamtlichen Helfern versucht der F\u00f6rderverein die Handballabteilung durch sinnvolle Ausgaben zu unterst\u00fctzen und stetig weiter zu entwickeln. Hierf\u00fcr steht insbesondere der Jugendbereich im Fokus, aber auch die Seniorenmanschaften kommen nicht zu kurz.<\/p>\n\n\n\n<p>Einheitliche Trikots\u00e4tze, Trainingsanz\u00fcge sowie Fahrten zu den&nbsp;<a href=\"https:\/\/de.wikipedia.org\/wiki\/Lundaspelen\">Lund-Spielen<\/a>&nbsp;(Schweden), u.a. zur St\u00e4rkung des &#8222;WIR&#8220;-Gef\u00fchls (Gruppenerlebnis), sind hierbei nur ein Teil von Investitionen. Dar\u00fcber hinaus unterst\u00fctzen wir die Trainer Aus- und Weiterbildung, Ausstattungen einzelner Mannschaften mit sinnvollen Trainingsmaterialien und die Ausbildung von Schiedsrichtern. F\u00fcr den Kindersport helfen wir mit zus\u00e4tzlichen Mitteln und Ausr\u00fcstungen, die nicht zum Stand der Halle geh\u00f6rt. Getreu nach dem Motto &#8222;Spielerlebnis geht vor Spielergebnis&#8220; wollen wir so diese Generation f\u00fcr den Handballsport begeistern.<\/p>\n\n\n\n<p>F\u00fcr diesen Zweck versucht der F\u00f6rderverein Mitglieder, aber vor allem auch Sponsoren f\u00fcr die Handballabteilung zu finden, die sich finanziell f\u00fcr den Verein einsetzen m\u00f6chten.<\/p>\n\n\n\n<p>Wir w\u00fcrden uns freuen, Euch als unsere neuen Partner f\u00fcr den F\u00f6rderverein begr\u00fc\u00dfen zu d\u00fcrfen.<\/p>\n\n\n\n<p><\/p>\n\n\n\n<figure class=\"wp-block-table\"><table class=\"has-fixed-layout\"><tbody><tr><td class=\"has-text-align-left\" data-align=\"left\"><a href=\"https:\/\/drive.google.com\/file\/d\/1Y8P9vCwa_ZsuXAvJkAW-huqMB7rkmD_C\/view?usp=sharing\">Aufnahmeantrag<\/a><\/td><td class=\"has-text-align-left\" data-align=\"left\"><a href=\"https:\/\/drive.google.com\/file\/d\/1-O9XGYM3ARD4qjhaicN2wqyuLKc0ys40\/view?usp=sharing\">Flyer<\/a>&nbsp; &nbsp; &nbsp; &nbsp; &nbsp; &nbsp;&nbsp;<\/td><td class=\"has-text-align-left\" data-align=\"left\"><a href=\"https:\/\/drive.google.com\/file\/d\/1LXOHVvLIrlJOXTKdEQuyxH0RzOxK7Kih\/view?usp=sharing\">Satzung<\/a><a href=\"https:\/\/web.archive.org\/web\/20250119023118\/https:\/\/www.dropbox.com\/s\/po49l17gtxw681i\/Satzung%20F%C3%B6rderverein%202021.pdf?dl=0\"><\/a><\/td><\/tr><\/tbody><\/table><\/figure>\n\n\n\n<p><strong>Direkter Kontakt:<\/strong><br>Johannes Sch\u00f6ttler<br>E-Mail:&nbsp;<a href=\"mailto:fwhev@gmx.de\">fwhev@gmx.de<\/a><\/p>\n\n\n\n<figure class=\"wp-block-image size-large\"><img loading=\"lazy\" decoding=\"async\" width=\"724\" height=\"1024\" src=\"https:\/\/wwsu.de\/wp-content\/uploads\/2026\/01\/Foerderverein-Plakat-724x1024.jpg\" alt=\"\" class=\"wp-image-798\" srcset=\"https:\/\/warendorfer-su.de\/wp-content\/uploads\/2026\/01\/Foerderverein-Plakat-724x1024.jpg 724w, https:\/\/warendorfer-su.de\/wp-content\/uploads\/2026\/01\/Foerderverein-Plakat-212x300.jpg 212w, https:\/\/warendorfer-su.de\/wp-content\/uploads\/2026\/01\/Foerderverein-Plakat-768x1086.jpg 768w, https:\/\/warendorfer-su.de\/wp-content\/uploads\/2026\/01\/Foerderverein-Plakat-1086x1536.jpg 1086w, https:\/\/warendorfer-su.de\/wp-content\/uploads\/2026\/01\/Foerderverein-Plakat-1449x2048.jpg 1449w, https:\/\/warendorfer-su.de\/wp-content\/uploads\/2026\/01\/Foerderverein-Plakat-scaled.jpg 1811w\" sizes=\"auto, (max-width: 724px) 100vw, 724px\" \/><\/figure>\n","protected":false},"excerpt":{"rendered":"<p>Handball hat eine tiefe Tradition in der Warendorfer SU. Schon seit der Gr\u00fcndung 1972 gab es unsere Abteilung. Auch vor der Fusion der Vereine &#8222;Turnen Warendorf 1895&#8220;, &#8222;Sportverein Warendorf 1911&#8220; und &#8222;DJK Westfalia Warendorf 1918&#8220; ist in diesen Feldhandball gespielt &hellip; <a href=\"https:\/\/warendorfer-su.de\/index.php\/ballsport\/handball\/foerderverein\/\">Weiterlesen <span class=\"meta-nav\">&rarr;<\/span><\/a><\/p>\n","protected":false},"author":2,"featured_media":0,"parent":48,"menu_order":0,"comment_status":"closed","ping_status":"closed","template":"","meta":{"ngg_post_thumbnail":0,"footnotes":""},"class_list":["post-538","page","type-page","status-publish","hentry"],"_links":{"self":[{"href":"https:\/\/warendorfer-su.de\/index.php\/wp-json\/wp\/v2\/pages\/538","targetHints":{"allow":["GET"]}}],"collection":[{"href":"https:\/\/warendorfer-su.de\/index.php\/wp-json\/wp\/v2\/pages"}],"about":[{"href":"https:\/\/warendorfer-su.de\/index.php\/wp-json\/wp\/v2\/types\/page"}],"author":[{"embeddable":true,"href":"https:\/\/warendorfer-su.de\/index.php\/wp-json\/wp\/v2\/users\/2"}],"replies":[{"embeddable":true,"href":"https:\/\/warendorfer-su.de\/index.php\/wp-json\/wp\/v2\/comments?post=538"}],"version-history":[{"count":7,"href":"https:\/\/warendorfer-su.de\/index.php\/wp-json\/wp\/v2\/pages\/538\/revisions"}],"predecessor-version":[{"id":802,"href":"https:\/\/warendorfer-su.de\/index.php\/wp-json\/wp\/v2\/pages\/538\/revisions\/802"}],"up":[{"embeddable":true,"href":"https:\/\/warendorfer-su.de\/index.php\/wp-json\/wp\/v2\/pages\/48"}],"wp:attachment":[{"href":"https:\/\/warendorfer-su.de\/index.php\/wp-json\/wp\/v2\/media?parent=538"}],"curies":[{"name":"wp","href":"https:\/\/api.w.org\/{rel}","templated":true}]}}