{"id":540,"date":"2026-01-04T14:55:16","date_gmt":"2026-01-04T13:55:16","guid":{"rendered":"https:\/\/wwsu.de\/?page_id=540"},"modified":"2026-01-04T16:31:50","modified_gmt":"2026-01-04T15:31:50","slug":"sponsoren","status":"publish","type":"page","link":"https:\/\/warendorfer-su.de\/index.php\/ballsport\/handball\/sponsoren\/","title":{"rendered":"Sponsoren"},"content":{"rendered":"\n<p>Liebe Sponsoren,<\/p>\n\n\n\n<p>ohne unsere Sponsoren w\u00e4re vieles nicht m\u00f6glich. Sie stehen hinter unserem Verein, f\u00f6rdern den Handballsport in unserer Region und leisten einen wertvollen Beitrag zur Nachwuchsarbeit.<\/p>\n\n\n\n<p>Ihr Engagement zeigt echte Verbundenheit mit unserem Verein und unseren Werten. Daf\u00fcr sagen wir: Danke!<\/p>\n\n\n\n<p>Gemeinsam k\u00e4mpfen wir f\u00fcr sportliche Erfolge \u2013 auf und neben dem Spielfeld.<\/p>\n\n\n\n<p>Interessiert an einer Partnerschaft mit unserem Verein?<\/p>\n\n\n\n<p>Sprechen Sie uns gerne an \u2013 gemeinsam bewegen wir mehr.<\/p>\n","protected":false},"excerpt":{"rendered":"<p>Liebe Sponsoren, ohne unsere Sponsoren w\u00e4re vieles nicht m\u00f6glich. Sie stehen hinter unserem Verein, f\u00f6rdern den Handballsport in unserer Region und leisten einen wertvollen Beitrag zur Nachwuchsarbeit. Ihr Engagement zeigt echte Verbundenheit mit unserem Verein und unseren Werten. Daf\u00fcr sagen &hellip; <a href=\"https:\/\/warendorfer-su.de\/index.php\/ballsport\/handball\/sponsoren\/\">Weiterlesen <span class=\"meta-nav\">&rarr;<\/span><\/a><\/p>\n","protected":false},"author":2,"featured_media":0,"parent":48,"menu_order":0,"comment_status":"closed","ping_status":"closed","template":"","meta":{"ngg_post_thumbnail":0,"footnotes":""},"class_list":["post-540","page","type-page","status-publish","hentry"],"_links":{"self":[{"href":"https:\/\/warendorfer-su.de\/index.php\/wp-json\/wp\/v2\/pages\/540","targetHints":{"allow":["GET"]}}],"collection":[{"href":"https:\/\/warendorfer-su.de\/index.php\/wp-json\/wp\/v2\/pages"}],"about":[{"href":"https:\/\/warendorfer-su.de\/index.php\/wp-json\/wp\/v2\/types\/page"}],"author":[{"embeddable":true,"href":"https:\/\/warendorfer-su.de\/index.php\/wp-json\/wp\/v2\/users\/2"}],"replies":[{"embeddable":true,"href":"https:\/\/warendorfer-su.de\/index.php\/wp-json\/wp\/v2\/comments?post=540"}],"version-history":[{"count":2,"href":"https:\/\/warendorfer-su.de\/index.php\/wp-json\/wp\/v2\/pages\/540\/revisions"}],"predecessor-version":[{"id":548,"href":"https:\/\/warendorfer-su.de\/index.php\/wp-json\/wp\/v2\/pages\/540\/revisions\/548"}],"up":[{"embeddable":true,"href":"https:\/\/warendorfer-su.de\/index.php\/wp-json\/wp\/v2\/pages\/48"}],"wp:attachment":[{"href":"https:\/\/warendorfer-su.de\/index.php\/wp-json\/wp\/v2\/media?parent=540"}],"curies":[{"name":"wp","href":"https:\/\/api.w.org\/{rel}","templated":true}]}}