{"id":859,"date":"2026-01-21T08:44:55","date_gmt":"2026-01-21T07:44:55","guid":{"rendered":"https:\/\/wwsu.de\/?page_id=859"},"modified":"2026-01-22T07:42:28","modified_gmt":"2026-01-22T06:42:28","slug":"wettkampf","status":"publish","type":"page","link":"https:\/\/warendorfer-su.de\/index.php\/ballsport\/badminton\/wettkampf\/","title":{"rendered":"Wettkampf"},"content":{"rendered":"\n<p>In der Saison 2025\/26 nehmen insgesamt drei U19- und zwei O19-Teams der Warendorfer SU am Spielbetrieb des <a href=\"http:\/\/www.badminton.nrw\">Badminton-Landesverbandes NRW<\/a> teil. <\/p>\n\n\n\n<ul class=\"wp-block-list\">\n<li><a href=\"https:\/\/dbv.turnier.de\/sport\/clubmatches.aspx?id=925D6245-1FA1-496D-9810-1439487E5801&amp;cid=307\">Zu allen Spielen der WSU<\/a><\/li>\n\n\n\n<li><a href=\"https:\/\/dbv.turnier.de\/sport\/clubstandings.aspx?id=925D6245-1FA1-496D-9810-1439487E5801&amp;cid=307\">Zu allen Tabellen der WSU<\/a><\/li>\n\n\n\n<li><a href=\"https:\/\/dbv.turnier.de\/sport\/league\/team?id=925D6245-1FA1-496D-9810-1439487E5801&amp;team=629\">WSU 1 | Verbandsliga <\/a><\/li>\n\n\n\n<li><a href=\"https:\/\/dbv.turnier.de\/sport\/team.aspx?id=925D6245-1FA1-496D-9810-1439487E5801&amp;team=630\">WSU 2 | Kreisliga<\/a><\/li>\n\n\n\n<li><a href=\"https:\/\/dbv.turnier.de\/sport\/team.aspx?id=925D6245-1FA1-496D-9810-1439487E5801&amp;team=631\">WSU M1 | U19<\/a><\/li>\n\n\n\n<li><a href=\"https:\/\/dbv.turnier.de\/sport\/team.aspx?id=925D6245-1FA1-496D-9810-1439487E5801&amp;team=632\">WSU M2 | U17 <\/a><\/li>\n\n\n\n<li><a href=\"https:\/\/dbv.turnier.de\/sport\/team.aspx?id=925D6245-1FA1-496D-9810-1439487E5801&amp;team=633\">WSU M3 | U13<\/a><\/li>\n<\/ul>\n\n\n\n<figure class=\"wp-block-image size-large\"><img loading=\"lazy\" decoding=\"async\" width=\"1024\" height=\"901\" src=\"https:\/\/wwsu.de\/wp-content\/uploads\/2026\/01\/Bildschirmfoto-2026-01-22-um-07.40.21-1024x901.png\" alt=\"\" class=\"wp-image-917\" srcset=\"https:\/\/warendorfer-su.de\/wp-content\/uploads\/2026\/01\/Bildschirmfoto-2026-01-22-um-07.40.21-1024x901.png 1024w, https:\/\/warendorfer-su.de\/wp-content\/uploads\/2026\/01\/Bildschirmfoto-2026-01-22-um-07.40.21-300x264.png 300w, https:\/\/warendorfer-su.de\/wp-content\/uploads\/2026\/01\/Bildschirmfoto-2026-01-22-um-07.40.21-768x676.png 768w, https:\/\/warendorfer-su.de\/wp-content\/uploads\/2026\/01\/Bildschirmfoto-2026-01-22-um-07.40.21-1536x1352.png 1536w, https:\/\/warendorfer-su.de\/wp-content\/uploads\/2026\/01\/Bildschirmfoto-2026-01-22-um-07.40.21-341x300.png 341w, https:\/\/warendorfer-su.de\/wp-content\/uploads\/2026\/01\/Bildschirmfoto-2026-01-22-um-07.40.21.png 1638w\" sizes=\"auto, (max-width: 1024px) 100vw, 1024px\" \/><figcaption class=\"wp-element-caption\">WSU 1 | Verbandsliga (v.l. Stephan Krampe, Julia Renne, Oliver Schmidt, Maike Schmidt, Christoph Gre\u00dfmeyer, Leonie Renne &amp; Janik Hell; es fehlen: Ulrike Krampe, Leo Haas &amp; Janush Vashishtha)<\/figcaption><\/figure>\n\n\n\n<figure class=\"wp-block-image size-large\"><img loading=\"lazy\" decoding=\"async\" width=\"2560\" height=\"1440\" src=\"https:\/\/wwsu.de\/wp-content\/uploads\/2026\/01\/WSU_2-edited-scaled.jpeg\" alt=\"\" class=\"wp-image-879\" srcset=\"https:\/\/warendorfer-su.de\/wp-content\/uploads\/2026\/01\/WSU_2-edited-scaled.jpeg 2560w, https:\/\/warendorfer-su.de\/wp-content\/uploads\/2026\/01\/WSU_2-edited-300x169.jpeg 300w, https:\/\/warendorfer-su.de\/wp-content\/uploads\/2026\/01\/WSU_2-edited-1024x576.jpeg 1024w, https:\/\/warendorfer-su.de\/wp-content\/uploads\/2026\/01\/WSU_2-edited-768x432.jpeg 768w, https:\/\/warendorfer-su.de\/wp-content\/uploads\/2026\/01\/WSU_2-edited-1536x864.jpeg 1536w, https:\/\/warendorfer-su.de\/wp-content\/uploads\/2026\/01\/WSU_2-edited-2048x1152.jpeg 2048w, https:\/\/warendorfer-su.de\/wp-content\/uploads\/2026\/01\/WSU_2-edited-500x281.jpeg 500w\" sizes=\"auto, (max-width: 2560px) 100vw, 2560px\" \/><figcaption class=\"wp-element-caption\">WSU 2 | Kreisliga (v.l. Greta Leson, Daniel Dunker, Rieke Kuckelmann, Philipp M\u00fcller, Jannis Bl\u00f6mker, Klaus Kretschmann &amp; Vanessa Erdmann; es fehlen: Martin M\u00fcller, Jens Schembecker &amp; Dirk Rothues)<\/figcaption><\/figure>\n\n\n\n<figure class=\"wp-block-image size-large\"><img loading=\"lazy\" decoding=\"async\" width=\"2560\" height=\"1919\" src=\"https:\/\/wwsu.de\/wp-content\/uploads\/2026\/01\/WSU_M1-edited-scaled.jpeg\" alt=\"\" class=\"wp-image-878\" srcset=\"https:\/\/warendorfer-su.de\/wp-content\/uploads\/2026\/01\/WSU_M1-edited-scaled.jpeg 2560w, https:\/\/warendorfer-su.de\/wp-content\/uploads\/2026\/01\/WSU_M1-edited-300x225.jpeg 300w, https:\/\/warendorfer-su.de\/wp-content\/uploads\/2026\/01\/WSU_M1-edited-1024x768.jpeg 1024w, https:\/\/warendorfer-su.de\/wp-content\/uploads\/2026\/01\/WSU_M1-edited-768x576.jpeg 768w, https:\/\/warendorfer-su.de\/wp-content\/uploads\/2026\/01\/WSU_M1-edited-1536x1152.jpeg 1536w, https:\/\/warendorfer-su.de\/wp-content\/uploads\/2026\/01\/WSU_M1-edited-2048x1535.jpeg 2048w, https:\/\/warendorfer-su.de\/wp-content\/uploads\/2026\/01\/WSU_M1-edited-400x300.jpeg 400w\" sizes=\"auto, (max-width: 2560px) 100vw, 2560px\" \/><figcaption class=\"wp-element-caption\">WSU M1 | U19 (v.l. Jonah Schulz, Rieke Kuckelmann, Greta Leson, Carlotta Johansmann &amp; Aaron Grossmann; es fehlt: Maylin Hoffmann)<\/figcaption><\/figure>\n\n\n\n<figure class=\"wp-block-image size-large\"><img loading=\"lazy\" decoding=\"async\" width=\"1423\" height=\"801\" src=\"https:\/\/wwsu.de\/wp-content\/uploads\/2026\/01\/WSU_M2-edited.jpg\" alt=\"\" class=\"wp-image-876\" srcset=\"https:\/\/warendorfer-su.de\/wp-content\/uploads\/2026\/01\/WSU_M2-edited.jpg 1423w, https:\/\/warendorfer-su.de\/wp-content\/uploads\/2026\/01\/WSU_M2-edited-300x169.jpg 300w, https:\/\/warendorfer-su.de\/wp-content\/uploads\/2026\/01\/WSU_M2-edited-1024x576.jpg 1024w, https:\/\/warendorfer-su.de\/wp-content\/uploads\/2026\/01\/WSU_M2-edited-768x432.jpg 768w, https:\/\/warendorfer-su.de\/wp-content\/uploads\/2026\/01\/WSU_M2-edited-500x281.jpg 500w\" sizes=\"auto, (max-width: 1423px) 100vw, 1423px\" \/><figcaption class=\"wp-element-caption\">WSU M2 | U17 (v.l. Justus Himler, Nina Wullkotte, Felix Wortmann, Leonas Schulz &amp; Desharwin Ratheesan; es fehlen: Nico Xiao &amp; Raphael Nolde)<\/figcaption><\/figure>\n\n\n\n<figure class=\"wp-block-image size-large\"><img loading=\"lazy\" decoding=\"async\" width=\"2560\" height=\"1920\" src=\"https:\/\/wwsu.de\/wp-content\/uploads\/2026\/01\/WSU_M3-edited-scaled.jpeg\" alt=\"\" class=\"wp-image-877\" srcset=\"https:\/\/warendorfer-su.de\/wp-content\/uploads\/2026\/01\/WSU_M3-edited-scaled.jpeg 2560w, https:\/\/warendorfer-su.de\/wp-content\/uploads\/2026\/01\/WSU_M3-edited-300x225.jpeg 300w, https:\/\/warendorfer-su.de\/wp-content\/uploads\/2026\/01\/WSU_M3-edited-1024x768.jpeg 1024w, https:\/\/warendorfer-su.de\/wp-content\/uploads\/2026\/01\/WSU_M3-edited-768x576.jpeg 768w, https:\/\/warendorfer-su.de\/wp-content\/uploads\/2026\/01\/WSU_M3-edited-1536x1152.jpeg 1536w, https:\/\/warendorfer-su.de\/wp-content\/uploads\/2026\/01\/WSU_M3-edited-2048x1536.jpeg 2048w, https:\/\/warendorfer-su.de\/wp-content\/uploads\/2026\/01\/WSU_M3-edited-400x300.jpeg 400w\" sizes=\"auto, (max-width: 2560px) 100vw, 2560px\" \/><figcaption class=\"wp-element-caption\">WSU M3 | U13 (v.l. David St\u00fctze, Tom H\u00f6rdemann, Linus Himler &amp; Tom Kretschmann; es fehlen Alisa Fedotov &amp; Jannik Pomberg)<\/figcaption><\/figure>\n","protected":false},"excerpt":{"rendered":"<p>In der Saison 2025\/26 nehmen insgesamt drei U19- und zwei O19-Teams der Warendorfer SU am Spielbetrieb des Badminton-Landesverbandes NRW teil.<\/p>\n","protected":false},"author":1,"featured_media":0,"parent":127,"menu_order":0,"comment_status":"closed","ping_status":"closed","template":"","meta":{"ngg_post_thumbnail":0,"footnotes":""},"class_list":["post-859","page","type-page","status-publish","hentry"],"_links":{"self":[{"href":"https:\/\/warendorfer-su.de\/index.php\/wp-json\/wp\/v2\/pages\/859","targetHints":{"allow":["GET"]}}],"collection":[{"href":"https:\/\/warendorfer-su.de\/index.php\/wp-json\/wp\/v2\/pages"}],"about":[{"href":"https:\/\/warendorfer-su.de\/index.php\/wp-json\/wp\/v2\/types\/page"}],"author":[{"embeddable":true,"href":"https:\/\/warendorfer-su.de\/index.php\/wp-json\/wp\/v2\/users\/1"}],"replies":[{"embeddable":true,"href":"https:\/\/warendorfer-su.de\/index.php\/wp-json\/wp\/v2\/comments?post=859"}],"version-history":[{"count":5,"href":"https:\/\/warendorfer-su.de\/index.php\/wp-json\/wp\/v2\/pages\/859\/revisions"}],"predecessor-version":[{"id":918,"href":"https:\/\/warendorfer-su.de\/index.php\/wp-json\/wp\/v2\/pages\/859\/revisions\/918"}],"up":[{"embeddable":true,"href":"https:\/\/warendorfer-su.de\/index.php\/wp-json\/wp\/v2\/pages\/127"}],"wp:attachment":[{"href":"https:\/\/warendorfer-su.de\/index.php\/wp-json\/wp\/v2\/media?parent=859"}],"curies":[{"name":"wp","href":"https:\/\/api.w.org\/{rel}","templated":true}]}}