{"id":950,"date":"2026-01-25T13:31:05","date_gmt":"2026-01-25T12:31:05","guid":{"rendered":"https:\/\/wwsu.de\/?page_id=950"},"modified":"2026-03-11T20:47:19","modified_gmt":"2026-03-11T19:47:19","slug":"wettkaempfe","status":"publish","type":"page","link":"https:\/\/warendorfer-su.de\/index.php\/wassersport\/schwimmen\/wettkaempfe\/","title":{"rendered":"Wettk\u00e4mpfe"},"content":{"rendered":"\n<p>Hier wird bald eine Wettkampf\u00fcbersicht des aktuellen Halbjahres 2026 verf\u00fcgbar sein.<\/p>\n\n\n\n<p>Am Sa. 28.03.2026 finden unsere Vereinsmeisterschaften im St\u00e4dt. Hallenbad Warendorf statt. Weitere Infos dazu gibt es in den Trainingsstunden.<br>Der Anmeldezettel wird zeitnah bereitgestellt.<\/p>\n\n\n\n<p><\/p>\n\n\n\n<p>Informationen (Meldelisten und Ergebnisse) zu Wettk\u00e4mpfen findet ihr aktuell <a href=\"https:\/\/wsu.webclub.app\/\" target=\"_blank\" rel=\"noreferrer noopener\">hier<\/a><\/p>\n\n\n\n<hr class=\"wp-block-separator has-alpha-channel-opacity\"\/>\n\n\n\n<p>Wichtige Allgemeine Dokumente:<\/p>\n\n\n\n<div class=\"wp-block-file\"><a id=\"wp-block-file--media-716e733b-5766-4cb4-8c57-65ac910f27ac\" href=\"https:\/\/wwsu.de\/wp-content\/uploads\/2026\/02\/formular_sportuntersuchung.pdf\" target=\"_blank\" rel=\"noreferrer noopener\">Formular Sportuntersuchung<\/a><\/div>\n\n\n\n<div class=\"wp-block-file\"><a id=\"wp-block-file--media-be460a3c-2d6b-478c-b214-86b13afbaca8\" href=\"https:\/\/wwsu.de\/wp-content\/uploads\/2026\/02\/hinweise_ansprechpartner.pdf\" target=\"_blank\" rel=\"noreferrer noopener\">Hinweise und Ansprechpartner zum Wettkampfsport<\/a><\/div>\n","protected":false},"excerpt":{"rendered":"<p>Hier wird bald eine Wettkampf\u00fcbersicht des aktuellen Halbjahres 2026 verf\u00fcgbar sein. Am Sa. 28.03.2026 finden unsere Vereinsmeisterschaften im St\u00e4dt. Hallenbad Warendorf statt. Weitere Infos dazu gibt es in den Trainingsstunden.Der Anmeldezettel wird zeitnah bereitgestellt. Informationen (Meldelisten und Ergebnisse) zu Wettk\u00e4mpfen &hellip; <a href=\"https:\/\/warendorfer-su.de\/index.php\/wassersport\/schwimmen\/wettkaempfe\/\">Weiterlesen <span class=\"meta-nav\">&rarr;<\/span><\/a><\/p>\n","protected":false},"author":6,"featured_media":0,"parent":223,"menu_order":0,"comment_status":"closed","ping_status":"closed","template":"","meta":{"ngg_post_thumbnail":0,"footnotes":""},"class_list":["post-950","page","type-page","status-publish","hentry"],"_links":{"self":[{"href":"https:\/\/warendorfer-su.de\/index.php\/wp-json\/wp\/v2\/pages\/950","targetHints":{"allow":["GET"]}}],"collection":[{"href":"https:\/\/warendorfer-su.de\/index.php\/wp-json\/wp\/v2\/pages"}],"about":[{"href":"https:\/\/warendorfer-su.de\/index.php\/wp-json\/wp\/v2\/types\/page"}],"author":[{"embeddable":true,"href":"https:\/\/warendorfer-su.de\/index.php\/wp-json\/wp\/v2\/users\/6"}],"replies":[{"embeddable":true,"href":"https:\/\/warendorfer-su.de\/index.php\/wp-json\/wp\/v2\/comments?post=950"}],"version-history":[{"count":7,"href":"https:\/\/warendorfer-su.de\/index.php\/wp-json\/wp\/v2\/pages\/950\/revisions"}],"predecessor-version":[{"id":1215,"href":"https:\/\/warendorfer-su.de\/index.php\/wp-json\/wp\/v2\/pages\/950\/revisions\/1215"}],"up":[{"embeddable":true,"href":"https:\/\/warendorfer-su.de\/index.php\/wp-json\/wp\/v2\/pages\/223"}],"wp:attachment":[{"href":"https:\/\/warendorfer-su.de\/index.php\/wp-json\/wp\/v2\/media?parent=950"}],"curies":[{"name":"wp","href":"https:\/\/api.w.org\/{rel}","templated":true}]}}